{"id":1085,"date":"2024-04-19T10:44:55","date_gmt":"2024-04-19T10:44:55","guid":{"rendered":"https:\/\/vetnacare.com\/?page_id=1085"},"modified":"2025-02-19T07:03:53","modified_gmt":"2025-02-19T07:03:53","slug":"vetnavit-maxi-cardioplus","status":"publish","type":"page","link":"https:\/\/vetnacare.com\/en\/vetnavit-maxi-cardioplus\/","title":{"rendered":"VetNaVit MAXI CardioPlus"},"content":{"rendered":"<section class=\"section\" id=\"section_140301614\">\n\t\t<div class=\"bg section-bg fill bg-fill bg-loaded bg-loaded\" >\n\n\t\t\t\n\t\t\t\n\t\t\t\n\n\t\t<\/div>\n\n\t\t\n\t<div class=\"ux-shape-divider ux-shape-divider--bottom ux-shape-divider--style-waves-opacity\">\n\t\t<svg viewbox=\"0 0 1000 300\" xmlns=\"http:\/\/www.w3.org\/2000\/svg\" preserveaspectratio=\"none\">\n    <path class=\"ux-shape-fill\" d=\"M0 300L-1 69.71C216 57 299.47 198.86 403 226C506 253 577 196 660 197C740 198 790.09 234.07 874 267C935.23 291 982 282.61 1000 277.61V300H0Z\"\/>\n    <path class=\"ux-shape-fill\" opacity=\"0.5\" d=\"M1 265.094L0 50.5C217 37.79 300.47 186.36 404 213.5C507 240.5 578 196.5 661 197.5C741 198.5 787.59 239.57 871.5 272.5C932.73 296.5 980.5 284.5 998.5 279.5V298.5L1 265.094Z\"\/>\n    <path class=\"ux-shape-fill\" opacity=\"0.15\" d=\"M0.999878 244.094L-0.00012207 27C217 14.29 300.47 173.86 404 201C507 228 578 196 661 197C741 198 787.59 243.07 871.5 276C932.73 300 980.5 284.5 998.5 279.5V299L0.999878 244.094Z\"\/>\n<\/svg>\n\n\t<\/div>\n\n\t\t<div class=\"section-content relative\">\n\t\t\t\n\n\t<div id=\"gap-2139050402\" class=\"gap-element clearfix\" style=\"display:block; height:auto;\">\n\t\t\n<style>\n#gap-2139050402 {\n  padding-top: 75px;\n}\n<\/style>\n\t<\/div>\n\t\n\n<div class=\"row row-collapse row-full-width align-middle\"  id=\"row-2127523496\">\n\n\n\t<div id=\"col-1317334474\" class=\"col medium-6 small-12 large-6\"  >\n\t\t\t\t<div class=\"col-inner text-center\"  >\n\t\t\t\n\t<div class=\"is-border\"\n\t\tstyle=\"border-width:0px 0px 0px 0px;\">\n\t<\/div>\n\t\t\t\n\n\t<div class=\"img has-hover x md-x lg-x y md-y lg-y\" id=\"image_887182129\">\n\t\t\t\t\t\t\t\t<div class=\"img-inner dark\" >\n\t\t\t<img loading=\"lazy\" decoding=\"async\" width=\"1000\" height=\"1000\" src=\"https:\/\/vetnacare.com\/wp-content\/uploads\/2024\/04\/CardioPlus-Maxi-2024-KUTU.png\" class=\"attachment-original size-original\" alt=\"\" srcset=\"https:\/\/vetnacare.com\/wp-content\/uploads\/2024\/04\/CardioPlus-Maxi-2024-KUTU.png 1000w, https:\/\/vetnacare.com\/wp-content\/uploads\/2024\/04\/CardioPlus-Maxi-2024-KUTU-300x300.png 300w, https:\/\/vetnacare.com\/wp-content\/uploads\/2024\/04\/CardioPlus-Maxi-2024-KUTU-150x150.png 150w, https:\/\/vetnacare.com\/wp-content\/uploads\/2024\/04\/CardioPlus-Maxi-2024-KUTU-768x768.png 768w, https:\/\/vetnacare.com\/wp-content\/uploads\/2024\/04\/CardioPlus-Maxi-2024-KUTU-12x12.png 12w\" sizes=\"auto, (max-width: 1000px) 100vw, 1000px\" \/>\t\t\t\t\t\t\n\t\t\t\t\t<\/div>\n\t\t\t\t\t\t\t\t\n<style>\n#image_887182129 {\n  width: 65%;\n}\n<\/style>\n\t<\/div>\n\t\n\n\n\t\t<\/div>\n\t\t\t\t\t<\/div>\n\n\t\n\n\t<div id=\"col-851890819\" class=\"col medium-5 small-12 large-5\"  >\n\t\t\t\t<div class=\"col-inner\"  >\n\t\t\t\n\t<div class=\"is-border\"\n\t\tstyle=\"border-width:0px 0px 0px 0px;\">\n\t<\/div>\n\t\t\t\n\n\t<div id=\"text-3395727299\" class=\"text\">\n\t\t\n\n<p>Immune System Support<\/p>\n\t\t\n<style>\n#text-3395727299 {\n  font-size: 0.75rem;\n  line-height: 0.75;\n  color: rgb(148, 149, 153);\n}\n#text-3395727299 > * {\n  color: rgb(148, 149, 153);\n}\n<\/style>\n\t<\/div>\n\t\n\t<div id=\"text-4237453520\" class=\"text\">\n\t\t\n\n<h2><strong>VetNaVit MAXI CardioPlus<\/strong><\/h2>\n\t\t\n<style>\n#text-4237453520 {\n  font-size: 1.35rem;\n  color: rgb(149, 24, 97);\n}\n#text-4237453520 > * {\n  color: rgb(149, 24, 97);\n}\n<\/style>\n\t<\/div>\n\t\n\t<div id=\"text-1199194801\" class=\"text\">\n\t\t\n\n<p>Vetnavit CardioPlus; K\u00f6peklerde dola\u015f\u0131m sisteminin normal fonksiyonlar\u0131n\u0131 desteklemeye y\u00f6nelik kullan\u0131lmak \u00fczere form\u00fcle edilmi\u015ftir. G\u00fc\u00e7l\u00fc kalp kaslar\u0131n\u0131 desteklemek, dola\u015f\u0131m\u0131 te\u015fvik etmek, kardiyovask\u00fcler fonksiyonu desteklemek i\u00e7in, optimum performans i\u00e7in kalp kaslar\u0131n\u0131 destekler ve sa\u011fl\u0131kl\u0131 bir kalp ritmini s\u00fcrd\u00fcrmek i\u00e7in, k\u00f6peklere y\u00f6nelik bir kalp sa\u011fl\u0131\u011f\u0131 takviyesidir. Taurin, L-karnitin, CoQ10 ve ya\u011f asitleri i\u00e7eren etkili form\u00fcl\u00fc ile k\u00f6pekler i\u00e7in \u00fcretilmi\u015ftir.<\/p>\n\n\t\t\n<style>\n#text-1199194801 {\n  font-size: 1.05rem;\n  text-align: left;\n}\n<\/style>\n\t<\/div>\n\t\n<a href=\"#ozellik\" target=\"_self\" class=\"button primary\"  style=\"border-radius:10px;\">\n    <span>See features<\/span>\n  <\/a>\n\n\n\n\t\t<\/div>\n\t\t\t\t\t<\/div>\n\n\t\n\n<\/div>\n\t<div id=\"gap-808447652\" class=\"gap-element clearfix\" style=\"display:block; height:auto;\">\n\t\t\n<style>\n#gap-808447652 {\n  padding-top: 30px;\n}\n<\/style>\n\t<\/div>\n\t\n\n\n\t\t<\/div>\n\n\t\t\n<style>\n#section_140301614 {\n  padding-top: 0px;\n  padding-bottom: 0px;\n  background-color: rgb(243, 238, 227);\n}\n#section_140301614 .ux-shape-divider--top svg {\n  height: 150px;\n  --divider-top-width: 100%;\n}\n#section_140301614 .ux-shape-divider--bottom svg {\n  height: 150px;\n  --divider-width: 168%;\n}\n<\/style>\n\t<\/section>\n\t\n\t<section class=\"section\" id=\"section_1155204865\">\n\t\t<div class=\"bg section-bg fill bg-fill bg-loaded bg-loaded\" >\n\n\t\t\t\n\t\t\t\n\t\t\t\n\n\t\t<\/div>\n\n\t\t\n\n\t\t<div class=\"section-content relative\">\n\t\t\t\n\n<span class=\"scroll-to\" data-label=\"Scroll to: #ozellik\" data-bullet=\"false\" data-link=\"#ozellik\" data-title=\"Change this\"><a name=\"ozellik\"><\/a><\/span>\n\n<div class=\"row\"  id=\"row-903033054\">\n\n\n\t<div id=\"col-699286499\" class=\"col medium-6 small-12 large-6\"  >\n\t\t\t\t<div class=\"col-inner\"  >\n\t\t\t\n\t\t\t\n\n<h3>Usage Advice<\/h3>\n<p>Unless recommended otherwise by the veterinarian, 1 pack\/day for every 15 kg body weight in dogs should be used directly orally or mixed with food regularly to support the treatment.<\/p>\n<h4><strong>Active Ingredients \/ 1 Pack, 9 g<\/strong><\/h4>\n<p>(<span class=\"hljs-number\">3<\/span>a910) L-Karnitin <span class=\"hljs-number\">360<\/span> mg <br \/>(<span class=\"hljs-number\">3<\/span>a370) L-Taurin <span class=\"hljs-number\">180<\/span> mg <br \/>(<span class=\"hljs-number\">3<\/span>a700) Vitamin E <span class=\"hljs-number\">60<\/span> mg <br \/>(<span class=\"hljs-number\">3<\/span>a316) Folik Asit <span class=\"hljs-number\">3<\/span> mg <br \/>(<span class=\"hljs-number\">3<\/span>c3.<span class=\"hljs-number\">6.1<\/span>) Arjinin <span class=\"hljs-number\">15<\/span> mg <br \/>(<span class=\"hljs-number\">3<\/span>c) L-Glutamin <span class=\"hljs-number\">15<\/span> mg <br \/>(<span class=\"hljs-number\">4<\/span>d) N, N-Dimetilglisin Hidroklor\u00fcr <span class=\"hljs-number\">135<\/span> mg <br \/>(<span class=\"hljs-number\">3<\/span>a671) Vitamin D\u2083 <span class=\"hljs-number\">0<\/span>,<span class=\"hljs-number\">06<\/span> mg <br \/>(E345) Magnezyum (Magnezyum Oksit) <span class=\"hljs-number\">1<\/span>,<span class=\"hljs-number\">5<\/span> mg <br \/>Koenzim <span class=\"hljs-selector-tag\">Q<\/span> <span class=\"hljs-number\">30<\/span> mg<\/p>\n<h3>Inactive Content<\/h3>\n<p data-start=\"47\" data-end=\"358\"><strong data-start=\"47\" data-end=\"59\">(1.1.18)<\/strong> S\u0131v\u0131 malt ekstresi (arpa), <strong data-start=\"87\" data-end=\"99\">(13.3.6)<\/strong> Maltodekstrin, <strong data-start=\"115\" data-end=\"125\">(E414)<\/strong> Arabik gum, <strong data-start=\"138\" data-end=\"148\">(E466)<\/strong> Karboksilmetil sel\u00fcloz, <strong data-start=\"173\" data-end=\"183\">(E422)<\/strong> Gliserin, <strong data-start=\"194\" data-end=\"206\">(2.20.1)<\/strong> Bitkisel s\u0131v\u0131 ve kat\u0131 ya\u011flar, <strong data-start=\"237\" data-end=\"247\">(E202)<\/strong> Potasyum sorbat, <strong data-start=\"265\" data-end=\"276\">(1a700)<\/strong> Sodyum Benzoat, <strong data-start=\"293\" data-end=\"305\">(1c322i)<\/strong> S\u0131v\u0131 lesitin, <strong data-start=\"320\" data-end=\"328\">(2b)<\/strong> Do\u011fayla \u00f6zde\u015f ci\u011fer aromas\u0131<\/p>\n<p data-start=\"360\" data-end=\"383\" data-is-last-node=\"\"><strong data-start=\"360\" data-end=\"383\" data-is-last-node=\"\">Nem \/ en \u00e7ok : % 35<\/strong><\/p>\n\n\t\t<\/div>\n\t\t\t\t\t<\/div>\n\n\t\n\n\t<div id=\"col-1533015492\" class=\"col medium-6 small-12 large-6\"  >\n\t\t\t\t<div class=\"col-inner text-center\"  >\n\t\t\t\n\t\t\t\n\n\t<div class=\"img has-hover x md-x lg-x y md-y lg-y\" id=\"image_543184103\">\n\t\t\t\t\t\t\t\t<div class=\"img-inner dark\" >\n\t\t\t<img loading=\"lazy\" decoding=\"async\" width=\"4000\" height=\"5378\" src=\"https:\/\/vetnacare.com\/wp-content\/uploads\/2024\/04\/CARDIO-PLUS-FRONT-BACK.png\" class=\"attachment-original size-original\" alt=\"\" srcset=\"https:\/\/vetnacare.com\/wp-content\/uploads\/2024\/04\/CARDIO-PLUS-FRONT-BACK.png 4000w, https:\/\/vetnacare.com\/wp-content\/uploads\/2024\/04\/CARDIO-PLUS-FRONT-BACK-223x300.png 223w, https:\/\/vetnacare.com\/wp-content\/uploads\/2024\/04\/CARDIO-PLUS-FRONT-BACK-762x1024.png 762w, https:\/\/vetnacare.com\/wp-content\/uploads\/2024\/04\/CARDIO-PLUS-FRONT-BACK-768x1033.png 768w, https:\/\/vetnacare.com\/wp-content\/uploads\/2024\/04\/CARDIO-PLUS-FRONT-BACK-1142x1536.png 1142w, https:\/\/vetnacare.com\/wp-content\/uploads\/2024\/04\/CARDIO-PLUS-FRONT-BACK-1523x2048.png 1523w, https:\/\/vetnacare.com\/wp-content\/uploads\/2024\/04\/CARDIO-PLUS-FRONT-BACK-9x12.png 9w\" sizes=\"auto, (max-width: 4000px) 100vw, 4000px\" \/>\t\t\t\t\t\t\n\t\t\t\t\t<\/div>\n\t\t\t\t\t\t\t\t\n<style>\n#image_543184103 {\n  width: 74%;\n}\n<\/style>\n\t<\/div>\n\t\n\n\n\t\t<\/div>\n\t\t\t\t\t<\/div>\n\n\t\n\n<\/div>\n\n\t\t<\/div>\n\n\t\t\n<style>\n#section_1155204865 {\n  padding-top: 30px;\n  padding-bottom: 30px;\n}\n#section_1155204865 .ux-shape-divider--top svg {\n  height: 150px;\n  --divider-top-width: 100%;\n}\n#section_1155204865 .ux-shape-divider--bottom svg {\n  height: 150px;\n  --divider-width: 100%;\n}\n<\/style>\n\t<\/section>","protected":false},"excerpt":{"rendered":"","protected":false},"author":1,"featured_media":0,"parent":0,"menu_order":0,"comment_status":"closed","ping_status":"closed","template":"page-blank.php","meta":{"footnotes":""},"class_list":["post-1085","page","type-page","status-publish","hentry"],"_links":{"self":[{"href":"https:\/\/vetnacare.com\/en\/wp-json\/wp\/v2\/pages\/1085","targetHints":{"allow":["GET"]}}],"collection":[{"href":"https:\/\/vetnacare.com\/en\/wp-json\/wp\/v2\/pages"}],"about":[{"href":"https:\/\/vetnacare.com\/en\/wp-json\/wp\/v2\/types\/page"}],"author":[{"embeddable":true,"href":"https:\/\/vetnacare.com\/en\/wp-json\/wp\/v2\/users\/1"}],"replies":[{"embeddable":true,"href":"https:\/\/vetnacare.com\/en\/wp-json\/wp\/v2\/comments?post=1085"}],"version-history":[{"count":6,"href":"https:\/\/vetnacare.com\/en\/wp-json\/wp\/v2\/pages\/1085\/revisions"}],"predecessor-version":[{"id":1189,"href":"https:\/\/vetnacare.com\/en\/wp-json\/wp\/v2\/pages\/1085\/revisions\/1189"}],"wp:attachment":[{"href":"https:\/\/vetnacare.com\/en\/wp-json\/wp\/v2\/media?parent=1085"}],"curies":[{"name":"wp","href":"https:\/\/api.w.org\/{rel}","templated":true}]}}