{"id":1087,"date":"2024-04-19T10:45:11","date_gmt":"2024-04-19T10:45:11","guid":{"rendered":"https:\/\/vetnacare.com\/?page_id=1087"},"modified":"2025-02-19T08:07:37","modified_gmt":"2025-02-19T08:07:37","slug":"vetnavit-maxi-renalplus","status":"publish","type":"page","link":"https:\/\/vetnacare.com\/en\/vetnavit-maxi-renalplus\/","title":{"rendered":"VetNaVit MAXI RenalPlus"},"content":{"rendered":"<section class=\"section\" id=\"section_1675223114\">\n\t\t<div class=\"bg section-bg fill bg-fill bg-loaded bg-loaded\" >\n\n\t\t\t\n\t\t\t\n\t\t\t\n\n\t\t<\/div>\n\n\t\t\n\t<div class=\"ux-shape-divider ux-shape-divider--bottom ux-shape-divider--style-waves-opacity\">\n\t\t<svg viewbox=\"0 0 1000 300\" xmlns=\"http:\/\/www.w3.org\/2000\/svg\" preserveaspectratio=\"none\">\n    <path class=\"ux-shape-fill\" d=\"M0 300L-1 69.71C216 57 299.47 198.86 403 226C506 253 577 196 660 197C740 198 790.09 234.07 874 267C935.23 291 982 282.61 1000 277.61V300H0Z\"\/>\n    <path class=\"ux-shape-fill\" opacity=\"0.5\" d=\"M1 265.094L0 50.5C217 37.79 300.47 186.36 404 213.5C507 240.5 578 196.5 661 197.5C741 198.5 787.59 239.57 871.5 272.5C932.73 296.5 980.5 284.5 998.5 279.5V298.5L1 265.094Z\"\/>\n    <path class=\"ux-shape-fill\" opacity=\"0.15\" d=\"M0.999878 244.094L-0.00012207 27C217 14.29 300.47 173.86 404 201C507 228 578 196 661 197C741 198 787.59 243.07 871.5 276C932.73 300 980.5 284.5 998.5 279.5V299L0.999878 244.094Z\"\/>\n<\/svg>\n\n\t<\/div>\n\n\t\t<div class=\"section-content relative\">\n\t\t\t\n\n\t<div id=\"gap-1118814177\" class=\"gap-element clearfix\" style=\"display:block; height:auto;\">\n\t\t\n<style>\n#gap-1118814177 {\n  padding-top: 75px;\n}\n<\/style>\n\t<\/div>\n\t\n\n<div class=\"row row-collapse row-full-width align-middle\"  id=\"row-2040878669\">\n\n\n\t<div id=\"col-1380114919\" class=\"col medium-6 small-12 large-6\"  >\n\t\t\t\t<div class=\"col-inner text-center\"  >\n\t\t\t\n\t<div class=\"is-border\"\n\t\tstyle=\"border-width:0px 0px 0px 0px;\">\n\t<\/div>\n\t\t\t\n\n\t<div class=\"img has-hover x md-x lg-x y md-y lg-y\" id=\"image_759387109\">\n\t\t\t\t\t\t\t\t<div class=\"img-inner dark\" >\n\t\t\t<img loading=\"lazy\" decoding=\"async\" width=\"1000\" height=\"1000\" src=\"https:\/\/vetnacare.com\/wp-content\/uploads\/2024\/04\/RenalPlus-Maxi-2024-KUTU.png\" class=\"attachment-original size-original\" alt=\"\" srcset=\"https:\/\/vetnacare.com\/wp-content\/uploads\/2024\/04\/RenalPlus-Maxi-2024-KUTU.png 1000w, https:\/\/vetnacare.com\/wp-content\/uploads\/2024\/04\/RenalPlus-Maxi-2024-KUTU-300x300.png 300w, https:\/\/vetnacare.com\/wp-content\/uploads\/2024\/04\/RenalPlus-Maxi-2024-KUTU-150x150.png 150w, https:\/\/vetnacare.com\/wp-content\/uploads\/2024\/04\/RenalPlus-Maxi-2024-KUTU-768x768.png 768w, https:\/\/vetnacare.com\/wp-content\/uploads\/2024\/04\/RenalPlus-Maxi-2024-KUTU-12x12.png 12w\" sizes=\"auto, (max-width: 1000px) 100vw, 1000px\" \/>\t\t\t\t\t\t\n\t\t\t\t\t<\/div>\n\t\t\t\t\t\t\t\t\n<style>\n#image_759387109 {\n  width: 65%;\n}\n<\/style>\n\t<\/div>\n\t\n\n\n\t\t<\/div>\n\t\t\t\t\t<\/div>\n\n\t\n\n\t<div id=\"col-193277242\" class=\"col medium-4 small-12 large-4\"  >\n\t\t\t\t<div class=\"col-inner\"  >\n\t\t\t\n\t<div class=\"is-border\"\n\t\tstyle=\"border-width:0px 0px 0px 0px;\">\n\t<\/div>\n\t\t\t\n\n\t<div id=\"text-403755341\" class=\"text\">\n\t\t\n\n<p>Immune System Support<\/p>\n\t\t\n<style>\n#text-403755341 {\n  font-size: 0.75rem;\n  line-height: 0.75;\n  color: rgb(148, 149, 153);\n}\n#text-403755341 > * {\n  color: rgb(148, 149, 153);\n}\n<\/style>\n\t<\/div>\n\t\n\t<div id=\"text-773339975\" class=\"text\">\n\t\t\n\n<h2>VetNaVit MAXI RenalPlus<\/h2>\n\t\t\n<style>\n#text-773339975 {\n  font-size: 1.35rem;\n  color: rgb(47, 155, 141);\n}\n#text-773339975 > * {\n  color: rgb(47, 155, 141);\n}\n<\/style>\n\t<\/div>\n\t\n\t<div id=\"text-3131755979\" class=\"text\">\n\t\t\n\n<p data-start=\"76\" data-end=\"582\"><strong data-start=\"76\" data-end=\"98\">VetnaVit RenalPlus<\/strong>, K\u00f6pekler i\u00e7in b\u00f6brek sa\u011fl\u0131\u011f\u0131n\u0131n optimal d\u00fczeyde korunmas\u0131na yard\u0131mc\u0131 olmak \u00fczere form\u00fcle edilmi\u015f b\u00f6brek takviyesidir. Bu takviye \u00f6zellikle k\u00f6peklerde, b\u00f6breklerdeki kan ak\u0131\u015f\u0131n\u0131 te\u015fvik ederek sa\u011fl\u0131kl\u0131 b\u00f6brek fonksiyonunu destekler; bu da b\u00f6breklerin fazla s\u0131v\u0131y\u0131 ve at\u0131k \u00fcr\u00fcnleri kandan filtreleyerek idrara aktar\u0131p v\u00fccuttan at\u0131lmas\u0131na yard\u0131mc\u0131 olur. Sa\u011fl\u0131kl\u0131 dola\u015f\u0131m ve filtreleme, b\u00f6brek fonksiyonunun, uygun mineral dengesinin ve normal s\u0131v\u0131 tutulumunun korunmas\u0131na yard\u0131mc\u0131 olur.<\/p>\n\t\t\n<style>\n#text-3131755979 {\n  font-size: 1.05rem;\n  text-align: left;\n}\n<\/style>\n\t<\/div>\n\t\n<a href=\"#ozellik\" target=\"_self\" class=\"button primary\"  style=\"border-radius:10px;\">\n    <span>See features<\/span>\n  <\/a>\n\n\n\n\t\t<\/div>\n\t\t\t\t\t<\/div>\n\n\t\n\n<\/div>\n\t<div id=\"gap-503591708\" class=\"gap-element clearfix\" style=\"display:block; height:auto;\">\n\t\t\n<style>\n#gap-503591708 {\n  padding-top: 30px;\n}\n<\/style>\n\t<\/div>\n\t\n\n\n\t\t<\/div>\n\n\t\t\n<style>\n#section_1675223114 {\n  padding-top: 0px;\n  padding-bottom: 0px;\n  background-color: rgb(243, 238, 227);\n}\n#section_1675223114 .ux-shape-divider--top svg {\n  height: 150px;\n  --divider-top-width: 100%;\n}\n#section_1675223114 .ux-shape-divider--bottom svg {\n  height: 150px;\n  --divider-width: 168%;\n}\n<\/style>\n\t<\/section>\n\t\n\t<section class=\"section\" id=\"section_1836400247\">\n\t\t<div class=\"bg section-bg fill bg-fill bg-loaded bg-loaded\" >\n\n\t\t\t\n\t\t\t\n\t\t\t\n\n\t\t<\/div>\n\n\t\t\n\n\t\t<div class=\"section-content relative\">\n\t\t\t\n\n<span class=\"scroll-to\" data-label=\"Scroll to: #ozellik\" data-bullet=\"false\" data-link=\"#ozellik\" data-title=\"Change this\"><a name=\"ozellik\"><\/a><\/span>\n\n<div class=\"row\"  id=\"row-1072363876\">\n\n\n\t<div id=\"col-1431783373\" class=\"col medium-6 small-12 large-6\"  >\n\t\t\t\t<div class=\"col-inner\"  >\n\t\t\t\n\t\t\t\n\n<h3>Usage Advice<\/h3>\n<p>Unless recommended otherwise by the veterinarian, 1 pack\/day for every 15 kg body weight in dogs should be used directly orally or mixed with food regularly to support the treatment.<\/p>\n<h4><strong>Active Ingredients \/ 1 Pack, 9 g<\/strong><\/h4>\n<p><strong data-start=\"876\" data-end=\"884\">(2b)<\/strong> Geven Otu Ekstresi \u2013 <strong data-start=\"906\" data-end=\"916\">130 mg<br \/><\/strong><strong data-start=\"921\" data-end=\"929\">(2b)<\/strong> Rehmannia Glutisona K\u00f6k Ekstresi \u2013 <strong data-start=\"965\" data-end=\"975\">100 mg<br \/><\/strong><strong data-start=\"980\" data-end=\"988\">(2b)<\/strong> Is\u0131rgan Otu Ekstresi \u2013 <strong data-start=\"1012\" data-end=\"1022\">100 mg<br \/><\/strong><strong data-start=\"1027\" data-end=\"1040\">(3c3.6.1)<\/strong> Arjinin \u2013 <strong data-start=\"1051\" data-end=\"1061\">104 mg<br \/><\/strong><strong data-start=\"1066\" data-end=\"1074\">(4d)<\/strong> N, N-Dimetilglisin Hidroklor\u00fcr \u2013 <strong data-start=\"1108\" data-end=\"1117\">54 mg<br \/><\/strong><strong data-start=\"1122\" data-end=\"1130\">(3a)<\/strong> Inositol \u2013 <strong data-start=\"1142\" data-end=\"1151\">18 mg<br \/><\/strong><strong data-start=\"1156\" data-end=\"1167\">(3a831)<\/strong> Piridoksin Hidroklor\u00fcr (B6 Vitamini) \u2013 <strong data-start=\"1207\" data-end=\"1216\">18 mg<br \/><\/strong><strong data-start=\"1221\" data-end=\"1232\">(3a880)<\/strong> Tiamin Hidroklor\u00fcr (B1 Vitamini) \u2013 <strong data-start=\"1268\" data-end=\"1276\">9 mg<br \/><\/strong><strong data-start=\"1281\" data-end=\"1292\">(3a826)<\/strong> Riboflavin (B1 Vitamini) \u2013 <strong data-start=\"1320\" data-end=\"1328\">9 mg<br \/><\/strong><strong data-start=\"1333\" data-end=\"1344\">(3a316)<\/strong> Folik Asit \u2013 <strong data-start=\"1358\" data-end=\"1369\">0,36 mg<\/strong><\/p>\n<h3>Inactive Content<\/h3>\n<p><strong data-start=\"1405\" data-end=\"1417\">(1.1.18)<\/strong> S\u0131v\u0131 malt ekstresi (arpa)<br \/><strong data-start=\"1448\" data-end=\"1460\">(13.3.6)<\/strong> Maltodekstrin<br \/><strong data-start=\"1479\" data-end=\"1489\">(E414)<\/strong> Arabik gum<br \/><strong data-start=\"1505\" data-end=\"1515\">(E466)<\/strong> Karboksilmetil sel\u00fcloz<br \/><strong data-start=\"1543\" data-end=\"1553\">(E422)<\/strong> Gliserin<br \/><strong data-start=\"1567\" data-end=\"1579\">(2.20.1)<\/strong> Bitkisel s\u0131v\u0131 ve kat\u0131 ya\u011flar<br \/><strong data-start=\"1613\" data-end=\"1623\">(E202)<\/strong> Potasyum sorbat<br \/><strong data-start=\"1644\" data-end=\"1655\">(1a700)<\/strong> Sodyum Benzoat<br \/><strong data-start=\"1675\" data-end=\"1687\">(1c322i)<\/strong> S\u0131v\u0131 lesitin<br \/><strong data-start=\"1705\" data-end=\"1713\">(2b)<\/strong> Do\u011fayla \u00f6zde\u015f ci\u011fer aromas\u0131<\/p>\n<p data-start=\"1745\" data-end=\"1770\"><strong data-start=\"1745\" data-end=\"1768\">Nem \/ en \u00e7ok : % 35<\/strong><\/p>\n\n\t\t<\/div>\n\t\t\t\t\t<\/div>\n\n\t\n\n\t<div id=\"col-1537205224\" class=\"col medium-6 small-12 large-6\"  >\n\t\t\t\t<div class=\"col-inner text-center\"  >\n\t\t\t\n\t\t\t\n\n\t<div class=\"img has-hover x md-x lg-x y md-y lg-y\" id=\"image_167649260\">\n\t\t\t\t\t\t\t\t<div class=\"img-inner dark\" >\n\t\t\t<img loading=\"lazy\" decoding=\"async\" width=\"4000\" height=\"5378\" src=\"https:\/\/vetnacare.com\/wp-content\/uploads\/2024\/04\/RENAL-PLUS-FRONT-BACK.png\" class=\"attachment-original size-original\" alt=\"\" srcset=\"https:\/\/vetnacare.com\/wp-content\/uploads\/2024\/04\/RENAL-PLUS-FRONT-BACK.png 4000w, https:\/\/vetnacare.com\/wp-content\/uploads\/2024\/04\/RENAL-PLUS-FRONT-BACK-223x300.png 223w, https:\/\/vetnacare.com\/wp-content\/uploads\/2024\/04\/RENAL-PLUS-FRONT-BACK-762x1024.png 762w, https:\/\/vetnacare.com\/wp-content\/uploads\/2024\/04\/RENAL-PLUS-FRONT-BACK-768x1033.png 768w, https:\/\/vetnacare.com\/wp-content\/uploads\/2024\/04\/RENAL-PLUS-FRONT-BACK-1142x1536.png 1142w, https:\/\/vetnacare.com\/wp-content\/uploads\/2024\/04\/RENAL-PLUS-FRONT-BACK-1523x2048.png 1523w, https:\/\/vetnacare.com\/wp-content\/uploads\/2024\/04\/RENAL-PLUS-FRONT-BACK-9x12.png 9w\" sizes=\"auto, (max-width: 4000px) 100vw, 4000px\" \/>\t\t\t\t\t\t\n\t\t\t\t\t<\/div>\n\t\t\t\t\t\t\t\t\n<style>\n#image_167649260 {\n  width: 74%;\n}\n<\/style>\n\t<\/div>\n\t\n\n\n\t\t<\/div>\n\t\t\t\t\t<\/div>\n\n\t\n\n<\/div>\n\n\t\t<\/div>\n\n\t\t\n<style>\n#section_1836400247 {\n  padding-top: 30px;\n  padding-bottom: 30px;\n}\n#section_1836400247 .ux-shape-divider--top svg {\n  height: 150px;\n  --divider-top-width: 100%;\n}\n#section_1836400247 .ux-shape-divider--bottom svg {\n  height: 150px;\n  --divider-width: 100%;\n}\n<\/style>\n\t<\/section>","protected":false},"excerpt":{"rendered":"","protected":false},"author":1,"featured_media":0,"parent":0,"menu_order":0,"comment_status":"closed","ping_status":"closed","template":"page-blank.php","meta":{"footnotes":""},"class_list":["post-1087","page","type-page","status-publish","hentry"],"_links":{"self":[{"href":"https:\/\/vetnacare.com\/en\/wp-json\/wp\/v2\/pages\/1087","targetHints":{"allow":["GET"]}}],"collection":[{"href":"https:\/\/vetnacare.com\/en\/wp-json\/wp\/v2\/pages"}],"about":[{"href":"https:\/\/vetnacare.com\/en\/wp-json\/wp\/v2\/types\/page"}],"author":[{"embeddable":true,"href":"https:\/\/vetnacare.com\/en\/wp-json\/wp\/v2\/users\/1"}],"replies":[{"embeddable":true,"href":"https:\/\/vetnacare.com\/en\/wp-json\/wp\/v2\/comments?post=1087"}],"version-history":[{"count":4,"href":"https:\/\/vetnacare.com\/en\/wp-json\/wp\/v2\/pages\/1087\/revisions"}],"predecessor-version":[{"id":1194,"href":"https:\/\/vetnacare.com\/en\/wp-json\/wp\/v2\/pages\/1087\/revisions\/1194"}],"wp:attachment":[{"href":"https:\/\/vetnacare.com\/en\/wp-json\/wp\/v2\/media?parent=1087"}],"curies":[{"name":"wp","href":"https:\/\/api.w.org\/{rel}","templated":true}]}}