{"id":1089,"date":"2024-04-19T10:45:19","date_gmt":"2024-04-19T10:45:19","guid":{"rendered":"https:\/\/vetnacare.com\/?page_id=1089"},"modified":"2024-09-12T12:23:24","modified_gmt":"2024-09-12T12:23:24","slug":"vetnavit-cardioplus","status":"publish","type":"page","link":"https:\/\/vetnacare.com\/en\/vetnavit-cardioplus\/","title":{"rendered":"VetNaVit CardioPlus"},"content":{"rendered":"<section class=\"section\" id=\"section_1253140917\">\n\t\t<div class=\"bg section-bg fill bg-fill bg-loaded bg-loaded\" >\n\n\t\t\t\n\t\t\t\n\t\t\t\n\n\t\t<\/div>\n\n\t\t\n\t<div class=\"ux-shape-divider ux-shape-divider--bottom ux-shape-divider--style-waves-opacity\">\n\t\t<svg viewbox=\"0 0 1000 300\" xmlns=\"http:\/\/www.w3.org\/2000\/svg\" preserveaspectratio=\"none\">\n    <path class=\"ux-shape-fill\" d=\"M0 300L-1 69.71C216 57 299.47 198.86 403 226C506 253 577 196 660 197C740 198 790.09 234.07 874 267C935.23 291 982 282.61 1000 277.61V300H0Z\"\/>\n    <path class=\"ux-shape-fill\" opacity=\"0.5\" d=\"M1 265.094L0 50.5C217 37.79 300.47 186.36 404 213.5C507 240.5 578 196.5 661 197.5C741 198.5 787.59 239.57 871.5 272.5C932.73 296.5 980.5 284.5 998.5 279.5V298.5L1 265.094Z\"\/>\n    <path class=\"ux-shape-fill\" opacity=\"0.15\" d=\"M0.999878 244.094L-0.00012207 27C217 14.29 300.47 173.86 404 201C507 228 578 196 661 197C741 198 787.59 243.07 871.5 276C932.73 300 980.5 284.5 998.5 279.5V299L0.999878 244.094Z\"\/>\n<\/svg>\n\n\t<\/div>\n\n\t\t<div class=\"section-content relative\">\n\t\t\t\n\n\t<div id=\"gap-1384647881\" class=\"gap-element clearfix\" style=\"display:block; height:auto;\">\n\t\t\n<style>\n#gap-1384647881 {\n  padding-top: 75px;\n}\n<\/style>\n\t<\/div>\n\t\n\n<div class=\"row row-collapse row-full-width align-middle\"  id=\"row-2059027722\">\n\n\n\t<div id=\"col-1402706430\" class=\"col medium-6 small-12 large-6\"  >\n\t\t\t\t<div class=\"col-inner text-center\"  >\n\t\t\t\n\t<div class=\"is-border\"\n\t\tstyle=\"border-width:0px 0px 0px 0px;\">\n\t<\/div>\n\t\t\t\n\n\t<div class=\"img has-hover x md-x lg-x y md-y lg-y\" id=\"image_477587822\">\n\t\t\t\t\t\t\t\t<div class=\"img-inner dark\" >\n\t\t\t<img loading=\"lazy\" decoding=\"async\" width=\"1667\" height=\"1667\" src=\"https:\/\/vetnacare.com\/wp-content\/uploads\/2024\/09\/cardio-vetnavit.png\" class=\"attachment-original size-original\" alt=\"\" srcset=\"https:\/\/vetnacare.com\/wp-content\/uploads\/2024\/09\/cardio-vetnavit.png 1667w, https:\/\/vetnacare.com\/wp-content\/uploads\/2024\/09\/cardio-vetnavit-300x300.png 300w, https:\/\/vetnacare.com\/wp-content\/uploads\/2024\/09\/cardio-vetnavit-1024x1024.png 1024w, https:\/\/vetnacare.com\/wp-content\/uploads\/2024\/09\/cardio-vetnavit-150x150.png 150w, https:\/\/vetnacare.com\/wp-content\/uploads\/2024\/09\/cardio-vetnavit-768x768.png 768w, https:\/\/vetnacare.com\/wp-content\/uploads\/2024\/09\/cardio-vetnavit-1536x1536.png 1536w, https:\/\/vetnacare.com\/wp-content\/uploads\/2024\/09\/cardio-vetnavit-12x12.png 12w\" sizes=\"auto, (max-width: 1667px) 100vw, 1667px\" \/>\t\t\t\t\t\t\n\t\t\t\t\t<\/div>\n\t\t\t\t\t\t\t\t\n<style>\n#image_477587822 {\n  width: 76%;\n}\n<\/style>\n\t<\/div>\n\t\n\n\n\t\t<\/div>\n\t\t\t\t\t<\/div>\n\n\t\n\n\t<div id=\"col-187224948\" class=\"col medium-4 small-12 large-4\"  >\n\t\t\t\t<div class=\"col-inner\"  >\n\t\t\t\n\t<div class=\"is-border\"\n\t\tstyle=\"border-width:0px 0px 0px 0px;\">\n\t<\/div>\n\t\t\t\n\n\t<div id=\"text-1946345627\" class=\"text\">\n\t\t\n\n<p>Urinary Tract support<\/p>\n\t\t\n<style>\n#text-1946345627 {\n  font-size: 0.75rem;\n  line-height: 0.75;\n  color: rgb(148, 149, 153);\n}\n#text-1946345627 > * {\n  color: rgb(148, 149, 153);\n}\n<\/style>\n\t<\/div>\n\t\n\t<div id=\"text-527360932\" class=\"text\">\n\t\t\n\n<h2><strong>VetNaVit CardioPlus<\/strong><\/h2>\n\t\t\n<style>\n#text-527360932 {\n  font-size: 1.35rem;\n  color: rgb(206, 78, 137);\n}\n#text-527360932 > * {\n  color: rgb(206, 78, 137);\n}\n<\/style>\n\t<\/div>\n\t\n\t<div id=\"text-2620735170\" class=\"text\">\n\t\t\n\n<p><strong>Vetnavit CardioPlus;<\/strong> Kedi ve k\u00f6peklerde dola\u015f\u0131m sisteminin normal fonksiyonlar\u0131n\u0131 desteklemeye y\u00f6nelik kullan\u0131lmak \u00fczere form\u00fcle edilmi\u015ftir. G\u00fc\u00e7l\u00fc kalp kaslar\u0131n\u0131 desteklemek, dola\u015f\u0131m\u0131 te\u015fvik etmek, kardiyovask\u00fcler fonksiyonu desteklemek i\u00e7in, optimum performans i\u00e7in kalp kaslar\u0131n\u0131 destekler ve sa\u011fl\u0131kl\u0131 bir kalp ritmini s\u00fcrd\u00fcrmek i\u00e7in, k\u00f6peklere ve kedilere y\u00f6nelik bir kalp sa\u011fl\u0131\u011f\u0131 takviyesidir. Taurin, L-karnitin, CoQ10 ve ya\u011f asitleri i\u00e7eren etkili form\u00fcl\u00fc ile hem k\u00f6pekler hem de kediler i\u00e7in \u00fcretilmi\u015ftir.<\/p>\n\t\t\n<style>\n#text-2620735170 {\n  font-size: 1.05rem;\n  text-align: left;\n}\n<\/style>\n\t<\/div>\n\t\n<a href=\"#ozellik\" target=\"_self\" class=\"button primary\"  style=\"border-radius:10px;\">\n    <span>See features<\/span>\n  <\/a>\n\n\n\n\t\t<\/div>\n\t\t\t\t\t<\/div>\n\n\t\n\n<\/div>\n\t<div id=\"gap-2051801701\" class=\"gap-element clearfix\" style=\"display:block; height:auto;\">\n\t\t\n<style>\n#gap-2051801701 {\n  padding-top: 30px;\n}\n<\/style>\n\t<\/div>\n\t\n\n<span class=\"scroll-to\" data-label=\"Scroll to: #ozellik\" data-bullet=\"false\" data-link=\"#ozellik\" data-title=\"Change this\"><a name=\"ozellik\"><\/a><\/span>\n\n\n\t\t<\/div>\n\n\t\t\n<style>\n#section_1253140917 {\n  padding-top: 0px;\n  padding-bottom: 0px;\n  background-color: rgb(243, 238, 227);\n}\n#section_1253140917 .ux-shape-divider--top svg {\n  height: 150px;\n  --divider-top-width: 100%;\n}\n#section_1253140917 .ux-shape-divider--bottom svg {\n  height: 150px;\n  --divider-width: 100%;\n}\n<\/style>\n\t<\/section>\n\t\n\t<section class=\"section\" id=\"section_1992695204\">\n\t\t<div class=\"bg section-bg fill bg-fill bg-loaded bg-loaded\" >\n\n\t\t\t\n\t\t\t\n\t\t\t\n\n\t\t<\/div>\n\n\t\t\n\n\t\t<div class=\"section-content relative\">\n\t\t\t\n\n<div class=\"row\"  id=\"row-1373953005\">\n\n\n\t<div id=\"col-1725788501\" class=\"col medium-6 small-12 large-6\"  >\n\t\t\t\t<div class=\"col-inner\"  >\n\t\t\t\n\t\t\t\n\n<h3>Usage Advice<\/h3>\n<p>Veteriner hekim taraf\u0131ndan ba\u015fka bir \u015fekilde \u00f6nerilmediyse, tedaviye destek olmak amac\u0131yla kedi ve k\u00f6peklerde her 5 kg canl\u0131 a\u011f\u0131rl\u0131k i\u00e7in 1 paket\/g\u00fcn direkt mamaya kar\u0131\u015ft\u0131r\u0131larak d\u00fczenli olarak kullan\u0131lmal\u0131d\u0131r.<\/p>\n<h4><strong>Active Ingredients \/ 1 Pack, 5 g<\/strong><\/h4>\n<p>(3a910) L-Karnitin: 120 mg<br \/>(3a370) L-Taurin: 60 mg<br \/>(3a700) Vitamin E: 20 mg<br \/>(3a316) Folik Asit: 1 mg<br \/>(3c3.6.1) Arjinin: 5 mg<br \/>(3c) L-Glutamin: 5 mg<br \/>(4d) N, N-Dimetilglisin Hidroklor\u00fcr: 45 mg<br \/>(3a671) Vitamin D\u2083: 0,02 mg<br \/>(E345) Magnezyum (Magnezyum Oksit): 0,5 mg<br \/>Koenzim Q: 10 mg<\/p>\n<h3>Inactive Content<\/h3>\n<p>(1.1.18) S\u0131v\u0131 malt ekstresi (arpa) (13.3.6) Maltodekstrin (E414) Arabik gum (E466) Karboksilmetil sel\u00fcloz (E422) Gliserin (2.20.1) Bitkisel s\u0131v\u0131 ve kat\u0131 ya\u011flar (E202) Potasyum sorbat (1a700) Sodyum Benzoat (1c322i) S\u0131v\u0131 lesitin (2b) Do\u011fayla \u00f6zde\u015f ci\u011fer aromas\u0131 Nem \/ en \u00e7ok: % 35<\/p>\n\n\t\t<\/div>\n\t\t\t\t\t<\/div>\n\n\t\n\n\t<div id=\"col-1347731476\" class=\"col medium-6 small-12 large-6\"  >\n\t\t\t\t<div class=\"col-inner\"  >\n\t\t\t\n\t\t\t\n\n\t<div class=\"img has-hover x md-x lg-x y md-y lg-y\" id=\"image_1442106245\">\n\t\t\t\t\t\t\t\t<div class=\"img-inner dark\" >\n\t\t\t<img loading=\"lazy\" decoding=\"async\" width=\"4000\" height=\"4000\" src=\"https:\/\/vetnacare.com\/wp-content\/uploads\/2024\/09\/Cardio-stick.png\" class=\"attachment-original size-original\" alt=\"\" srcset=\"https:\/\/vetnacare.com\/wp-content\/uploads\/2024\/09\/Cardio-stick.png 4000w, https:\/\/vetnacare.com\/wp-content\/uploads\/2024\/09\/Cardio-stick-300x300.png 300w, https:\/\/vetnacare.com\/wp-content\/uploads\/2024\/09\/Cardio-stick-1024x1024.png 1024w, https:\/\/vetnacare.com\/wp-content\/uploads\/2024\/09\/Cardio-stick-150x150.png 150w, https:\/\/vetnacare.com\/wp-content\/uploads\/2024\/09\/Cardio-stick-768x768.png 768w, https:\/\/vetnacare.com\/wp-content\/uploads\/2024\/09\/Cardio-stick-1536x1536.png 1536w, https:\/\/vetnacare.com\/wp-content\/uploads\/2024\/09\/Cardio-stick-2048x2048.png 2048w, https:\/\/vetnacare.com\/wp-content\/uploads\/2024\/09\/Cardio-stick-12x12.png 12w\" sizes=\"auto, (max-width: 4000px) 100vw, 4000px\" \/>\t\t\t\t\t\t\n\t\t\t\t\t<\/div>\n\t\t\t\t\t\t\t\t\n<style>\n#image_1442106245 {\n  width: 100%;\n}\n<\/style>\n\t<\/div>\n\t\n\n\n\t\t<\/div>\n\t\t\t\t\t<\/div>\n\n\t\n\n<\/div>\n\n\t\t<\/div>\n\n\t\t\n<style>\n#section_1992695204 {\n  padding-top: 30px;\n  padding-bottom: 30px;\n}\n#section_1992695204 .ux-shape-divider--top svg {\n  height: 150px;\n  --divider-top-width: 100%;\n}\n#section_1992695204 .ux-shape-divider--bottom svg {\n  height: 150px;\n  --divider-width: 100%;\n}\n<\/style>\n\t<\/section>","protected":false},"excerpt":{"rendered":"","protected":false},"author":1,"featured_media":0,"parent":0,"menu_order":0,"comment_status":"closed","ping_status":"closed","template":"page-blank.php","meta":{"footnotes":""},"class_list":["post-1089","page","type-page","status-publish","hentry"],"_links":{"self":[{"href":"https:\/\/vetnacare.com\/en\/wp-json\/wp\/v2\/pages\/1089","targetHints":{"allow":["GET"]}}],"collection":[{"href":"https:\/\/vetnacare.com\/en\/wp-json\/wp\/v2\/pages"}],"about":[{"href":"https:\/\/vetnacare.com\/en\/wp-json\/wp\/v2\/types\/page"}],"author":[{"embeddable":true,"href":"https:\/\/vetnacare.com\/en\/wp-json\/wp\/v2\/users\/1"}],"replies":[{"embeddable":true,"href":"https:\/\/vetnacare.com\/en\/wp-json\/wp\/v2\/comments?post=1089"}],"version-history":[{"count":2,"href":"https:\/\/vetnacare.com\/en\/wp-json\/wp\/v2\/pages\/1089\/revisions"}],"predecessor-version":[{"id":1172,"href":"https:\/\/vetnacare.com\/en\/wp-json\/wp\/v2\/pages\/1089\/revisions\/1172"}],"wp:attachment":[{"href":"https:\/\/vetnacare.com\/en\/wp-json\/wp\/v2\/media?parent=1089"}],"curies":[{"name":"wp","href":"https:\/\/api.w.org\/{rel}","templated":true}]}}