{"id":1091,"date":"2024-04-19T10:45:28","date_gmt":"2024-04-19T10:45:28","guid":{"rendered":"https:\/\/vetnacare.com\/?page_id=1091"},"modified":"2025-02-19T07:27:59","modified_gmt":"2025-02-19T07:27:59","slug":"vetnavit-renalplus","status":"publish","type":"page","link":"https:\/\/vetnacare.com\/en\/vetnavit-renalplus\/","title":{"rendered":"VetNaVit RenalPlus"},"content":{"rendered":"<section class=\"section\" id=\"section_660684607\">\n\t\t<div class=\"bg section-bg fill bg-fill bg-loaded bg-loaded\" >\n\n\t\t\t\n\t\t\t\n\t\t\t\n\n\t\t<\/div>\n\n\t\t\n\t<div class=\"ux-shape-divider ux-shape-divider--bottom ux-shape-divider--style-waves-opacity\">\n\t\t<svg viewbox=\"0 0 1000 300\" xmlns=\"http:\/\/www.w3.org\/2000\/svg\" preserveaspectratio=\"none\">\n    <path class=\"ux-shape-fill\" d=\"M0 300L-1 69.71C216 57 299.47 198.86 403 226C506 253 577 196 660 197C740 198 790.09 234.07 874 267C935.23 291 982 282.61 1000 277.61V300H0Z\"\/>\n    <path class=\"ux-shape-fill\" opacity=\"0.5\" d=\"M1 265.094L0 50.5C217 37.79 300.47 186.36 404 213.5C507 240.5 578 196.5 661 197.5C741 198.5 787.59 239.57 871.5 272.5C932.73 296.5 980.5 284.5 998.5 279.5V298.5L1 265.094Z\"\/>\n    <path class=\"ux-shape-fill\" opacity=\"0.15\" d=\"M0.999878 244.094L-0.00012207 27C217 14.29 300.47 173.86 404 201C507 228 578 196 661 197C741 198 787.59 243.07 871.5 276C932.73 300 980.5 284.5 998.5 279.5V299L0.999878 244.094Z\"\/>\n<\/svg>\n\n\t<\/div>\n\n\t\t<div class=\"section-content relative\">\n\t\t\t\n\n\t<div id=\"gap-300870870\" class=\"gap-element clearfix\" style=\"display:block; height:auto;\">\n\t\t\n<style>\n#gap-300870870 {\n  padding-top: 75px;\n}\n<\/style>\n\t<\/div>\n\t\n\n<div class=\"row row-collapse row-full-width align-middle\"  id=\"row-1348390754\">\n\n\n\t<div id=\"col-2037712472\" class=\"col medium-6 small-12 large-6\"  >\n\t\t\t\t<div class=\"col-inner text-center\"  >\n\t\t\t\n\t<div class=\"is-border\"\n\t\tstyle=\"border-width:0px 0px 0px 0px;\">\n\t<\/div>\n\t\t\t\n\n\t<div class=\"img has-hover x md-x lg-x y md-y lg-y\" id=\"image_129959056\">\n\t\t\t\t\t\t\t\t<div class=\"img-inner dark\" >\n\t\t\t<img loading=\"lazy\" decoding=\"async\" width=\"1000\" height=\"1000\" src=\"https:\/\/vetnacare.com\/wp-content\/uploads\/2025\/02\/renalplus.png\" class=\"attachment-original size-original\" alt=\"\" srcset=\"https:\/\/vetnacare.com\/wp-content\/uploads\/2025\/02\/renalplus.png 1000w, https:\/\/vetnacare.com\/wp-content\/uploads\/2025\/02\/renalplus-300x300.png 300w, https:\/\/vetnacare.com\/wp-content\/uploads\/2025\/02\/renalplus-150x150.png 150w, https:\/\/vetnacare.com\/wp-content\/uploads\/2025\/02\/renalplus-768x768.png 768w, https:\/\/vetnacare.com\/wp-content\/uploads\/2025\/02\/renalplus-12x12.png 12w\" sizes=\"auto, (max-width: 1000px) 100vw, 1000px\" \/>\t\t\t\t\t\t\n\t\t\t\t\t<\/div>\n\t\t\t\t\t\t\t\t\n<style>\n#image_129959056 {\n  width: 76%;\n}\n<\/style>\n\t<\/div>\n\t\n\n\n\t\t<\/div>\n\t\t\t\t\t<\/div>\n\n\t\n\n\t<div id=\"col-881242745\" class=\"col medium-4 small-12 large-4\"  >\n\t\t\t\t<div class=\"col-inner\"  >\n\t\t\t\n\t<div class=\"is-border\"\n\t\tstyle=\"border-width:0px 0px 0px 0px;\">\n\t<\/div>\n\t\t\t\n\n\t<div id=\"text-514084082\" class=\"text\">\n\t\t\n\n<p>B\u00f6brek ve Dola\u015f\u0131m Sistemi Deste\u011fi<\/p>\n\n\t\t\n<style>\n#text-514084082 {\n  font-size: 0.75rem;\n  line-height: 0.75;\n  color: rgb(148, 149, 153);\n}\n#text-514084082 > * {\n  color: rgb(148, 149, 153);\n}\n<\/style>\n\t<\/div>\n\t\n\t<div id=\"text-607337209\" class=\"text\">\n\t\t\n\n<h2><strong>VetNaVit RenalPlus<\/strong><\/h2>\n\t\t\n<style>\n#text-607337209 {\n  font-size: 1.35rem;\n  color: rgb(99, 183, 197);\n}\n#text-607337209 > * {\n  color: rgb(99, 183, 197);\n}\n<\/style>\n\t<\/div>\n\t\n\t<div id=\"text-2696762361\" class=\"text\">\n\t\t\n\n<p data-start=\"76\" data-end=\"604\"><strong data-start=\"76\" data-end=\"98\">VetnaVit RenalPlus<\/strong>, Kediler ve K\u00f6peklerde b\u00f6brek sa\u011fl\u0131\u011f\u0131n\u0131n optimal d\u00fczeyde korunmas\u0131na yard\u0131mc\u0131 olmak \u00fczere form\u00fcle edilmi\u015f b\u00f6brek takviyesidir. Bu takviye \u00f6zellikle ya\u015fl\u0131 kedi ve k\u00f6peklerde, b\u00f6breklerdeki kan ak\u0131\u015f\u0131n\u0131 te\u015fvik ederek sa\u011fl\u0131kl\u0131 b\u00f6brek fonksiyonunu destekler; bu da b\u00f6breklerin fazla s\u0131v\u0131y\u0131 ve at\u0131k \u00fcr\u00fcnleri kandan filtreleyerek idrara aktar\u0131p v\u00fccuttan at\u0131lmas\u0131na yard\u0131mc\u0131 olur. Sa\u011fl\u0131kl\u0131 dola\u015f\u0131m ve filtreleme, b\u00f6brek fonksiyonunun, uygun mineral dengesinin ve normal s\u0131v\u0131 tutulumunun korunmas\u0131na yard\u0131mc\u0131 olur.<\/p>\n\t\t\n<style>\n#text-2696762361 {\n  font-size: 1.05rem;\n  text-align: left;\n}\n<\/style>\n\t<\/div>\n\t\n<a href=\"#ozellik\" target=\"_self\" class=\"button primary\"  style=\"border-radius:10px;\">\n    <span>See features<\/span>\n  <\/a>\n\n\n\n\t\t<\/div>\n\t\t\t\t\t<\/div>\n\n\t\n\n<\/div>\n\t<div id=\"gap-2052653851\" class=\"gap-element clearfix\" style=\"display:block; height:auto;\">\n\t\t\n<style>\n#gap-2052653851 {\n  padding-top: 30px;\n}\n<\/style>\n\t<\/div>\n\t\n\n<span class=\"scroll-to\" data-label=\"Scroll to: #ozellik\" data-bullet=\"false\" data-link=\"#ozellik\" data-title=\"Change this\"><a name=\"ozellik\"><\/a><\/span>\n\n\n\t\t<\/div>\n\n\t\t\n<style>\n#section_660684607 {\n  padding-top: 0px;\n  padding-bottom: 0px;\n  background-color: rgb(243, 238, 227);\n}\n#section_660684607 .ux-shape-divider--top svg {\n  height: 150px;\n  --divider-top-width: 100%;\n}\n#section_660684607 .ux-shape-divider--bottom svg {\n  height: 150px;\n  --divider-width: 100%;\n}\n<\/style>\n\t<\/section>\n\t\n\t<section class=\"section\" id=\"section_631377308\">\n\t\t<div class=\"bg section-bg fill bg-fill bg-loaded bg-loaded\" >\n\n\t\t\t\n\t\t\t\n\t\t\t\n\n\t\t<\/div>\n\n\t\t\n\n\t\t<div class=\"section-content relative\">\n\t\t\t\n\n<div class=\"row\"  id=\"row-2071624084\">\n\n\n\t<div id=\"col-554288398\" class=\"col medium-6 small-12 large-6\"  >\n\t\t\t\t<div class=\"col-inner\"  >\n\t\t\t\n\t\t\t\n\n<h3>Usage Advice<\/h3>\n<p data-start=\"640\" data-end=\"850\">Veteriner hekim taraf\u0131ndan ba\u015fka bir \u015fekilde \u00f6nerilmediyse, tedaviye destek olmak amac\u0131yla kedi ve k\u00f6peklerde her 15 kg canl\u0131 a\u011f\u0131rl\u0131k i\u00e7in 1 paket\/g\u00fcn direk mamaya kar\u0131\u015ft\u0131r\u0131larak d\u00fczenli olarak kullan\u0131lmal\u0131d\u0131r.<\/p>\n<h4><strong>Active Ingredients \/ 1 Pack, 5 g<\/strong><\/h4>\n<p><strong data-start=\"897\" data-end=\"905\">(2b)<\/strong> Geven Otu Ekstresi \u2013 <strong data-start=\"927\" data-end=\"936\">65 mg<br \/><\/strong><strong data-start=\"941\" data-end=\"949\">(2b)<\/strong> Rehmannia Glutisona K\u00f6k Ekstresi \u2013 <strong data-start=\"985\" data-end=\"994\">50 mg<br \/><\/strong><strong data-start=\"999\" data-end=\"1007\">(2b)<\/strong> Is\u0131rgan Otu Ekstresi \u2013 <strong data-start=\"1031\" data-end=\"1040\">50 mg<br \/><\/strong><strong data-start=\"1045\" data-end=\"1058\">(3c3.6.1)<\/strong> Arjinin \u2013 <strong data-start=\"1069\" data-end=\"1078\">52 mg<br \/><\/strong><strong data-start=\"1083\" data-end=\"1091\">(4d)<\/strong> N, N-Dimetilglisin Hidroklor\u00fcr \u2013 <strong data-start=\"1125\" data-end=\"1134\">27 mg<br \/><\/strong><strong data-start=\"1139\" data-end=\"1147\">(3a)<\/strong> Inositol \u2013 <strong data-start=\"1159\" data-end=\"1167\">9 mg<br \/><\/strong><strong data-start=\"1172\" data-end=\"1183\">(3a831)<\/strong> Piridoksin Hidroklor\u00fcr (B6 Vitamini) \u2013 <strong data-start=\"1223\" data-end=\"1231\">9 mg<br \/><\/strong><strong data-start=\"1236\" data-end=\"1247\">(3a880)<\/strong> Tiamin Hidroklor\u00fcr (B1 Vitamini) \u2013 <strong data-start=\"1283\" data-end=\"1293\">4,5 mg<br \/><\/strong><strong data-start=\"1298\" data-end=\"1309\">(3a826)<\/strong> Riboflavin (B1 Vitamini) \u2013 <strong data-start=\"1337\" data-end=\"1347\">4,5 mg<br \/><\/strong><strong data-start=\"1352\" data-end=\"1363\">(3a316)<\/strong> Folik Asit \u2013 <strong data-start=\"1377\" data-end=\"1388\">0,18 mg<\/strong><\/p>\n<h3>Inactive Content<\/h3>\n<p><strong data-start=\"1424\" data-end=\"1436\">(1.1.18)<\/strong> S\u0131v\u0131 malt ekstresi (arpa)<br \/><strong data-start=\"1467\" data-end=\"1479\">(13.3.6)<\/strong> Maltodekstrin<br \/><strong data-start=\"1498\" data-end=\"1508\">(E414)<\/strong> Arabik gum<br \/><strong data-start=\"1524\" data-end=\"1534\">(E466)<\/strong> Karboksilmetil sel\u00fcloz<br \/><strong data-start=\"1562\" data-end=\"1572\">(E422)<\/strong> Gliserin<br \/><strong data-start=\"1586\" data-end=\"1598\">(2.20.1)<\/strong> Bitkisel s\u0131v\u0131 ve kat\u0131 ya\u011flar<br \/><strong data-start=\"1632\" data-end=\"1642\">(E202)<\/strong> Potasyum sorbat<br \/><strong data-start=\"1663\" data-end=\"1674\">(1a700)<\/strong> Sodyum Benzoat<br \/><strong data-start=\"1694\" data-end=\"1706\">(1c322i)<\/strong> S\u0131v\u0131 lesitin<br \/><strong data-start=\"1724\" data-end=\"1732\">(2b)<\/strong> Do\u011fayla \u00f6zde\u015f ci\u011fer aromas\u0131<\/p>\n<p data-start=\"1764\" data-end=\"1789\"><strong data-start=\"1764\" data-end=\"1787\">Nem \/ en \u00e7ok : % 35<\/strong><\/p>\n\n\t\t<\/div>\n\t\t\t\t\t<\/div>\n\n\t\n\n\t<div id=\"col-552124995\" class=\"col medium-6 small-12 large-6\"  >\n\t\t\t\t<div class=\"col-inner\"  >\n\t\t\t\n\t\t\t\n\n\t<div class=\"img has-hover x md-x lg-x y md-y lg-y\" id=\"image_811664697\">\n\t\t\t\t\t\t\t\t<div class=\"img-inner dark\" >\n\t\t\t<img loading=\"lazy\" decoding=\"async\" width=\"1200\" height=\"1200\" src=\"https:\/\/vetnacare.com\/wp-content\/uploads\/2025\/02\/Renal-stick-1.png\" class=\"attachment-original size-original\" alt=\"\" srcset=\"https:\/\/vetnacare.com\/wp-content\/uploads\/2025\/02\/Renal-stick-1.png 1200w, https:\/\/vetnacare.com\/wp-content\/uploads\/2025\/02\/Renal-stick-1-300x300.png 300w, https:\/\/vetnacare.com\/wp-content\/uploads\/2025\/02\/Renal-stick-1-1024x1024.png 1024w, https:\/\/vetnacare.com\/wp-content\/uploads\/2025\/02\/Renal-stick-1-150x150.png 150w, https:\/\/vetnacare.com\/wp-content\/uploads\/2025\/02\/Renal-stick-1-768x768.png 768w, https:\/\/vetnacare.com\/wp-content\/uploads\/2025\/02\/Renal-stick-1-12x12.png 12w\" sizes=\"auto, (max-width: 1200px) 100vw, 1200px\" \/>\t\t\t\t\t\t\n\t\t\t\t\t<\/div>\n\t\t\t\t\t\t\t\t\n<style>\n#image_811664697 {\n  width: 100%;\n}\n<\/style>\n\t<\/div>\n\t\n\n\n\t\t<\/div>\n\t\t\t\t\t<\/div>\n\n\t\n\n<\/div>\n\n\t\t<\/div>\n\n\t\t\n<style>\n#section_631377308 {\n  padding-top: 30px;\n  padding-bottom: 30px;\n}\n#section_631377308 .ux-shape-divider--top svg {\n  height: 150px;\n  --divider-top-width: 100%;\n}\n#section_631377308 .ux-shape-divider--bottom svg {\n  height: 150px;\n  --divider-width: 100%;\n}\n<\/style>\n\t<\/section>","protected":false},"excerpt":{"rendered":"","protected":false},"author":1,"featured_media":0,"parent":0,"menu_order":0,"comment_status":"closed","ping_status":"closed","template":"page-blank.php","meta":{"footnotes":""},"class_list":["post-1091","page","type-page","status-publish","hentry"],"_links":{"self":[{"href":"https:\/\/vetnacare.com\/en\/wp-json\/wp\/v2\/pages\/1091","targetHints":{"allow":["GET"]}}],"collection":[{"href":"https:\/\/vetnacare.com\/en\/wp-json\/wp\/v2\/pages"}],"about":[{"href":"https:\/\/vetnacare.com\/en\/wp-json\/wp\/v2\/types\/page"}],"author":[{"embeddable":true,"href":"https:\/\/vetnacare.com\/en\/wp-json\/wp\/v2\/users\/1"}],"replies":[{"embeddable":true,"href":"https:\/\/vetnacare.com\/en\/wp-json\/wp\/v2\/comments?post=1091"}],"version-history":[{"count":3,"href":"https:\/\/vetnacare.com\/en\/wp-json\/wp\/v2\/pages\/1091\/revisions"}],"predecessor-version":[{"id":1193,"href":"https:\/\/vetnacare.com\/en\/wp-json\/wp\/v2\/pages\/1091\/revisions\/1193"}],"wp:attachment":[{"href":"https:\/\/vetnacare.com\/en\/wp-json\/wp\/v2\/media?parent=1091"}],"curies":[{"name":"wp","href":"https:\/\/api.w.org\/{rel}","templated":true}]}}