{"id":1210,"date":"2025-04-21T07:49:17","date_gmt":"2025-04-21T07:49:17","guid":{"rendered":"https:\/\/vetnacare.com\/?page_id=1210"},"modified":"2025-04-21T08:02:35","modified_gmt":"2025-04-21T08:02:35","slug":"fuar-aydinlatma-metni","status":"publish","type":"page","link":"https:\/\/vetnacare.com\/en\/fuar-aydinlatma-metni\/","title":{"rendered":"Fuar Ayd\u0131nlatma Metni"},"content":{"rendered":"<p>FUAR Z\u0130YARET\u00c7\u0130LER\u0130 AYDINLATMA METN\u0130<\/p>\n\n\n\n<p>T\u00fcrkiye\u2019de kurulu PG K\u0130MYA A.\u015e. (\u201c\u015eirket\u201d) olarak; veri sorumlusu s\u0131fat\u0131yla, fuar tan\u0131t\u0131mlar\u0131m\u0131z<br>kapsam\u0131nda sizlerden ald\u0131\u011f\u0131m\u0131z ki\u015fisel verilerinizi ne ama\u00e7larla i\u015fleyece\u011fimizi size anlatmak i\u00e7in bu<br>Ayd\u0131nlatma Metni\u2019ni haz\u0131rlad\u0131k. Veri sorumlusu s\u0131fat\u0131yla ki\u015fisel verilerinizi bu metinde belirtildi\u011fi<br>\u015fekilde, temel hak ve \u00f6zg\u00fcrl\u00fcklerinize halel gelmeden, hukuka uygun \u015fekilde toplad\u0131\u011f\u0131m\u0131z\u0131 ve<br>i\u015fledi\u011fimizi bildiririz.<br>HANG\u0130 K\u0130\u015e\u0130SEL VER\u0130LER\u0130N\u0130Z\u0130 \u0130\u015eL\u0130YORUZ?<br>Taraf\u0131m\u0131zca, bizimle payla\u015fman\u0131z veya gerekli olmas\u0131 halinde, i\u015flemeye konu olabilecek ki\u015fisel<br>verileriniz;<br>Kimlik Verisi- Ticari ili\u015fkimizin kurulmas\u0131 i\u00e7in sizden ald\u0131\u011f\u0131m\u0131z ad, soyad\u0131, T.C. kimlik numaras\u0131 gibi<br>ki\u015fisel verilerinizi toplamakta ve i\u015flemekteyiz.<br>\u0130leti\u015fim Verisi- Sizinle ileti\u015fim kurabilmek amac\u0131yla telefon numaras\u0131, e-posta adresi, faks numaras\u0131 gibi<br>ileti\u015fim bilgilerini sizden talep etmekte ve i\u015flemekteyiz.<br>\u0130stihdam Verisi- Ticari ili\u015fkimizin kurulmas\u0131 i\u00e7in \u00e7al\u0131\u015ft\u0131\u011f\u0131n\u0131z \u015firket ve pozisyonunuz gibi verileri sizden<br>talep etmekte ve i\u015flemekteyiz.<br>G\u00f6rsel ve \u0130\u015fitsel Verisi- Pazarlama ve tan\u0131t\u0131m faaliyetlerimiz kapsam\u0131nda \u00e7ekilen foto\u011fraf ve video<br>kay\u0131tlar\u0131n\u0131 i\u015flemekteyiz.<br>K\u0130\u015e\u0130SEL VER\u0130LER\u0130N\u0130Z\u0130 NE \u015eEK\u0130LDE VE HANG\u0130 SEBEPLERLE TOPLUYORUZ?<br>Siz veya \u00e7al\u0131\u015ft\u0131\u011f\u0131n\u0131z kurum ile ticari ili\u015fki kurabilmek ve y\u00f6netmek amac\u0131yla, olas\u0131 bir s\u00f6zle\u015fmenin<br>kurulabilmesi i\u00e7in ki\u015fisel verilerinizi doldurdu\u011funuz formlar ile topluyoruz.<br>Fuar ve benzeri etkinliklerde \u00e7ekilen foto\u011fraf ve video kay\u0131tlar\u0131 ile g\u00f6rsel ve i\u015fitsel verilerinizi kay\u0131t alt\u0131na<br>alabiliyoruz.<br>K\u0130\u015e\u0130SEL VER\u0130LER\u0130N\u0130Z\u0130 HANG\u0130 AMA\u00c7LARLA \u0130\u015eL\u0130YORUZ?<br>Ki\u015fisel verilerinizi potansiyel m\u00fc\u015fteriler ile ticari ili\u015fki kurulabilmesi i\u00e7in gerekli ileti\u015fimin sa\u011flanmas\u0131,<br>tan\u0131t\u0131m ve pazarlama faaliyetlerinin ger\u00e7ekle\u015ftirilmesi ve \u00fcr\u00fcn ve hizmet tedariki i\u00e7in s\u00f6zle\u015fme yap\u0131lmas\u0131<br>ve tamamlanmas\u0131 ama\u00e7lar\u0131yla ilgili mevzuatta belirtilen veya i\u015flendikleri ama\u00e7 i\u00e7in gerekli olan azami<br>s\u00fcre ve her halde kanuni zamana\u015f\u0131m\u0131 s\u00fcreleri kadar muhafaza edilecektir.<\/p>\n\n\n\n<p>Pazarlama ve tan\u0131t\u0131m faaliyetleri kapsam\u0131nda video kay\u0131tlar\u0131 ve foto\u011fraflarda yer alan g\u00f6rsel ve i\u015fitsel<br>verileriniz a\u00e7\u0131k r\u0131zan\u0131z olmas\u0131 halinde kay\u0131t alt\u0131na al\u0131nacak ve \u015eirket\u2019in faaliyet g\u00f6sterdi\u011fi \u00e7e\u015fitli sosyal<br>medya platformlar\u0131nda payla\u015f\u0131lacakt\u0131r.<br>K\u0130\u015e\u0130SEL VER\u0130LER\u0130N\u0130Z\u0130N YURT \u0130\u00c7\u0130NDEK\u0130 \u00dc\u00c7\u00dcNC\u00dc K\u0130\u015e\u0130LERLE PAYLA\u015eILMASI<br>Ki\u015fisel verileriniz; talep gelmesi durumunda verileriniz hukuki y\u00fck\u00fcml\u00fcl\u00fcklerimiz kapsam\u0131nda<br>mahkemelere ve hukuka uygun talep ve kararlar \u00e7er\u00e7evesinde istenirse kamu kurum ve kurulu\u015flar\u0131na<br>aktar\u0131labilmekte, bir ihtilaf olmas\u0131 halinde savunma hakk\u0131m\u0131z\u0131n kullan\u0131labilmesi i\u00e7in avukatlar\u0131m\u0131zla<br>payla\u015f\u0131labilir.<br>HAKLARINIZ<br>KVKK\u2019n\u0131n 11. maddesi gere\u011fi bize \u015fahsen, kimli\u011finizi ispat etmeniz kayd\u0131yla, ki\u015fisel verileriniz ile ilgili;<br>\uf0a7 Hakk\u0131n\u0131zda ki\u015fisel veri i\u015fleyip i\u015flemedi\u011fimizi \u00f6\u011frenebilir, e\u011fer i\u015fliyorsak veya i\u015flemi\u015fsek, buna<br>ili\u015fkin bilgi talep edebilirsiniz.<br>\uf0a7 Ki\u015fisel verilerinizin i\u015flenme amac\u0131n\u0131 ve bunlar\u0131n amac\u0131na uygun kullan\u0131l\u0131p kullan\u0131lmad\u0131\u011f\u0131<br>\u00f6\u011frenebilirsiniz.<br>\uf0a7 Ki\u015fisel verilerinizin yurt i\u00e7i veya yurt d\u0131\u015f\u0131na aktar\u0131l\u0131p aktar\u0131lmad\u0131\u011f\u0131n\u0131 ve kimlere aktar\u0131ld\u0131\u011f\u0131n\u0131<br>\u00f6\u011frenebilirsiniz.<br>\uf0a7 Yanl\u0131\u015f ve eksik ki\u015fisel verilerinizin d\u00fczeltilmesini ve bu verilerin aktar\u0131ld\u0131\u011f\u0131 veya aktar\u0131lm\u0131\u015f<br>olabilece\u011fi al\u0131c\u0131lar\u0131n bilgilendirilmesini talep edebilirsiniz.<br>\uf0a7 Ki\u015fisel verilerinizin KVKK madde 7\u2019de \u00f6ng\u00f6r\u00fclen \u015fartlar \u00e7er\u00e7evesinde imha edilmesini<br>(silinmesini, yok edilmesini veya anonim hale getirilmesini) talep edebilirsiniz. Ancak imha<br>talebinizi de\u011ferlendirerek hangi y\u00f6ntemin uygun oldu\u011fu somut olay\u0131n ko\u015fullar\u0131na g\u00f6re<br>taraf\u0131m\u0131zca de\u011ferlendirilecektir. Bu ba\u011flamda se\u00e7ti\u011fimiz imha y\u00f6ntemini neden se\u00e7ti\u011fimiz ile<br>ilgili bizden her zaman bilgi talep edebilirsiniz.<br>\uf0a7 Ki\u015fisel verilerinizin aktar\u0131ld\u0131\u011f\u0131 veya aktar\u0131labilece\u011fi \u00fc\u00e7\u00fcnc\u00fc ki\u015filerin s\u00f6z konusu imha talebiniz<br>ile ilgili bilgilendirilmesini talep edebilirsiniz.<br>\uf0a7 M\u00fcnhas\u0131ran bir otomatik sistem kullan\u0131larak olu\u015fturulmu\u015f ki\u015fisel veri analizinizin sonu\u00e7lar\u0131na bu<br>sonu\u00e7lar \u00e7\u0131karlar\u0131n\u0131za ayk\u0131r\u0131ysa itiraz edebilirsiniz.<br>\uf0a7 Ki\u015fisel verilerinizin kanuna ayk\u0131r\u0131 olarak i\u015flenmesi sebebiyle zarara u\u011framan\u0131z halinde zarar\u0131n<br>giderilmesini talep edebilirsiniz.<br>Ba\u015fvurunuzda yer alan talepleriniz, talebin niteli\u011fine g\u00f6re en ge\u00e7 otuz g\u00fcn i\u00e7inde \u00fccretsiz olarak<br>sonu\u00e7land\u0131r\u0131lacakt\u0131r. Ancak, i\u015flemin \u015eirket i\u00e7in ayr\u0131ca bir maliyeti gerektirmesi h\u00e2linde, Ki\u015fisel Verileri<\/p>\n\n\n\n<p>Koruma Kurulu taraf\u0131ndan Veri Sorumlusuna Ba\u015fvuru Usul Ve Esaslar\u0131 Hakk\u0131nda Tebli\u011f\u2019de belirlenen<br>tarifedeki \u00fccret al\u0131nabilir.<\/p>\n\n\n\n<p>Ki\u015fisel verilerinizin i\u015flenmesi ile ilgili hususlarda ba\u015fvurunuzu \u015eirketin internet adresinde bulunan<br>ba\u015fvuru formunu doldurarak veya Veri Sorumlusuna Ba\u015fvuru Usul Ve Esaslar\u0131 Hakk\u0131nda Tebli\u011f\u2019in 5.<br>maddesinde \u015fartlara uymak kayd\u0131yla a\u015fa\u011f\u0131daki \u015fekillerde yapabilirsiniz:<\/p>\n\n\n\n<p>\uf0a7 Yaz\u0131l\u0131 ve imzal\u0131 olarak<br>\uf0a7 Kay\u0131tl\u0131 elektronik posta (KEP) adresinizden g\u00f6nderece\u011finiz e-posta ile<br>\uf0a7 G\u00fcvenli elektronik imza veya mobil imza ile<br>\uf0a7 Bize daha \u00f6nce bildirdi\u011finiz ve kay\u0131tlar\u0131m\u0131zda yer alan elektronik posta adresinizi kullanarak<br>\u015eirketimize teslim edebilirsiniz.<\/p>\n\n\n\n<p>\u015eirket taraf\u0131ndan talebinizin niteli\u011fine ve ba\u015fvuru y\u00f6nteminize g\u00f6re \u015eirket taraf\u0131ndan ba\u015fvurunun size ait<br>olup olmad\u0131\u011f\u0131n\u0131n belirlenmesi ve b\u00f6ylece haklar\u0131n\u0131z\u0131 koruyabilmek amac\u0131yla ek do\u011frulamalar (kay\u0131tl\u0131<br>telefonunuza mesaj g\u00f6nderilmesi, aranman\u0131z gibi) isteyebiliriz. \u00d6rne\u011fin \u015eirkette kay\u0131tl\u0131 olan e-posta<br>adresiniz arac\u0131l\u0131\u011f\u0131yla ba\u015fvuru yapman\u0131z halinde \u015eirkette kay\u0131tl\u0131 ba\u015fka bir ileti\u015fim y\u00f6ntemini kullanarak<br>size ula\u015fabilir ve ba\u015fvurunun size ait olup olmad\u0131\u011f\u0131n\u0131n teyidini isteyebiliriz.<\/p>\n\n\n\n<p>HAKLARINIZI NASIL KULLANAB\u0130L\u0130RS\u0130N\u0130Z?<\/p>\n\n\n\n<p>https:\/\/www.polatgroup.com.tr\/uploads\/file\/Veri-Sahibi-Basvuru-Formu-Polat-Group-Holding.pdf<br>ba\u011flant\u0131s\u0131n\u0131 kullanarak indirebilece\u011finiz \u201cba\u015fvuru formu\u201dnu talebiniz\/\u015fik\u00e2yetiniz do\u011frultusunda<br>doldurarak, s\u00f6z konusu formu fiziki olarak doldurarak \u201cAtaOsb Mah. Astim Denizli Cad. Vetnecar Blok<br>No:14 Efeler \/ Ayd\u0131n\u201d adresine zarf\u0131n \u00fczerine \u201cKi\u015fisel Verilerin Korunmas\u0131 Kanunu Bilgi Talebi\u201d yazarak<br>noter vas\u0131tas\u0131yla veya g\u00fcvenli elektronik imza kullanarak pgkimyaas@hs03.kep.tr adresine konu k\u0131sm\u0131na<br>\u201cKi\u015fisel Verilerin Korunmas\u0131 Kanunu Bilgi Talebi\u201d yazarak g\u00f6nderebilirsiniz.<br>Talebinizi \u00fcstte g\u00f6sterilen y\u00f6ntemlerden birisini kullanarak taraf\u0131m\u0131za iletmeniz durumunda KVKK md.<br>13\/2 gere\u011fince, talebiniz en ge\u00e7 30 g\u00fcn i\u00e7inde de\u011ferlendirilecek ve taraf\u0131n\u0131za konuyla ilgili bilgi<br>verilecektir. E\u011fer talebiniz kabul edilirse, gerekli i\u015flemler derhal veri sorumlusu \u015e\u0130RKET taraf\u0131ndan<br>yerine getirilecektir.<br>Talepler kural olarak \u00fccretsiz kar\u015f\u0131lan\u0131r ancak, talebin gere\u011fini yerine getirmek masraf gerektiriyorsa<br>\u201cVeri Sorumlusuna Ba\u015fvuru Usul ve Esaslar\u0131 Hk. Tebli\u011f\u201d madde 7\u2019de \u00f6ng\u00f6r\u00fclen; \u201c\u0130lgili ki\u015finin<br>ba\u015fvurusuna yaz\u0131l\u0131 olarak cevap verilecekse, 10 sayfaya kadar \u00fccret al\u0131nmaz. 10 sayfan\u0131n \u00fczerindeki her<\/p>\n\n\n\n<p>sayfa i\u00e7in 1 TL i\u015flem \u00fccreti al\u0131nabilir. Ba\u015fvuruya cevab\u0131n CD, flash bellek gibi bir kay\u0131t ortam\u0131nda<br>verilmesi halinde veri sorumlusu taraf\u0131ndan talep edilebilecek \u00fccret kay\u0131t ortam\u0131n\u0131n maliyetini ge\u00e7emez.\u201d<br>H\u00fckm\u00fc gere\u011fince \u015e\u0130RKET taraf\u0131ndan \u00fccret istenebilecektir.<\/p>\n\n\n\n<p>\u0130LET\u0130\u015e\u0130M B\u0130LG\u0130LER\u0130<br>PG K\u0130MYA Anonim \u015eirketi<br>Mersis No: 0729112897900001<br>Adres: AtaOsb Mah. Astim Denizli Cad. Vetnecar Blok No:14 Efeler \/ Ayd\u0131n<br>\u0130nternet Sitesi :<br>Kep Adresi : pgkimyaas@hs03.kep.tr<\/p>\n\n\n\n<p>\u0130RT\u0130BAT K\u0130\u015e\u0130S\u0130<br>Ad\u0131: Ay\u00e7a Selen<br>Soyad\u0131: KAHVEC\u0130<br>Unvan\u0131: Hukuk ve Uyum M\u00fc\u015faviri<br>E-posta: kvkk@polatgroup.com.tr<\/p>","protected":false},"excerpt":{"rendered":"<p>FUAR Z\u0130YARET\u00c7\u0130LER\u0130 AYDINLATMA METN\u0130 T\u00fcrkiye\u2019de kurulu PG K\u0130MYA A.\u015e. (\u201c\u015eirket\u201d) olarak; veri sorumlusu s\u0131fat\u0131yla, fuar tan\u0131t\u0131mlar\u0131m\u0131zkapsam\u0131nda sizlerden ald\u0131\u011f\u0131m\u0131z ki\u015fisel verilerinizi ne ama\u00e7larla i\u015fleyece\u011fimizi size anlatmak i\u00e7in buAyd\u0131nlatma Metni\u2019ni haz\u0131rlad\u0131k. Veri sorumlusu s\u0131fat\u0131yla ki\u015fisel verilerinizi bu metinde belirtildi\u011fi\u015fekilde, temel hak ve \u00f6zg\u00fcrl\u00fcklerinize halel gelmeden, hukuka uygun \u015fekilde toplad\u0131\u011f\u0131m\u0131z\u0131 vei\u015fledi\u011fimizi bildiririz.HANG\u0130 K\u0130\u015e\u0130SEL VER\u0130LER\u0130N\u0130Z\u0130 \u0130\u015eL\u0130YORUZ?Taraf\u0131m\u0131zca, bizimle payla\u015fman\u0131z veya [&#8230;]","protected":false},"author":1,"featured_media":0,"parent":0,"menu_order":0,"comment_status":"closed","ping_status":"closed","template":"page-blank-title-center.php","meta":{"footnotes":""},"class_list":["post-1210","page","type-page","status-publish","hentry"],"_links":{"self":[{"href":"https:\/\/vetnacare.com\/en\/wp-json\/wp\/v2\/pages\/1210","targetHints":{"allow":["GET"]}}],"collection":[{"href":"https:\/\/vetnacare.com\/en\/wp-json\/wp\/v2\/pages"}],"about":[{"href":"https:\/\/vetnacare.com\/en\/wp-json\/wp\/v2\/types\/page"}],"author":[{"embeddable":true,"href":"https:\/\/vetnacare.com\/en\/wp-json\/wp\/v2\/users\/1"}],"replies":[{"embeddable":true,"href":"https:\/\/vetnacare.com\/en\/wp-json\/wp\/v2\/comments?post=1210"}],"version-history":[{"count":1,"href":"https:\/\/vetnacare.com\/en\/wp-json\/wp\/v2\/pages\/1210\/revisions"}],"predecessor-version":[{"id":1211,"href":"https:\/\/vetnacare.com\/en\/wp-json\/wp\/v2\/pages\/1210\/revisions\/1211"}],"wp:attachment":[{"href":"https:\/\/vetnacare.com\/en\/wp-json\/wp\/v2\/media?parent=1210"}],"curies":[{"name":"wp","href":"https:\/\/api.w.org\/{rel}","templated":true}]}}