{"id":1217,"date":"2025-04-21T07:50:35","date_gmt":"2025-04-21T07:50:35","guid":{"rendered":"https:\/\/vetnacare.com\/?page_id=1217"},"modified":"2025-04-21T08:02:24","modified_gmt":"2025-04-21T08:02:24","slug":"tedarikci-aydinlatma-metni","status":"publish","type":"page","link":"https:\/\/vetnacare.com\/en\/tedarikci-aydinlatma-metni\/","title":{"rendered":"Tedarik\u00e7i Ayd\u0131nlatma Metni"},"content":{"rendered":"<p>K\u0130\u015e\u0130SEL VER\u0130LER\u0130N KORUNMASI AYDINLATMA METN\u0130<\/p>\n\n\n\n<p>PG K\u0130MYA A.\u015e. (\u201c\u015eirket\u201d) ile payla\u015ft\u0131\u011f\u0131n\u0131z ki\u015fisel verileriniz veri sorumlusu s\u0131fat\u0131yla taraf\u0131m\u0131zca<br>hassasiyetle korunmaktad\u0131r. Bu kapsamda, hangi ki\u015fisel verilerinizi ne ama\u00e7larla i\u015fleyece\u011fimizi size<br>a\u00e7\u0131klamak \u00fczere i\u015fbu Ayd\u0131nlatma Metni haz\u0131rlanm\u0131\u015f olup, 6698 say\u0131l\u0131 Ki\u015fisel Verilerin Korunmas\u0131<br>Kanunu (\u201cKVKK\u201d) m.10 kapsam\u0131nda ayd\u0131nlatma y\u00fck\u00fcml\u00fcl\u00fc\u011f\u00fcn\u00fc yerine getirmek amac\u0131yla<br>KVKK\u2019dan kaynaklanan haklar\u0131n\u0131z ve \u015eirketimizin uygulamalar\u0131 dikkatinize sunulmaktad\u0131r.<br>HANG\u0130 K\u0130\u015e\u0130SEL VER\u0130LER\u0130N\u0130Z\u0130 \u0130\u015eL\u0130YORUZ?<br>Taraf\u0131m\u0131zca, siz veya \u00e7al\u0131\u015ft\u0131\u011f\u0131n\u0131z kurum taraf\u0131ndan bizimle payla\u015f\u0131lmas\u0131 veya gerekli olmas\u0131 halinde,<br>i\u015flemeye konu olabilecek ki\u015fisel verileriniz a\u015fa\u011f\u0131daki gibidir:<br>Kimlik Verisi<br>Ticari ili\u015fkimizin kurulmas\u0131 i\u00e7in sizden ald\u0131\u011f\u0131m\u0131z ad, soyad\u0131, T.C. kimlik numaras\u0131 gibi ki\u015fisel<br>verilerinizi toplamakta ve i\u015flemekteyiz.<br>\u0130leti\u015fim Verisi<br>Sizinle ileti\u015fim kurabilmek amac\u0131yla telefon numaras\u0131, e-posta adresi, faks numaras\u0131 gibi ileti\u015fim<br>bilgilerini sizden talep etmekte ve i\u015flemekteyiz.<br>Finansal Veri<br>Yasal y\u00fck\u00fcml\u00fcl\u00fcklerimizi yerine getirmek ve aram\u0131zdaki ili\u015fki kapsam\u0131nda gerekli finansal takibi<br>ger\u00e7ekle\u015ftirebilmek i\u00e7in fatura bedelleri, vade s\u00fcreleri gibi verileri i\u015flemekteyiz.<br>G\u00f6rsel Veri<br>\u015eirket g\u00fcvenli\u011fini sa\u011flamak amac\u0131yla g\u00fcvenlik kameras\u0131 kay\u0131tlar\u0131ndaki g\u00f6r\u00fcnt\u00fcn\u00fcz gibi verileri elde<br>etmekte ve i\u015flemekteyiz.<br>\u00d6zel Nitelikli Ki\u015fisel Veri<br>\u0130\u015f sa\u011fl\u0131\u011f\u0131 ve g\u00fcvenli\u011fi y\u00fck\u00fcml\u00fcl\u00fcklerinin yerine getirilmesi i\u00e7in gerekli hallerle kayd\u0131yla ilgili sa\u011fl\u0131k<br>bilgileri gibi ki\u015fisel verilerinizi sizden talep etmekte ve i\u015flemekteyiz.<\/p>\n\n\n\n<p>K\u0130\u015e\u0130SEL VER\u0130LER\u0130N\u0130Z\u0130 NE \u015eEK\u0130LDE VE HANG\u0130 SEBEPLERLE TOPLUYORUZ?<br>Sizinle i\u015f ili\u015fkisini kurabilmek ve y\u00f6netmek hususundaki me\u015fru menfaatimiz gere\u011fi toplad\u0131\u011f\u0131m\u0131z<br>ki\u015fisel verilerin sahibi olan ilgili \u00e7al\u0131\u015fan veya temsilcilerinize ili\u015fkin verileri topluyoruz.<\/p>\n\n\n\n<p>Aram\u0131zdaki s\u00f6zle\u015fmenin ifas\u0131 ve \u00f6deme ger\u00e7ekle\u015ftirme gibi s\u00f6zle\u015fmesel y\u00fck\u00fcml\u00fcl\u00fcklerimizi yerine<br>getirmek amac\u0131yla \u00e7al\u0131\u015fanlar\u0131n\u0131za ve temsilcilerinize ait ki\u015fisel verileri topluyoruz.<br>Fatura d\u00fczenleme hukuki y\u00fck\u00fcml\u00fcl\u00fc\u011f\u00fcm\u00fcz\u00fc yerine getirmek amac\u0131yla \u015fah\u0131s \u015firketiyseniz ad\u0131n\u0131z,<br>soyad\u0131n\u0131z ve T.C. kimlik numaran\u0131z gibi fatura \u00fczerinde belirtilmesi gerekli bilgileri topluyoruz.<br>Ger\u00e7ekle\u015ftirdi\u011finiz faaliyet dolay\u0131s\u0131yla gerekli hallerde i\u015f sa\u011fl\u0131\u011f\u0131 ve g\u00fcvenli\u011fi bak\u0131m\u0131ndan hukuki<br>y\u00fck\u00fcml\u00fcl\u00fcklerimizi yerine getirmek amac\u0131yla siz veya \u00e7al\u0131\u015ft\u0131\u011f\u0131n\u0131z kurum taraf\u0131ndan bildirilen ilgili<br>sa\u011fl\u0131k bilgilerinizi topluyoruz.<br>K\u0130\u015e\u0130SEL VER\u0130LER\u0130N\u0130Z\u0130 HANG\u0130 AMA\u00c7LARLA \u0130\u015eL\u0130YORUZ?<br>\u015eirket taraf\u0131ndan ki\u015fisel verileriniz a\u015fa\u011f\u0131da belirtilen ama\u00e7 ve sebeplerle i\u015flenmektedir.<br>\uf0a7 Tedarik\u00e7ilerle gerekli ileti\u015fimin sa\u011flanmas\u0131<br>\uf0a7 Tedarik\u00e7ilerden mal ve hizmet tedariki i\u00e7in s\u00f6zle\u015fme yap\u0131lmas\u0131 ve tamamlanmas\u0131<br>\uf0a7 Tedarik\u00e7ilerin faturalar\u0131n\u0131n kay\u0131t alt\u0131na al\u0131n\u0131p gerekli \u00f6demelerin yap\u0131lmas\u0131<br>\uf0a7 Finans ve muhasebe kay\u0131tlar\u0131n\u0131n tutulmas\u0131, tedarik\u00e7ilerin d\u00fczenlemi\u015f olduklar\u0131 fatura, serbest<br>meslek makbuzu gibi resmi evraklar\u0131n kaydedilmesi<br>\uf0a7 Fatura d\u00fczenleme, mali ve vergisel d\u00fczenlemeler ba\u015fta olmak \u00fczere, mevzuattan kaynaklanan<br>y\u00fck\u00fcml\u00fcl\u00fcklerimizin yerine getirilmesi, hukuka uygun adli ve idari talepleri kar\u015f\u0131lama, i\u015f<br>sa\u011fl\u0131\u011f\u0131 ve g\u00fcvenli\u011fi gereklerinin yerine getirilmesi<br>Ki\u015fisel verileriniz, ilgili mevzuatta belirtilen veya i\u015flendikleri ama\u00e7 i\u00e7in gerekli olan azami s\u00fcre ve her<br>halde kanuni zamana\u015f\u0131m\u0131 s\u00fcreleri kadar muhafaza edilecektir.<br>K\u0130\u015e\u0130SEL VER\u0130LER\u0130N\u0130Z\u0130N YURT \u0130\u00c7\u0130NDEK\u0130 \u00dc\u00c7\u00dcNC\u00dc K\u0130\u015e\u0130LERLE PAYLA\u015eILMASI<br>\uf0a7 Talep gelmesi durumunda verileriniz hukuki y\u00fck\u00fcml\u00fcl\u00fcklerimiz kapsam\u0131nda mahkemelere ve<br>hukuka uygun talep ve kararlar \u00e7er\u00e7evesinde istenirse kamu kurum ve kurulu\u015flar\u0131na<br>aktar\u0131labilmektedir.<br>\uf0a7 Bir ihtilaf olmas\u0131 halinde ki\u015fisel verileriniz savunma hakk\u0131m\u0131z\u0131n kullan\u0131labilmesi i\u00e7in<br>avukatlar\u0131m\u0131zla payla\u015f\u0131labilir.<br>\uf0a7 Yasal ve s\u00f6zle\u015fmesel y\u00fck\u00fcml\u00fcl\u00fcklerimizin yerine getirilmesi i\u00e7in iletilmesi gerekli olan ki\u015fisel<br>verileriniz ilgili kurumlara (\u00d6rn: Sosyal G\u00fcvenlik Kurumu, bankalar gibi) iletilmektedir.<br>HAKLARINIZ<br>KVKK\u2019n\u0131n 11. maddesi gere\u011fi bize \u015fahsen, kimli\u011finizi ispat etmeniz kayd\u0131yla, ki\u015fisel verileriniz ile<br>ilgili;<\/p>\n\n\n\n<p>\uf0a7 Hakk\u0131n\u0131zda ki\u015fisel veri i\u015fleyip i\u015flemedi\u011fimizi \u00f6\u011frenebilir, e\u011fer i\u015fliyorsak veya i\u015flemi\u015fsek,<br>buna ili\u015fkin bilgi talep edebilirsiniz.<br>\uf0a7 Ki\u015fisel verilerinizin i\u015flenme amac\u0131n\u0131 ve bunlar\u0131n amac\u0131na uygun kullan\u0131l\u0131p kullan\u0131lmad\u0131\u011f\u0131<br>\u00f6\u011frenebilirsiniz.<br>\uf0a7 Ki\u015fisel verilerinizin yurt i\u00e7i veya yurt d\u0131\u015f\u0131na aktar\u0131l\u0131p aktar\u0131lmad\u0131\u011f\u0131n\u0131 ve kimlere aktar\u0131ld\u0131\u011f\u0131n\u0131<br>\u00f6\u011frenebilirsiniz.<br>\uf0a7 Yanl\u0131\u015f ve eksik ki\u015fisel verilerinizin d\u00fczeltilmesini ve bu verilerin aktar\u0131ld\u0131\u011f\u0131 veya aktar\u0131lm\u0131\u015f<br>olabilece\u011fi al\u0131c\u0131lar\u0131n bilgilendirilmesini talep edebilirsiniz.<br>\uf0a7 Ki\u015fisel verilerinizin KVKK madde 7\u2019de \u00f6ng\u00f6r\u00fclen \u015fartlar \u00e7er\u00e7evesinde imha edilmesini<br>(silinmesini, yok edilmesini veya anonim hale getirilmesini) talep edebilirsiniz. Ancak imha<br>talebinizi de\u011ferlendirerek hangi y\u00f6ntemin uygun oldu\u011fu somut olay\u0131n ko\u015fullar\u0131na g\u00f6re<br>taraf\u0131m\u0131zca de\u011ferlendirilecektir. Bu ba\u011flamda se\u00e7ti\u011fimiz imha y\u00f6ntemini neden se\u00e7ti\u011fimiz ile<br>ilgili bizden her zaman bilgi talep edebilirsiniz.<br>\uf0a7 Ki\u015fisel verilerinizin aktar\u0131ld\u0131\u011f\u0131 veya aktar\u0131labilece\u011fi \u00fc\u00e7\u00fcnc\u00fc ki\u015filerin s\u00f6z konusu imha<br>talebiniz ile ilgili bilgilendirilmesini talep edebilirsiniz.<br>\uf0a7 M\u00fcnhas\u0131ran bir otomatik sistem kullan\u0131larak olu\u015fturulmu\u015f ki\u015fisel veri analizinizin sonu\u00e7lar\u0131na<br>bu sonu\u00e7lar \u00e7\u0131karlar\u0131n\u0131za ayk\u0131r\u0131ysa itiraz edebilirsiniz.<br>\uf0a7 Ki\u015fisel verilerinizin kanuna ayk\u0131r\u0131 olarak i\u015flenmesi sebebiyle zarara u\u011framan\u0131z halinde zarar\u0131n<br>giderilmesini talep edebilirsiniz.<br>Ba\u015fvurunuzda yer alan talepleriniz, talebin niteli\u011fine g\u00f6re en ge\u00e7 otuz g\u00fcn i\u00e7inde \u00fccretsiz olarak<br>sonu\u00e7land\u0131r\u0131lacakt\u0131r. Ancak, i\u015flemin \u015eirket i\u00e7in ayr\u0131ca bir maliyeti gerektirmesi h\u00e2linde, Ki\u015fisel<br>Verileri Koruma Kurulu taraf\u0131ndan Veri Sorumlusuna Ba\u015fvuru Usul Ve Esaslar\u0131 Hakk\u0131nda Tebli\u011f\u2019de<br>belirlenen tarifedeki \u00fccret al\u0131nabilir.<\/p>\n\n\n\n<p>Ki\u015fisel verilerinizin i\u015flenmesi ile ilgili hususlarda ba\u015fvurunuzu \u015eirketin internet adresinde bulunan<br>ba\u015fvuru formunu doldurarak veya Veri Sorumlusuna Ba\u015fvuru Usul Ve Esaslar\u0131 Hakk\u0131nda Tebli\u011f\u2019in 5.<br>maddesinde \u015fartlara uymak kayd\u0131yla a\u015fa\u011f\u0131daki \u015fekillerde yapabilirsiniz:<\/p>\n\n\n\n<p>\uf0a7 Yaz\u0131l\u0131 ve imzal\u0131 olarak<br>\uf0a7 Kay\u0131tl\u0131 elektronik posta (KEP) adresinizden g\u00f6nderece\u011finiz e-posta ile<br>\uf0a7 G\u00fcvenli elektronik imza veya mobil imza ile<br>\uf0a7 Bize daha \u00f6nce bildirdi\u011finiz ve kay\u0131tlar\u0131m\u0131zda yer alan elektronik posta adresinizi kullanarak<br>\u015eirketimize teslim edebilirsiniz.<\/p>\n\n\n\n<p>\u015eirket taraf\u0131ndan talebinizin niteli\u011fine ve ba\u015fvuru y\u00f6nteminize g\u00f6re \u015eirket taraf\u0131ndan ba\u015fvurunun size<br>ait olup olmad\u0131\u011f\u0131n\u0131n belirlenmesi ve b\u00f6ylece haklar\u0131n\u0131z\u0131 koruyabilmek amac\u0131yla ek do\u011frulamalar<br>(kay\u0131tl\u0131 telefonunuza mesaj g\u00f6nderilmesi, aranman\u0131z gibi) isteyebiliriz. \u00d6rne\u011fin \u015eirkette kay\u0131tl\u0131 olan e-<\/p>\n\n\n\n<p>posta adresiniz arac\u0131l\u0131\u011f\u0131yla ba\u015fvuru yapman\u0131z halinde \u015eirkette kay\u0131tl\u0131 ba\u015fka bir ileti\u015fim y\u00f6ntemini<br>kullanarak size ula\u015fabilir ve ba\u015fvurunun size ait olup olmad\u0131\u011f\u0131n\u0131n teyidini isteyebiliriz.<\/p>\n\n\n\n<p>HAKLARINIZI NASIL KULLANAB\u0130L\u0130RS\u0130N\u0130Z?<\/p>\n\n\n\n<p>https:\/\/www.polatgroup.com.tr\/uploads\/file\/Veri-Sahibi-Basvuru-Formu-Polat-Group-Holding.pdf<br>ba\u011flant\u0131s\u0131n\u0131 kullanarak indirebilece\u011finiz \u201cba\u015fvuru formu\u201dnu talebiniz\/\u015fik\u00e2yetiniz do\u011frultusunda<br>doldurarak, s\u00f6z konusu formu fiziki olarak doldurarak \u201cAtaOsb Mah. Astim Denizli Cad. Vetnecar<br>Blok No:14 Efeler \/ Ayd\u0131n\u201d adresine zarf\u0131n \u00fczerine \u201cKi\u015fisel Verilerin Korunmas\u0131 Kanunu Bilgi Talebi\u201d<br>yazarak noter vas\u0131tas\u0131yla veya g\u00fcvenli elektronik imza kullanarak pgkimyaas@hs03.kep.tr adresine<br>konu k\u0131sm\u0131na \u201cKi\u015fisel Verilerin Korunmas\u0131 Kanunu Bilgi Talebi\u201d yazarak g\u00f6nderebilirsiniz.<br>Talebinizi \u00fcstte g\u00f6sterilen y\u00f6ntemlerden birisini kullanarak taraf\u0131m\u0131za iletmeniz durumunda KVKK<br>md. 13\/2 gere\u011fince, talebiniz en ge\u00e7 30 g\u00fcn i\u00e7inde de\u011ferlendirilecek ve taraf\u0131n\u0131za konuyla ilgili bilgi<br>verilecektir. E\u011fer talebiniz kabul edilirse, gerekli i\u015flemler derhal veri sorumlusu \u015e\u0130RKET taraf\u0131ndan<br>yerine getirilecektir.<br>Talepler kural olarak \u00fccretsiz kar\u015f\u0131lan\u0131r ancak, talebin gere\u011fini yerine getirmek masraf gerektiriyorsa<br>\u201cVeri Sorumlusuna Ba\u015fvuru Usul ve Esaslar\u0131 Hk. Tebli\u011f\u201d madde 7\u2019de \u00f6ng\u00f6r\u00fclen; \u201c\u0130lgili ki\u015finin<br>ba\u015fvurusuna yaz\u0131l\u0131 olarak cevap verilecekse, 10 sayfaya kadar \u00fccret al\u0131nmaz. 10 sayfan\u0131n \u00fczerindeki<br>her sayfa i\u00e7in 1 TL i\u015flem \u00fccreti al\u0131nabilir. Ba\u015fvuruya cevab\u0131n CD, flash bellek gibi bir kay\u0131t ortam\u0131nda<br>verilmesi halinde veri sorumlusu taraf\u0131ndan talep edilebilecek \u00fccret kay\u0131t ortam\u0131n\u0131n maliyetini<br>ge\u00e7emez.\u201d H\u00fckm\u00fc gere\u011fince \u015e\u0130RKET taraf\u0131ndan \u00fccret istenebilecektir.<\/p>\n\n\n\n<p>\u0130LET\u0130\u015e\u0130M B\u0130LG\u0130LER\u0130<br>PG K\u0130MYA Anonim \u015eirketi<br>Mersis No: 0729112897900001<br>Adres: AtaOsb Mah. Astim Denizli Cad. Vetnecar Blok No:14 Efeler \/ Ayd\u0131n<br>\u0130nternet Sitesi :<br>Kep Adresi : pgkimyaas@hs03.kep.tr<\/p>\n\n\n\n<p>\u0130RT\u0130BAT K\u0130\u015e\u0130S\u0130<br>Ad\u0131: Ay\u00e7a Selen<br>Soyad\u0131: KAHVEC\u0130<br>Unvan\u0131: Hukuk ve Uyum M\u00fc\u015faviri<br>E-posta: kvkk@polatgroup.com.tr<\/p>","protected":false},"excerpt":{"rendered":"<p>K\u0130\u015e\u0130SEL VER\u0130LER\u0130N KORUNMASI AYDINLATMA METN\u0130 PG K\u0130MYA A.\u015e. (\u201c\u015eirket\u201d) ile payla\u015ft\u0131\u011f\u0131n\u0131z ki\u015fisel verileriniz veri sorumlusu s\u0131fat\u0131yla taraf\u0131m\u0131zcahassasiyetle korunmaktad\u0131r. Bu kapsamda, hangi ki\u015fisel verilerinizi ne ama\u00e7larla i\u015fleyece\u011fimizi sizea\u00e7\u0131klamak \u00fczere i\u015fbu Ayd\u0131nlatma Metni haz\u0131rlanm\u0131\u015f olup, 6698 say\u0131l\u0131 Ki\u015fisel Verilerin Korunmas\u0131Kanunu (\u201cKVKK\u201d) m.10 kapsam\u0131nda ayd\u0131nlatma y\u00fck\u00fcml\u00fcl\u00fc\u011f\u00fcn\u00fc yerine getirmek amac\u0131ylaKVKK\u2019dan kaynaklanan haklar\u0131n\u0131z ve \u015eirketimizin uygulamalar\u0131 dikkatinize sunulmaktad\u0131r.HANG\u0130 K\u0130\u015e\u0130SEL VER\u0130LER\u0130N\u0130Z\u0130 [&#8230;]","protected":false},"author":1,"featured_media":0,"parent":0,"menu_order":0,"comment_status":"closed","ping_status":"closed","template":"page-blank-title-center.php","meta":{"footnotes":""},"class_list":["post-1217","page","type-page","status-publish","hentry"],"_links":{"self":[{"href":"https:\/\/vetnacare.com\/en\/wp-json\/wp\/v2\/pages\/1217","targetHints":{"allow":["GET"]}}],"collection":[{"href":"https:\/\/vetnacare.com\/en\/wp-json\/wp\/v2\/pages"}],"about":[{"href":"https:\/\/vetnacare.com\/en\/wp-json\/wp\/v2\/types\/page"}],"author":[{"embeddable":true,"href":"https:\/\/vetnacare.com\/en\/wp-json\/wp\/v2\/users\/1"}],"replies":[{"embeddable":true,"href":"https:\/\/vetnacare.com\/en\/wp-json\/wp\/v2\/comments?post=1217"}],"version-history":[{"count":1,"href":"https:\/\/vetnacare.com\/en\/wp-json\/wp\/v2\/pages\/1217\/revisions"}],"predecessor-version":[{"id":1219,"href":"https:\/\/vetnacare.com\/en\/wp-json\/wp\/v2\/pages\/1217\/revisions\/1219"}],"wp:attachment":[{"href":"https:\/\/vetnacare.com\/en\/wp-json\/wp\/v2\/media?parent=1217"}],"curies":[{"name":"wp","href":"https:\/\/api.w.org\/{rel}","templated":true}]}}