{"id":1220,"date":"2025-04-21T07:51:15","date_gmt":"2025-04-21T07:51:15","guid":{"rendered":"https:\/\/vetnacare.com\/?page_id=1220"},"modified":"2025-04-21T08:00:33","modified_gmt":"2025-04-21T08:00:33","slug":"web-sitesi-basvuru-formu","status":"publish","type":"page","link":"https:\/\/vetnacare.com\/en\/web-sitesi-basvuru-formu\/","title":{"rendered":"Web Sitesi Ba\u015fvuru Formu"},"content":{"rendered":"<p>Veri sahiplerinin KVK Kanunu\u2019nun 13\u2019\u00fcnc\u00fc maddesinin 1\u2019inci f\u0131kras\u0131 gere\u011fince<br>haklar\u0131n\u0131 kullanmakla ilgili taleplerini, a\u015fa\u011f\u0131daki y\u00f6ntemlerle \u015eirketimize iletmesi gerekli<br>ve yeterlidir;<\/p>\n\n\n\n<p>Ba\u015fvuru Y\u00f6ntemi Ba\u015fvurunun Yap\u0131laca\u011f\u0131<br>Adres<\/p>\n\n\n\n<p>Ba\u015fvuru<br>G\u00f6nderiminde<br>Belirtilecek Bilgi<\/p>\n\n\n\n<p>\u015eahsen Ba\u015fvuru<br>(Ba\u015fvuru sahibinin bizzat<br>gelerek kimli\u011fini tevsik<br>edici belge ile<br>ba\u015fvurmas\u0131)<\/p>\n\n\n\n<p>AtaOsb Mah. Astim Denizli<br>Cad. Vetnecar Blok No:14<br>Efeler \/ Ayd\u0131n<\/p>\n\n\n\n<p>Zarf\u0131n \u00fczerine \u201cKi\u015fisel<br>Verilerin Korunmas\u0131<br>Kanunu Kapsam\u0131nda<br>Bilgi Talebi\u201d<br>Yaz\u0131lacakt\u0131r.<\/p>\n\n\n\n<p>Noter vas\u0131tas\u0131yla<br>Tebligat<\/p>\n\n\n\n<p>AtaOsb Mah. Astim<br>Denizli Cad. Vetnecar<br>Blok No:14 Efeler\/Ayd\u0131n<br>pgkimyaas@hs03.kep.tr<\/p>\n\n\n\n<p>Tebligat zarf\u0131na<br>\u201cKi\u015fisel Verilerin<br>Korunmas\u0131 Kanunu<br>Kapsam\u0131nda Bilgi<br>Talebi\u201d Yaz\u0131lacakt\u0131r.<\/p>\n\n\n\n<p>\u201cG\u00fcvenli Elektronik<br>imza\u201d \u0130le imzalanarak<br>Kay\u0131tl\u0131 Elektronik<br>Posta (KEP) Yoluyla<\/p>\n\n\n\n<p>pgkimyaas@hs03.kep.tr<\/p>\n\n\n\n<p>E-postan\u0131n konu<br>k\u0131sm\u0131na \u201cKi\u015fisel<br>Verilerin Korunmas\u0131<br>Kanunu Bilgi Talebi\u201d<br>Ba\u015fvuruda, ad, soyada ve ba\u015fvuru yaz\u0131l\u0131 ise imza, T\u00fcrkiye Cumhuriyeti vatanda\u015flar\u0131 i\u00e7in<br>T.C. Kimlik Numaras\u0131, yabanc\u0131lar i\u00e7in uyru\u011fu, pasaport numaras\u0131 veya varsa kimlik<br>numaras\u0131, Tebligata esas yerle\u015fim yeri veya i\u015fyeri adresi, Varsa bildirime esas elektronik<br>posta adresi, telefon ve faks numaras\u0131, talep konusu, bulunmas\u0131 zorunludur. Konuya<br>ili\u015fkin bilgi ve belgeler de ba\u015fvuruya eklenir.<br>Ki\u015fisel veri sahipleri ad\u0131na \u00fc\u00e7\u00fcnc\u00fc ki\u015filer taraf\u0131ndan talepte bulunulmas\u0131 m\u00fcmk\u00fcn<br>de\u011fildir. Ki\u015fisel veri sahibinin kendisi d\u0131\u015f\u0131nda bir ki\u015finin talepte bulunmas\u0131 i\u00e7in konuya<br>ili\u015fkin olarak ki\u015fisel veri sahibi taraf\u0131ndan ba\u015fvuruda bulunacak ki\u015fi ad\u0131na d\u00fczenlenmi\u015f<br>\u00f6zel vek\u00e2letname bulunmal\u0131d\u0131r.<br>KVKK madde 11 uyar\u0131nca \u015eirketimize ba\u015fvurarak; 1. Ki\u015fisel verilerinizin i\u015flenip<br>i\u015flenmedi\u011fini \u00f6\u011frenme, 2. Ki\u015fisel verileriniz i\u015flenmi\u015fse buna ili\u015fkin bilgi talep etme, 3.<br>Ki\u015fisel verilerinizin i\u015flenme amac\u0131n\u0131 ve bunlar\u0131n amac\u0131na uygun kullan\u0131l\u0131p<br>kullan\u0131lmad\u0131\u011f\u0131n\u0131 \u00f6\u011frenme, 4. Yurt i\u00e7inde veya yurt d\u0131\u015f\u0131nda Ki\u015fisel Verilerinizin aktar\u0131ld\u0131\u011f\u0131<br>\u00fc\u00e7\u00fcnc\u00fc ki\u015fileri bilme, 5. Ki\u015fisel verilerinizin eksik veya yanl\u0131\u015f i\u015flenmi\u015f olmas\u0131 h\u00e2linde<br>bunlar\u0131n d\u00fczeltilmesini isteme, 6. Ama\u00e7, s\u00fcre ve me\u015fruiyet prensipleri d\u00e2hilinde<br>de\u011ferlendirilmek \u00fczere Ki\u015fisel Verilerinizin i\u015flenmesini gerektiren sebeplerin ortadan<br>kalkmas\u0131 halinde silinmesini veya yok edilmesini isteme, 7. Ki\u015fisel verilerinizin<br>d\u00fczeltilmesi, silinmesi ya da yok edilmesi halinde bu i\u015flemlerin Ki\u015fisel Verilerin<br>aktar\u0131ld\u0131\u011f\u0131 \u00fc\u00e7\u00fcnc\u00fc ki\u015filere bildirilmesini isteme, 8. \u0130\u015flenen Ki\u015fisel Verilerinizin<br>m\u00fcnhas\u0131ran otomatik sistemler vas\u0131tas\u0131yla analiz edilmesi durumunda aleyhinize bir<\/p>\n\n\n\n<p>sonucun ortaya \u00e7\u0131kmas\u0131 halinde bu sonuca itiraz etme, 9. Ki\u015fisel verilerinizin kanuna<br>ayk\u0131r\u0131 olarak i\u015flenmesi ve bu sebeple zarara u\u011framan\u0131z h\u00e2linde zarar\u0131n giderilmesini<br>talep etme haklar\u0131na sahipsiniz.<br>Ki\u015fisel veri sahibi olarak sahip oldu\u011funuz ve yukar\u0131da belirtilen haklar\u0131n\u0131z\u0131 kullanmak<br>i\u00e7in yapaca\u011f\u0131n\u0131z ve kullanmay\u0131 talep etti\u011finiz hakka ili\u015fkin a\u00e7\u0131klamalar\u0131n\u0131z\u0131 i\u00e7eren<br>ba\u015fvuruda; talep etti\u011finiz hususun a\u00e7\u0131k ve anla\u015f\u0131l\u0131r olmas\u0131, talep etti\u011finiz konunun<br>\u015fahs\u0131n\u0131z ile ilgili olmas\u0131 veya ba\u015fkas\u0131 ad\u0131na hareket ediyor iseniz bu konuda \u00f6zel olarak<br>yetkili olman\u0131z ve yetkinizi belgelendirilmesi, ba\u015fvurunun kimlik ve adres bilgilerini<br>i\u00e7ermesi ve ba\u015fvuruya kimli\u011finizi tevsik edici belgelerin eklenmesi gerekmektedir.<br>Bu kapsamda yapaca\u011f\u0131n\u0131z ba\u015fvurular m\u00fcmk\u00fcn olan en k\u0131sa zaman diliminde ve en \u00e7ok<br>30 g\u00fcn i\u00e7erisinde sonu\u00e7land\u0131r\u0131lacakt\u0131r. S\u00f6z konusu ba\u015fvurular \u00fccretsizdir. Ancak, i\u015flemin<br>ayr\u0131ca bir maliyeti gerektirmesi h\u00e2linde, Ki\u015fisel Verileri Koruma Kurulca belirlenen<br>tarifedeki \u00fccret al\u0131nabilir.<br>Ad\u0131 Soyad\u0131:<br>T.C. Kimlik Numaras\u0131:<br>Adres (cevab\u0131 adresinize talep etmeniz durumunda doldurunuz:<br>Cep Telefonu:<br>E- Posta (cevab\u0131 e-posta ile talep etmeniz durumunda doldurunuz):<br>Kep adresi (cevab\u0131 e-posta ile talep etmeniz durumunda doldurunuz):<br>BA\u015eVURU SAH\u0130B\u0130 TALEP DETAYI (Ki\u015fisel Verilerin Korunmas\u0131 Kanunu uyar\u0131nca<br>yukar\u0131da say\u0131lan haklar\u0131n\u0131z kapsam\u0131nda talebinizi a\u015fa\u011f\u0131da belirtiniz):<\/p>\n\n\n\n<p>BEYAN<br>Veri Sorumlusu s\u0131fat\u0131yla \u015eirketinize yapm\u0131\u015f oldu\u011fum ba\u015fvurumun Ki\u015fisel Verilerin<br>Korunmas\u0131 Kanunu&#8217;nun 13. maddesi uyar\u0131nca de\u011ferlendirilerek cevab\u0131n taraf\u0131ma yukar\u0131da<br>belirtti\u011fim<br>( ) e-posta veya kep adresi arac\u0131l\u0131\u011f\u0131 ile g\u00f6nderilmesini talep ederim.<br>( ) Adresime g\u00f6nderilmesini talep ederim.<br>( ) Elden teslim edilmesini talep ederim.<br>Tarih:<br>Ad\u0131 Soyad\u0131:<br>\u0130mza:<\/p>","protected":false},"excerpt":{"rendered":"<p>Veri sahiplerinin KVK Kanunu\u2019nun 13\u2019\u00fcnc\u00fc maddesinin 1\u2019inci f\u0131kras\u0131 gere\u011fincehaklar\u0131n\u0131 kullanmakla ilgili taleplerini, a\u015fa\u011f\u0131daki y\u00f6ntemlerle \u015eirketimize iletmesi gereklive yeterlidir; Ba\u015fvuru Y\u00f6ntemi Ba\u015fvurunun Yap\u0131laca\u011f\u0131Adres Ba\u015fvuruG\u00f6nderimindeBelirtilecek Bilgi \u015eahsen Ba\u015fvuru(Ba\u015fvuru sahibinin bizzatgelerek kimli\u011fini tevsikedici belge ileba\u015fvurmas\u0131) AtaOsb Mah. Astim DenizliCad. Vetnecar Blok No:14Efeler \/ Ayd\u0131n Zarf\u0131n \u00fczerine \u201cKi\u015fiselVerilerin Korunmas\u0131Kanunu Kapsam\u0131ndaBilgi Talebi\u201dYaz\u0131lacakt\u0131r. Noter vas\u0131tas\u0131ylaTebligat AtaOsb Mah. AstimDenizli Cad. VetnecarBlok No:14 [&#8230;]","protected":false},"author":1,"featured_media":0,"parent":0,"menu_order":0,"comment_status":"closed","ping_status":"closed","template":"page-blank-title-center.php","meta":{"footnotes":""},"class_list":["post-1220","page","type-page","status-publish","hentry"],"_links":{"self":[{"href":"https:\/\/vetnacare.com\/en\/wp-json\/wp\/v2\/pages\/1220","targetHints":{"allow":["GET"]}}],"collection":[{"href":"https:\/\/vetnacare.com\/en\/wp-json\/wp\/v2\/pages"}],"about":[{"href":"https:\/\/vetnacare.com\/en\/wp-json\/wp\/v2\/types\/page"}],"author":[{"embeddable":true,"href":"https:\/\/vetnacare.com\/en\/wp-json\/wp\/v2\/users\/1"}],"replies":[{"embeddable":true,"href":"https:\/\/vetnacare.com\/en\/wp-json\/wp\/v2\/comments?post=1220"}],"version-history":[{"count":1,"href":"https:\/\/vetnacare.com\/en\/wp-json\/wp\/v2\/pages\/1220\/revisions"}],"predecessor-version":[{"id":1221,"href":"https:\/\/vetnacare.com\/en\/wp-json\/wp\/v2\/pages\/1220\/revisions\/1221"}],"wp:attachment":[{"href":"https:\/\/vetnacare.com\/en\/wp-json\/wp\/v2\/media?parent=1220"}],"curies":[{"name":"wp","href":"https:\/\/api.w.org\/{rel}","templated":true}]}}