{"id":1224,"date":"2025-04-21T07:54:05","date_gmt":"2025-04-21T07:54:05","guid":{"rendered":"https:\/\/vetnacare.com\/?page_id=1224"},"modified":"2025-04-21T07:57:46","modified_gmt":"2025-04-21T07:57:46","slug":"aydinlatma-metni","status":"publish","type":"page","link":"https:\/\/vetnacare.com\/en\/aydinlatma-metni\/","title":{"rendered":"Ayd\u0131nlatma Metni"},"content":{"rendered":"<p>Ki\u015fisel Verilerin Korunmas\u0131 ve \u0130\u015flenmesi Politikas\u0131 i\u00e7eri\u011fine a\u015fa\u011f\u0131daki linkten eri\u015febilirsiniz.<\/p>\n\n\n\n<ul class=\"wp-block-list\">\n<li><a href=\"https:\/\/vetnacare.com\/en\/web-sitesi-basvuru-formu\/\" data-type=\"page\" data-id=\"1220\">Ki\u015fisel Verilerin Korunmas\u0131 Kanunu Kapsam\u0131nda Ba\u015fvuru Formu<\/a><\/li>\n\n\n\n<li><a href=\"https:\/\/vetnacare.com\/en\/calisan-adayi-aydinlatma-metni\/\" target=\"_blank\" data-type=\"page\" data-id=\"1222\" rel=\"noreferrer noopener\">\u00c7al\u0131\u015fan Aday\u0131 Ayd\u0131nlatma Metni<\/a><\/li>\n\n\n\n<li><a href=\"https:\/\/vetnacare.com\/en\/stajyer-aydinlatma-metni\/\" target=\"_blank\" data-type=\"page\" data-id=\"1215\" rel=\"noreferrer noopener\">Stajyer Ayd\u0131nlatma Metni<\/a><\/li>\n\n\n\n<li><a href=\"https:\/\/vetnacare.com\/en\/calisan-aydinlatma-metni\/\" target=\"_blank\" data-type=\"page\" data-id=\"1208\" rel=\"noreferrer noopener\">\u00c7al\u0131\u015fan Ayd\u0131nlatma Metni<\/a><\/li>\n\n\n\n<li><a href=\"https:\/\/vetnacare.com\/en\/musteri-aydinlatma-metni\/\" target=\"_blank\" data-type=\"page\" data-id=\"1212\" rel=\"noreferrer noopener\">M\u00fc\u015fteri Ayd\u0131nlatma Metni<\/a><\/li>\n\n\n\n<li><a href=\"https:\/\/vetnacare.com\/en\/tedarikci-aydinlatma-metni\/\" target=\"_blank\" data-type=\"page\" data-id=\"1217\" rel=\"noreferrer noopener\">Tedarik\u00e7i Ayd\u0131nlatma Metni<\/a><\/li>\n\n\n\n<li><a href=\"https:\/\/vetnacare.com\/en\/fuar-aydinlatma-metni\/\" target=\"_blank\" data-type=\"page\" data-id=\"1210\" rel=\"noreferrer noopener\">Fuar Ayd\u0131nlatma Metni<\/a><\/li>\n<\/ul>","protected":false},"excerpt":{"rendered":"<p>Ki\u015fisel Verilerin Korunmas\u0131 ve \u0130\u015flenmesi Politikas\u0131 i\u00e7eri\u011fine a\u015fa\u011f\u0131daki linkten eri\u015febilirsiniz.<\/p>","protected":false},"author":1,"featured_media":0,"parent":0,"menu_order":0,"comment_status":"closed","ping_status":"closed","template":"page-blank-title-center.php","meta":{"footnotes":""},"class_list":["post-1224","page","type-page","status-publish","hentry"],"_links":{"self":[{"href":"https:\/\/vetnacare.com\/en\/wp-json\/wp\/v2\/pages\/1224","targetHints":{"allow":["GET"]}}],"collection":[{"href":"https:\/\/vetnacare.com\/en\/wp-json\/wp\/v2\/pages"}],"about":[{"href":"https:\/\/vetnacare.com\/en\/wp-json\/wp\/v2\/types\/page"}],"author":[{"embeddable":true,"href":"https:\/\/vetnacare.com\/en\/wp-json\/wp\/v2\/users\/1"}],"replies":[{"embeddable":true,"href":"https:\/\/vetnacare.com\/en\/wp-json\/wp\/v2\/comments?post=1224"}],"version-history":[{"count":1,"href":"https:\/\/vetnacare.com\/en\/wp-json\/wp\/v2\/pages\/1224\/revisions"}],"predecessor-version":[{"id":1225,"href":"https:\/\/vetnacare.com\/en\/wp-json\/wp\/v2\/pages\/1224\/revisions\/1225"}],"wp:attachment":[{"href":"https:\/\/vetnacare.com\/en\/wp-json\/wp\/v2\/media?parent=1224"}],"curies":[{"name":"wp","href":"https:\/\/api.w.org\/{rel}","templated":true}]}}