{"id":1227,"date":"2025-04-21T08:15:07","date_gmt":"2025-04-21T08:15:07","guid":{"rendered":"https:\/\/vetnacare.com\/?page_id=1227"},"modified":"2025-04-21T08:15:09","modified_gmt":"2025-04-21T08:15:09","slug":"cerez-politikasi","status":"publish","type":"page","link":"https:\/\/vetnacare.com\/en\/cerez-politikasi\/","title":{"rendered":"\u00c7erez Politikas\u0131"},"content":{"rendered":"<p>PG K\u0130MYA A.\u015e. (\u201c\u015eirket\u201d) olarak,\u00a0https:\/\/vetnacare.com\/ \u00a0web sitesinde\u00a0(\u201c<strong>Site<\/strong>\u201d), sitenin uzant\u0131lar\u0131nda,\u00a0uygulamalar\u0131m\u0131z yahut dijital ortamda sizlerin kullan\u0131m\u0131na sundu\u011fumuz benzeri t\u00fcm\u00a0\u00e7evrimi\u00e7i\u00a0veya \u00e7evrimd\u0131\u015f\u0131\u00a0mecralar\u0131m\u0131z\u0131\u00a0(an\u0131lan t\u00fcm mecralar birlikte\u00a0\u201c<strong>Ortam<\/strong>\u201d\u00a0olarak an\u0131lacakt\u0131r.)\u00a0kullan\u0131m\u0131n\u0131z veya\u00a0ziyaretiniz s\u0131ras\u0131nda sizlerin deneyimini\u00a0geli\u015ftirmek i\u00e7in birtak\u0131m\u00a0teknolojilerden (\u201c<strong>\u00c7erezler<\/strong>\u201d) faydalanmaktay\u0131z.<\/p>\n\n\n\n<p>Bu teknolojilerin kullan\u0131m\u0131 ba\u015fta 6698 say\u0131l\u0131 Ki\u015fisel Verilerin Korunmas\u0131 Kanunu (\u201c<strong>KVKK<\/strong>\u201d veya \u201c<strong>Kanun<\/strong>\u201d) olmak \u00fczere tabi oldu\u011fumuz mevzuata uygun \u015fekilde ger\u00e7ekle\u015ftirilmektedir.<\/p>\n\n\n\n<p>\u0130\u015fbu&nbsp;\u00c7erez Politikas\u0131\u2019n\u0131n&nbsp;amac\u0131,&nbsp;Ortamlara eri\u015fim esnas\u0131nda kullan\u0131lmakta olan&nbsp;\u00e7erezler vas\u0131tas\u0131yla ki\u015fisel verilerin i\u015flenmesine dair sizlere bilgi vermektir.&nbsp;&nbsp;\u0130\u015fbu metinde sitemizde ve uygulamalar\u0131m\u0131zda hangi ama\u00e7larla hangi t\u00fcr \u00e7erezleri kulland\u0131\u011f\u0131m\u0131z\u0131 ve bu \u00e7erezleri nas\u0131l kontrol edebilece\u011finizi sizlere a\u00e7\u0131kl\u0131yoruz.<\/p>\n\n\n\n<p>\u015eirket olarak sitemizde ve uygulamalar\u0131m\u0131zda kulland\u0131\u011f\u0131m\u0131z \u00e7erezleri gerekmesi durumunda kullanmaktan vazge\u00e7ebilir, bunlar\u0131n t\u00fcrlerini veya fonksiyonlar\u0131n\u0131 de\u011fi\u015ftirebilir veya sitemize ve uygulamalar\u0131m\u0131za yeni \u00e7erezler ekleyebiliriz. Dolay\u0131s\u0131yla i\u015fbu \u00c7erez Politikas\u0131\u2019n\u0131n h\u00fck\u00fcmlerini \u00f6ncesinde sitemizde yay\u0131nlamak ve gerekli ayd\u0131nlatmay\u0131 yapmak ko\u015fuluyla diledi\u011fimiz zaman de\u011fi\u015ftirme hakk\u0131n\u0131 sakl\u0131 tutar\u0131z. G\u00fcncel \u00c7erez Politikas\u0131 \u00fczerinde ger\u00e7ekle\u015ftirilmi\u015f olan her t\u00fcrl\u00fc de\u011fi\u015fiklik sitede, uygulamada veya herhangi bir kamuya a\u00e7\u0131k mecrada yay\u0131nlanmakla birlikte y\u00fcr\u00fcrl\u00fck kazanacakt\u0131r. Son g\u00fcncelleme&nbsp;tarihini metnin sonunda bulabilirsiniz.<\/p>\n\n\n\n<p>Ki\u015fisel verilerinizin \u015eirketimiz taraf\u0131ndan i\u015flenme ama\u00e7lar\u0131 konusunda detayl\u0131 bilgilere\u00a0<a href=\"https:\/\/vetnacare.com\/en\/aydinlatma-metni\/\" data-type=\"page\" data-id=\"1224\">buradan<\/a>\u00a0ula\u015fabilirsiniz.<\/p>\n\n\n\n<h4 class=\"wp-block-heading\"><strong>Ki\u015fisel Veri Toplaman\u0131n Y\u00f6ntemi ve Hukuki Sebebi<\/strong><\/h4>\n\n\n\n<p>Ki\u015fisel verileriniz, internet sitemizi ziyaretiniz kapsam\u0131nda veya uygulamalar\u0131m\u0131z\u0131 kullanman\u0131z dolay\u0131s\u0131yla elektronik ortamda \u00e7erezler yoluyla \u015eirketimizin me\u015fru menfaati hukuki sebebine dayal\u0131 olarak toplanmaktad\u0131r. Hedefleme ve profilleme vas\u0131tas\u0131yla ger\u00e7ekle\u015ftirilen tan\u0131t\u0131m faaliyetleri ise yaln\u0131zca a\u00e7\u0131k r\u0131zan\u0131z olmas\u0131 halinde ger\u00e7ekle\u015ftirilmektedir.&nbsp;Toplanan ki\u015fisel verileriniz Kanun\u2019un 5. ve 6. maddelerinde belirtilen ki\u015fisel veri i\u015fleme \u015fartlar\u0131 ve ama\u00e7lar\u0131 kapsam\u0131nda i\u015fbu \u00c7erez Politikas\u0131\u2019nda belirtilen ama\u00e7larla da i\u015flenebilmektedir.<\/p>\n\n\n\n<h4 class=\"wp-block-heading\"><strong>Ki\u015fisel Verilerin Kimlere ve Hangi Ama\u00e7la Aktar\u0131labilece\u011fi<\/strong><\/h4>\n\n\n\n<p>\u015eirket olarak, \u00c7erez Politikas\u0131 kapsam\u0131ndaki ki\u015fisel verilerinizi yukar\u0131da belirtilen ama\u00e7lar\u0131n ger\u00e7ekle\u015ftirilebilmesi ile s\u0131n\u0131rl\u0131 olarak ve mevzuata uygun \u015fekilde, kanunen yetkili kamu kurumlar\u0131yla payla\u015fabiliriz.<\/p>\n\n\n\n<h4 class=\"wp-block-heading\"><strong>Hangi \u00c7erezler Hangi Ama\u00e7larla Kullan\u0131lmaktad\u0131r?<\/strong><\/h4>\n\n\n\n<p>\u015e\u0130RKET olarak sitemizde ve uygulamalar\u0131m\u0131zda \u00e7e\u015fitli ama\u00e7larla \u00e7erezler kullanmakta ve bu \u00e7erezler vas\u0131tas\u0131yla ki\u015fisel verilerinizi i\u015flemekteyiz. Bu ama\u00e7lar ba\u015fl\u0131ca \u015funlard\u0131r:<\/p>\n\n\n\n<ul class=\"wp-block-list\">\n<li>Site\u2019nin ve uygulamalar\u0131n \u00e7al\u0131\u015fmas\u0131 i\u00e7in gerekli temel fonksiyonlar\u0131 ger\u00e7ekle\u015ftirmek.\u00a0\u00d6rne\u011fin, oturum a\u00e7an \u00fcyelerin Site\u2019de farkl\u0131 sayfalar\u0131 ziyaret ederken tekrar \u015fifre girmelerine gerek kalmamas\u0131.<\/li>\n\n\n\n<li>Site\u2019yi ve uygulamalar\u0131 analiz etmek, Site\u2019nin ve uygulamalar\u0131n performans\u0131n\u0131 artt\u0131rmak.\u00a0\u00d6rne\u011fin, Site\u2019nin \u00fczerinde \u00e7al\u0131\u015ft\u0131\u011f\u0131 farkl\u0131 sunucular\u0131n entegrasyonu, Site\u2019yi ziyaret edenlerin say\u0131s\u0131n\u0131n tespit edilmesi ve buna g\u00f6re performans ayarlar\u0131n\u0131n yap\u0131lmas\u0131 ya da ziyaret\u00e7ilerin arad\u0131klar\u0131n\u0131 bulmalar\u0131n\u0131n kolayla\u015ft\u0131r\u0131lmas\u0131.<\/li>\n\n\n\n<li>Site\u2019nin ve uygulamalar\u0131n i\u015flevselli\u011fini artt\u0131rmak ve kullan\u0131m kolayl\u0131\u011f\u0131 sa\u011flamak.\u00a0\u00d6rne\u011fin, Site\u2019yi ziyaret eden ziyaret\u00e7inin daha sonraki ziyaretinde kullan\u0131c\u0131 ad\u0131 bilgisinin ya da arama sorgular\u0131n\u0131n hat\u0131rlanmas\u0131.<\/li>\n\n\n\n<li>Ki\u015fiselle\u015ftirme, hedefleme ve reklamc\u0131l\u0131k faaliyeti ger\u00e7ekle\u015ftirmek.\u00a0\u00d6rne\u011fin, ziyaret\u00e7ilerin g\u00f6r\u00fcnt\u00fcledikleri sayfa ve \u00fcr\u00fcnler \u00fczerinden ziyaret\u00e7ilerin ilgi alanlar\u0131yla ba\u011flant\u0131l\u0131 reklam g\u00f6sterilmesi.\u00a0<\/li>\n<\/ul>\n\n\n\n<h4 class=\"wp-block-heading\"><strong>Sitemizde ve Uygulamalar\u0131m\u0131zda Kullan\u0131lan \u00c7erezler<\/strong><\/h4>\n\n\n\n<p>A\u015fa\u011f\u0131da sitemizde ve uygulamalar\u0131m\u0131zda kulland\u0131\u011f\u0131m\u0131z farkl\u0131 t\u00fcrdeki \u00e7erezleri bulabilirsiniz. Sitemizde ve uygulamalar\u0131m\u0131zda hem birinci parti \u00e7erezler (ziyaret etti\u011finiz site taraf\u0131ndan yerle\u015ftirilen) hem de \u00fc\u00e7\u00fcnc\u00fc parti \u00e7erezleri (ziyaret etti\u011finiz site haricindeki sunucular taraf\u0131ndan yerle\u015ftirilen) kullan\u0131lmaktad\u0131r.<\/p>\n\n\n\n<h4 class=\"wp-block-heading\"><strong>Zorunlu \u00c7erezler<\/strong><\/h4>\n\n\n\n<p>Belli \u00e7erezlerin kullan\u0131m\u0131 sitemizin ve uygulamalar\u0131m\u0131z\u0131n do\u011fru bi\u00e7imde \u00e7al\u0131\u015fmas\u0131 i\u00e7in zorunludur. \u00d6rne\u011fin sitemizde oturum a\u00e7t\u0131\u011f\u0131n\u0131zda devreye giren kimlik do\u011frulama \u00e7erezleri, sitemizde bir sayfadan di\u011ferine ge\u00e7i\u015finizde etkin olan oturumunuzun devam etmesini sa\u011flamaktad\u0131r.<\/p>\n\n\n\n<figure class=\"wp-block-table\"><table class=\"has-fixed-layout\"><tbody><tr><td><strong>\u00c7erez Hizmet Sa\u011flay\u0131c\u0131s\u0131<\/strong><\/td><td><strong>\u00c7erez \u0130smi<\/strong><\/td><td><strong>\u00c7erezin Amac\u0131<\/strong><\/td><td><strong>\u00c7erez Tipi<\/strong><\/td><td><strong>\u00c7erez S\u00fcresi<\/strong><\/td><\/tr><tr><td>vetnacare.com<\/td><td>PHPSESSID<\/td><td>Bu \u00e7erez PHP uygulamalar\u0131na \u00f6zg\u00fcd\u00fcr. \u00c7erez, web sitesinde kullan\u0131c\u0131 oturumunu y\u00f6netmek amac\u0131yla bir kullan\u0131c\u0131n\u0131n benzersiz oturum kimli\u011fini depolamak ve tan\u0131mlamak i\u00e7in kullan\u0131l\u0131r. Tan\u0131mlama bilgisi bir oturum tan\u0131mlama bilgisidir ve t\u00fcm taray\u0131c\u0131 pencereleri kapat\u0131ld\u0131\u011f\u0131nda silinir.<\/td><td>Gerekli<\/td><td>Oturum sonu<\/td><\/tr><\/tbody><\/table><\/figure>\n\n\n\n<p><strong>Performans ve Analiz \u00c7erezleri<\/strong><br>Bu \u00e7erezler sayesinde sitemizi ve uygulamalar\u0131m\u0131z\u0131 kullan\u0131m\u0131n\u0131z\u0131 ve performans analizi yaparak sizlere verdi\u011fimiz hizmetleri daha iyi hale getirebiliyoruz. \u00d6rne\u011fin bu \u00e7erezler sayesinde ziyaret\u00e7ilerimizin en \u00e7ok hangi sayfalar\u0131 g\u00f6r\u00fcnt\u00fcledi\u011fini, sitemizin gerekti\u011fi gibi \u00e7al\u0131\u015f\u0131p \u00e7al\u0131\u015fmad\u0131\u011f\u0131n\u0131 ve olas\u0131 problemleri tespit edebiliyoruz.<\/p>\n\n\n\n<figure class=\"wp-block-table\"><table class=\"has-fixed-layout\"><tbody><tr><td><strong>\u00c7erez Hizmet Sa\u011flay\u0131c\u0131s\u0131<\/strong><\/td><td><strong>\u00c7erez \u0130smi<\/strong><\/td><td><strong>\u00c7erezin Amac\u0131<\/strong><\/td><td><strong>\u00c7erez Tipi<\/strong><\/td><td><strong>\u00c7erez S\u00fcresi<\/strong><\/td><\/tr><tr><td>.vetnacare.com<\/td><td>_ga<\/td><td>Google Analytics taraf\u0131ndan y\u00fcklenen _ga \u00e7erezi, ziyaret\u00e7i, oturum ve kampanya verilerini hesaplar ve ayr\u0131ca sitenin analiz raporu i\u00e7in site kullan\u0131m\u0131n\u0131 takip eder. \u00c7erez, bilgileri anonim olarak saklar ve benzersiz ziyaret\u00e7ileri tan\u0131mak i\u00e7in rastgele olu\u015fturulmu\u015f bir say\u0131 atar.<\/td><td>Analytics<\/td><td>2 y\u0131l<\/td><\/tr><tr><td>.vetnacare.com<\/td><td>_ga_T8S5Q5ZP67<\/td><td>Bu \u00e7erez, Google Analytics taraf\u0131ndan y\u00fcklenir.<\/td><td>Analytics<\/td><td>2 y\u0131l<\/td><\/tr><\/tbody><\/table><\/figure>\n\n\n\n<h4 class=\"wp-block-heading\"><strong>\u00c7erezlerin Kullan\u0131m\u0131n\u0131 Nas\u0131l Kontrol Edebilirim?<\/strong><\/h4>\n\n\n\n<p>\u00c7erez ve benzeri teknolojilerin kullan\u0131m\u0131 konusunda ziyaret\u00e7i ve kullan\u0131c\u0131lar\u0131m\u0131z\u0131n tercihleri bizler i\u00e7in esast\u0131r. Buna kar\u015f\u0131n, Ortam\u2019\u0131n \u00e7al\u0131\u015fmas\u0131 i\u00e7in zorunlu olan \u00e7erezlerin kullan\u0131lmas\u0131 gerekmektedir. Ek olarak baz\u0131 \u00e7erezlerin kapat\u0131lmas\u0131 halinde Ortam\u2019\u0131n birtak\u0131m i\u015flevlerinin k\u0131smen ya da tamamen \u00e7al\u0131\u015fmayabilece\u011fini hat\u0131rlatmak isteriz.<br>&nbsp;<br>Ortam\u2019da&nbsp;kullan\u0131lan&nbsp;\u00e7erezlere&nbsp;dair tercihlerinizi ne \u015fekilde y\u00f6netebilece\u011finize ili\u015fkin bilgiler a\u015fa\u011f\u0131daki gibidir:\u202f&nbsp;<\/p>\n\n\n\n<ul class=\"wp-block-list\">\n<li>Ziyaret\u00e7iler,\u00a0Ortam\u2019\u0131\u00a0g\u00f6r\u00fcnt\u00fcledikleri taray\u0131c\u0131 ayarlar\u0131n\u0131 de\u011fi\u015ftirerek \u00e7erezlere ili\u015fkin tercihlerini ki\u015fiselle\u015ftirme imk\u00e2n\u0131na sahiptir. E\u011fer kullan\u0131lmakta olan taray\u0131c\u0131 bu imk\u00e2n\u0131 sunmaktaysa, taray\u0131c\u0131 ayarlar\u0131 \u00fczerinden\u00a0\u00e7erezlere\u00a0ili\u015fkin tercihleri de\u011fi\u015ftirmek m\u00fcmk\u00fcnd\u00fcr. B\u00f6ylelikle, taray\u0131c\u0131n\u0131n sunmu\u015f oldu\u011fu imk\u00e2nlara g\u00f6re farkl\u0131l\u0131k g\u00f6sterebilmekle birlikte, veri sahiplerinin \u00e7erezlerin kullan\u0131lmas\u0131n\u0131 engelleme, \u00e7erez kullan\u0131lmadan \u00f6nce uyar\u0131 almay\u0131 tercih etme veya sadece baz\u0131\u00a0\u00e7erezleri\u00a0devre b\u0131rakma ya da silme imk\u00e2nlar\u0131 bulunmaktad\u0131r.<\/li>\n\n\n\n<li>Bu konudaki tercihler kullan\u0131lan taray\u0131c\u0131ya g\u00f6re de\u011fi\u015fiklik g\u00f6stermekle birlikte genel a\u00e7\u0131klamaya\u00a0https:\/\/www.aboutcookies.org\/\u202f\u202fadresinden ula\u015fmak m\u00fcmk\u00fcnd\u00fcr. \u00c7erezlere ili\u015fkin tercihlerin, ziyaret\u00e7inin\u00a0Ortam\u2019a\u00a0eri\u015fim sa\u011flad\u0131\u011f\u0131 her bir cihaz \u00f6zelinde ayr\u0131 ayr\u0131 yap\u0131lmas\u0131 gerekebilecektir.\u00a0<\/li>\n\n\n\n<li>Mobil cihazlar \u00fczerinden\u00a0\u00e7erezleri\u00a0y\u00f6netmek i\u00e7in mobil cihaza ait ayarlar men\u00fcs\u00fc kullan\u0131labilir.<\/li>\n<\/ul>\n\n\n\n<figure class=\"wp-block-table\"><table class=\"has-fixed-layout\"><tbody><tr><td>Adobe Analytics<\/td><td><a href=\"http:\/\/www.adobe.com\/uk\/privacy\/opt-out.html\" target=\"_blank\" rel=\"noopener\">http:\/\/www.adobe.com\/uk\/privacy\/opt-out.html<\/a><\/td><\/tr><tr><td>AOL<\/td><td><a href=\"https:\/\/help.aol.com\/articles\/restore-security-settings-and-enable-cookie-settings-on-browser\" target=\"_blank\" rel=\"noopener\">https:\/\/help.aol.com\/articles\/restore-security-settings-and-enable-cookie-settings-on-browser<\/a><\/td><\/tr><tr><td>Google Adwords<\/td><td><a href=\"https:\/\/support.google.com\/ads\/answer\/2662922?hl=en\" target=\"_blank\" rel=\"noopener\">https:\/\/support.google.com\/ads\/answer\/2662922?hl=en<\/a><\/td><\/tr><tr><td>Google Analytics<\/td><td><a href=\"https:\/\/tools.google.com\/dlpage\/gaoptout\" target=\"_blank\" rel=\"noopener\">https:\/\/tools.google.com\/dlpage\/gaoptout<\/a><\/td><\/tr><tr><td>Google Chrome<\/td><td><a href=\"http:\/\/www.google.com\/support\/chrome\/bin\/answer.py?hl=en&amp;answer=95647\" target=\"_blank\" rel=\"noopener\">http:\/\/www.google.com\/support\/chrome\/bin\/answer.py?hl=en&amp;answer=95647<\/a><\/td><\/tr><tr><td>Internet Explorer<\/td><td><a href=\"https:\/\/support.microsoft.com\/en-us\/help\/17442\/windows-internet-explorer-delete-manage-cookies\" target=\"_blank\" rel=\"noopener\">https:\/\/support.microsoft.com\/en-us\/help\/17442\/windows-internet-explorer-delete-manage-cookies<\/a><\/td><\/tr><tr><td>MozillaFirefox<\/td><td><a href=\"http:\/\/support.mozilla.com\/en-US\/kb\/Cookies\" target=\"_blank\" rel=\"noopener\">http:\/\/support.mozilla.com\/en-US\/kb\/Cookies<\/a><\/td><\/tr><tr><td>Opera<\/td><td><a href=\"http:\/\/www.opera.com\/browser\/tutorials\/security\/privacy\/\" target=\"_blank\" rel=\"noopener\">http:\/\/www.opera.com\/browser\/tutorials\/security\/privacy\/<\/a><\/td><\/tr><tr><td>Safari:<\/td><td><a href=\"https:\/\/support.apple.com\/kb\/ph19214?locale=tr_TR\" target=\"_blank\" rel=\"noopener\">https:\/\/support.apple.com\/kb\/ph19214?locale=tr_TR<\/a><\/td><\/tr><\/tbody><\/table><\/figure>\n\n\n\n<h4 class=\"wp-block-heading\"><strong>Veri Sahibi Olarak Haklar\u0131n\u0131z Nelerdir?<\/strong><\/h4>\n\n\n\n<p>KVK Kanunu\u2019nun 11. maddesi uyar\u0131nca veri sahipleri,<\/p>\n\n\n\n<ul class=\"wp-block-list\">\n<li>ki\u015fisel veri i\u015flenip i\u015flenmedi\u011fini \u00f6\u011frenme,<\/li>\n\n\n\n<li>ki\u015fisel verileri i\u015flenmi\u015fse buna ili\u015fkin bilgi talep etme,<\/li>\n\n\n\n<li>ki\u015fisel verilerin i\u015flenme amac\u0131n\u0131 ve bunlar\u0131n amac\u0131na uygun kullan\u0131l\u0131p kullan\u0131lmad\u0131\u011f\u0131n\u0131 \u00f6\u011frenme,<\/li>\n\n\n\n<li>yurt i\u00e7inde veya yurt d\u0131\u015f\u0131nda ki\u015fisel verilerin aktar\u0131ld\u0131\u011f\u0131 \u00fc\u00e7\u00fcnc\u00fc ki\u015fileri bilme,<\/li>\n\n\n\n<li>ki\u015fisel verilerin eksik veya yanl\u0131\u015f i\u015flenmi\u015f olmas\u0131 h\u00e2linde bunlar\u0131n d\u00fczeltilmesini isteme ve bu kapsamda yap\u0131lan i\u015flemin ki\u015fisel verilerin aktar\u0131ld\u0131\u011f\u0131 \u00fc\u00e7\u00fcnc\u00fc ki\u015filere bildirilmesini isteme,<\/li>\n\n\n\n<li>KVKK ve ilgili mevzuata uygun olarak i\u015flenmi\u015f olmas\u0131na ra\u011fmen, i\u015flenmesini gerektiren sebeplerin ortadan kalkmas\u0131 h\u00e2linde ki\u015fisel verilerin silinmesini veya yok edilmesini isteme ve bu kapsamda yap\u0131lan i\u015flemin ki\u015fisel verilerin aktar\u0131ld\u0131\u011f\u0131 \u00fc\u00e7\u00fcnc\u00fc ki\u015filere bildirilmesini isteme,<\/li>\n\n\n\n<li>i\u015flenen verilerin m\u00fcnhas\u0131ran otomatik sistemler vas\u0131tas\u0131yla analiz edilmesi suretiyle ki\u015finin kendisi aleyhine bir sonucun ortaya \u00e7\u0131kmas\u0131na itiraz etme,<\/li>\n\n\n\n<li>ki\u015fisel verilerin kanuna ayk\u0131r\u0131 olarak i\u015flenmesi sebebiyle zarara u\u011framas\u0131 h\u00e2linde zarar\u0131n giderilmesini talep etme<\/li>\n<\/ul>\n\n\n\n<p>haklar\u0131na sahiptir.<br><strong>\u00a0<\/strong><br>Yukar\u0131da s\u0131ralanan haklar\u0131n\u0131zla ilgili ba\u015fvurular\u0131n\u0131z\u0131\u00a0<a href=\"https:\/\/vetnacare.com\/en\/web-sitesi-basvuru-formu\/\" target=\"_blank\" data-type=\"page\" data-id=\"1220\" rel=\"noreferrer noopener\">\u015eirket \u0130lgili Ki\u015fi Ba\u015fvuru Formu<\/a>\u2019nu doldurarak \u015eirketimize iletebilirsiniz.\u00a0 Talebiniz 30 g\u00fcn i\u00e7inde sonu\u00e7land\u0131r\u0131larak cevap iletilecektir. Talepler kural olarak \u00fccretsiz kar\u015f\u0131lan\u0131r ancak, talebin gere\u011fini yerine getirmek masraf gerektiriyorsa \u201cVeri Sorumlusuna Ba\u015fvuru Usul ve Esaslar\u0131 Hk. Tebli\u011f\u201d madde 7\u2019de \u00f6ng\u00f6r\u00fclen;\u00a0<em>\u201c\u0130lgili ki\u015finin ba\u015fvurusuna yaz\u0131l\u0131 olarak cevap verilecekse, 10 sayfaya kadar \u00fccret al\u0131nmaz. 10 sayfan\u0131n \u00fczerindeki her sayfa i\u00e7in 1 TL i\u015flem \u00fccreti al\u0131nabilir. Ba\u015fvuruya cevab\u0131n CD, flash bellek gibi bir kay\u0131t ortam\u0131nda verilmesi halinde veri sorumlusu taraf\u0131ndan talep edilebilecek \u00fccret kay\u0131t ortam\u0131n\u0131n maliyetini ge\u00e7emez.\u201d<\/em>\u00a0H\u00fckm\u00fc gere\u011fince \u015eirket taraf\u0131ndan \u00fccret istenebilecektir.<\/p>","protected":false},"excerpt":{"rendered":"<p>PG K\u0130MYA A.\u015e. (\u201c\u015eirket\u201d) olarak,\u00a0https:\/\/vetnacare.com\/ \u00a0web sitesinde\u00a0(\u201cSite\u201d), sitenin uzant\u0131lar\u0131nda,\u00a0uygulamalar\u0131m\u0131z yahut dijital ortamda sizlerin kullan\u0131m\u0131na sundu\u011fumuz benzeri t\u00fcm\u00a0\u00e7evrimi\u00e7i\u00a0veya \u00e7evrimd\u0131\u015f\u0131\u00a0mecralar\u0131m\u0131z\u0131\u00a0(an\u0131lan t\u00fcm mecralar birlikte\u00a0\u201cOrtam\u201d\u00a0olarak an\u0131lacakt\u0131r.)\u00a0kullan\u0131m\u0131n\u0131z veya\u00a0ziyaretiniz s\u0131ras\u0131nda sizlerin deneyimini\u00a0geli\u015ftirmek i\u00e7in birtak\u0131m\u00a0teknolojilerden (\u201c\u00c7erezler\u201d) faydalanmaktay\u0131z. Bu teknolojilerin kullan\u0131m\u0131 ba\u015fta 6698 say\u0131l\u0131 Ki\u015fisel Verilerin Korunmas\u0131 Kanunu (\u201cKVKK\u201d veya \u201cKanun\u201d) olmak \u00fczere tabi oldu\u011fumuz mevzuata uygun \u015fekilde ger\u00e7ekle\u015ftirilmektedir. \u0130\u015fbu&nbsp;\u00c7erez Politikas\u0131\u2019n\u0131n&nbsp;amac\u0131,&nbsp;Ortamlara eri\u015fim esnas\u0131nda [&#8230;]","protected":false},"author":1,"featured_media":0,"parent":0,"menu_order":0,"comment_status":"closed","ping_status":"closed","template":"","meta":{"footnotes":""},"class_list":["post-1227","page","type-page","status-publish","hentry"],"_links":{"self":[{"href":"https:\/\/vetnacare.com\/en\/wp-json\/wp\/v2\/pages\/1227","targetHints":{"allow":["GET"]}}],"collection":[{"href":"https:\/\/vetnacare.com\/en\/wp-json\/wp\/v2\/pages"}],"about":[{"href":"https:\/\/vetnacare.com\/en\/wp-json\/wp\/v2\/types\/page"}],"author":[{"embeddable":true,"href":"https:\/\/vetnacare.com\/en\/wp-json\/wp\/v2\/users\/1"}],"replies":[{"embeddable":true,"href":"https:\/\/vetnacare.com\/en\/wp-json\/wp\/v2\/comments?post=1227"}],"version-history":[{"count":1,"href":"https:\/\/vetnacare.com\/en\/wp-json\/wp\/v2\/pages\/1227\/revisions"}],"predecessor-version":[{"id":1228,"href":"https:\/\/vetnacare.com\/en\/wp-json\/wp\/v2\/pages\/1227\/revisions\/1228"}],"wp:attachment":[{"href":"https:\/\/vetnacare.com\/en\/wp-json\/wp\/v2\/media?parent=1227"}],"curies":[{"name":"wp","href":"https:\/\/api.w.org\/{rel}","templated":true}]}}