{"id":1233,"date":"2025-04-21T11:34:03","date_gmt":"2025-04-21T11:34:03","guid":{"rendered":"https:\/\/vetnacare.com\/?page_id=1233"},"modified":"2025-04-21T11:34:04","modified_gmt":"2025-04-21T11:34:04","slug":"genel-sart-ve-kosullar","status":"publish","type":"page","link":"https:\/\/vetnacare.com\/en\/genel-sart-ve-kosullar\/","title":{"rendered":"Genel \u015eart ve Ko\u015fullar"},"content":{"rendered":"<p>&#8220;Polat Group Holding Genel \u015eart ve Ko\u015fullar\u0131&#8221; i\u00e7eriklerine&nbsp;a\u015fa\u011f\u0131daki linklerden&nbsp;eri\u015febilirsiniz:<\/p>\n\n\n\n<ul class=\"wp-block-list\">\n<li><a href=\"https:\/\/www.polatas.com.tr\/uploads\/file\/Polat-Group-Genel-Sart-ve-Kosullar.pdf\" target=\"_blank\" rel=\"noreferrer noopener\">Polat Group Holding Genel \u015eart ve Ko\u015fullar (PDF)<\/a><\/li>\n\n\n\n<li><a href=\"https:\/\/www.polatas.com.tr\/uploads\/file\/Polat-Group-Satin-Alma-Siparisi-Genel-Sart-ve-Kosullar.pdf\" target=\"_blank\" rel=\"noreferrer noopener\">Polat Group Holding Sat\u0131n Alma Genel \u015eart ve Ko\u015fullar (PDF)<\/a><\/li>\n<\/ul>","protected":false},"excerpt":{"rendered":"<p>&#8220;Polat Group Holding Genel \u015eart ve Ko\u015fullar\u0131&#8221; i\u00e7eriklerine&nbsp;a\u015fa\u011f\u0131daki linklerden&nbsp;eri\u015febilirsiniz:<\/p>","protected":false},"author":1,"featured_media":0,"parent":0,"menu_order":0,"comment_status":"closed","ping_status":"closed","template":"page-blank-title-center.php","meta":{"footnotes":""},"class_list":["post-1233","page","type-page","status-publish","hentry"],"_links":{"self":[{"href":"https:\/\/vetnacare.com\/en\/wp-json\/wp\/v2\/pages\/1233","targetHints":{"allow":["GET"]}}],"collection":[{"href":"https:\/\/vetnacare.com\/en\/wp-json\/wp\/v2\/pages"}],"about":[{"href":"https:\/\/vetnacare.com\/en\/wp-json\/wp\/v2\/types\/page"}],"author":[{"embeddable":true,"href":"https:\/\/vetnacare.com\/en\/wp-json\/wp\/v2\/users\/1"}],"replies":[{"embeddable":true,"href":"https:\/\/vetnacare.com\/en\/wp-json\/wp\/v2\/comments?post=1233"}],"version-history":[{"count":1,"href":"https:\/\/vetnacare.com\/en\/wp-json\/wp\/v2\/pages\/1233\/revisions"}],"predecessor-version":[{"id":1234,"href":"https:\/\/vetnacare.com\/en\/wp-json\/wp\/v2\/pages\/1233\/revisions\/1234"}],"wp:attachment":[{"href":"https:\/\/vetnacare.com\/en\/wp-json\/wp\/v2\/media?parent=1233"}],"curies":[{"name":"wp","href":"https:\/\/api.w.org\/{rel}","templated":true}]}}