{"id":376,"date":"2023-02-20T12:22:28","date_gmt":"2023-02-20T12:22:28","guid":{"rendered":"https:\/\/vetnacare.com\/?page_id=376"},"modified":"2025-02-19T08:17:22","modified_gmt":"2025-02-19T08:17:22","slug":"vetnavit-hip-joint","status":"publish","type":"page","link":"https:\/\/vetnacare.com\/en\/vetnavit-hip-joint\/","title":{"rendered":"VetNaVit Hip &#038; Joint"},"content":{"rendered":"<section class=\"section\" id=\"section_982231856\">\n\t\t<div class=\"bg section-bg fill bg-fill bg-loaded bg-loaded\" >\n\n\t\t\t\n\t\t\t\n\t\t\t\n\n\t\t<\/div>\n\n\t\t\n\t<div class=\"ux-shape-divider ux-shape-divider--bottom ux-shape-divider--style-waves-opacity\">\n\t\t<svg viewbox=\"0 0 1000 300\" xmlns=\"http:\/\/www.w3.org\/2000\/svg\" preserveaspectratio=\"none\">\n    <path class=\"ux-shape-fill\" d=\"M0 300L-1 69.71C216 57 299.47 198.86 403 226C506 253 577 196 660 197C740 198 790.09 234.07 874 267C935.23 291 982 282.61 1000 277.61V300H0Z\"\/>\n    <path class=\"ux-shape-fill\" opacity=\"0.5\" d=\"M1 265.094L0 50.5C217 37.79 300.47 186.36 404 213.5C507 240.5 578 196.5 661 197.5C741 198.5 787.59 239.57 871.5 272.5C932.73 296.5 980.5 284.5 998.5 279.5V298.5L1 265.094Z\"\/>\n    <path class=\"ux-shape-fill\" opacity=\"0.15\" d=\"M0.999878 244.094L-0.00012207 27C217 14.29 300.47 173.86 404 201C507 228 578 196 661 197C741 198 787.59 243.07 871.5 276C932.73 300 980.5 284.5 998.5 279.5V299L0.999878 244.094Z\"\/>\n<\/svg>\n\n\t<\/div>\n\n\t\t<div class=\"section-content relative\">\n\t\t\t\n\n\t<div id=\"gap-1735659143\" class=\"gap-element clearfix\" style=\"display:block; height:auto;\">\n\t\t\n<style>\n#gap-1735659143 {\n  padding-top: 75px;\n}\n<\/style>\n\t<\/div>\n\t\n\n<div class=\"row row-collapse row-full-width align-middle\"  id=\"row-597315858\">\n\n\n\t<div id=\"col-512133921\" class=\"col medium-6 small-12 large-6\"  >\n\t\t\t\t<div class=\"col-inner text-center\"  >\n\t\t\t\n\t<div class=\"is-border\"\n\t\tstyle=\"border-width:0px 0px 0px 0px;\">\n\t<\/div>\n\t\t\t\n\n\t<div class=\"img has-hover x md-x lg-x y md-y lg-y\" id=\"image_939985335\">\n\t\t\t\t\t\t\t\t<div class=\"img-inner dark\" >\n\t\t\t<img loading=\"lazy\" decoding=\"async\" width=\"1667\" height=\"1667\" src=\"https:\/\/vetnacare.com\/wp-content\/uploads\/2024\/04\/hipjoint.png\" class=\"attachment-original size-original\" alt=\"\" srcset=\"https:\/\/vetnacare.com\/wp-content\/uploads\/2024\/04\/hipjoint.png 1667w, https:\/\/vetnacare.com\/wp-content\/uploads\/2024\/04\/hipjoint-300x300.png 300w, https:\/\/vetnacare.com\/wp-content\/uploads\/2024\/04\/hipjoint-1024x1024.png 1024w, https:\/\/vetnacare.com\/wp-content\/uploads\/2024\/04\/hipjoint-150x150.png 150w, https:\/\/vetnacare.com\/wp-content\/uploads\/2024\/04\/hipjoint-768x768.png 768w, https:\/\/vetnacare.com\/wp-content\/uploads\/2024\/04\/hipjoint-1536x1536.png 1536w, https:\/\/vetnacare.com\/wp-content\/uploads\/2024\/04\/hipjoint-12x12.png 12w\" sizes=\"auto, (max-width: 1667px) 100vw, 1667px\" \/>\t\t\t\t\t\t\n\t\t\t\t\t<\/div>\n\t\t\t\t\t\t\t\t\n<style>\n#image_939985335 {\n  width: 71%;\n}\n<\/style>\n\t<\/div>\n\t\n\n\n\t\t<\/div>\n\t\t\t\t\t<\/div>\n\n\t\n\n\t<div id=\"col-489857123\" class=\"col medium-4 small-12 large-4\"  >\n\t\t\t\t<div class=\"col-inner\"  >\n\t\t\t\n\t<div class=\"is-border\"\n\t\tstyle=\"border-width:0px 0px 0px 0px;\">\n\t<\/div>\n\t\t\t\n\n\t<div id=\"text-2874472832\" class=\"text\">\n\t\t\n\n<p>Immune System Support<\/p>\n\t\t\n<style>\n#text-2874472832 {\n  font-size: 0.75rem;\n  line-height: 0.75;\n  color: rgb(148, 149, 153);\n}\n#text-2874472832 > * {\n  color: rgb(148, 149, 153);\n}\n<\/style>\n\t<\/div>\n\t\n\t<div id=\"text-2176919801\" class=\"text\">\n\t\t\n\n<h2><strong>VetNaVit Hip &amp; Joint<\/strong><\/h2>\n\t\t\n<style>\n#text-2176919801 {\n  font-size: 1.35rem;\n  color: rgb(219, 164, 150);\n}\n#text-2176919801 > * {\n  color: rgb(219, 164, 150);\n}\n<\/style>\n\t<\/div>\n\t\n\t<div id=\"text-2067104278\" class=\"text\">\n\t\t\n\n<p><strong>VetNaVit Hip &amp; Joint<\/strong>, kedi, k\u00f6peklerin eklem ve ba\u011f doku geli\u015fimini desteklemek i\u00e7in \u00f6zel olarak form\u00fcle edilmi\u015f destek \u00fcr\u00fcn\u00fcd\u00fcr.<\/p>\n\t\t\n<style>\n#text-2067104278 {\n  font-size: 1.05rem;\n  text-align: left;\n}\n<\/style>\n\t<\/div>\n\t\n<a href=\"#ozellik\" target=\"_self\" class=\"button primary\"  style=\"border-radius:10px;\">\n    <span>See features<\/span>\n  <\/a>\n\n\n\n\t\t<\/div>\n\t\t\t\t\t<\/div>\n\n\t\n\n<\/div>\n\t<div id=\"gap-896036424\" class=\"gap-element clearfix\" style=\"display:block; height:auto;\">\n\t\t\n<style>\n#gap-896036424 {\n  padding-top: 30px;\n}\n<\/style>\n\t<\/div>\n\t\n\n\n\t\t<\/div>\n\n\t\t\n<style>\n#section_982231856 {\n  padding-top: 0px;\n  padding-bottom: 0px;\n  background-color: rgb(243, 238, 227);\n}\n#section_982231856 .ux-shape-divider--top svg {\n  height: 150px;\n  --divider-top-width: 100%;\n}\n#section_982231856 .ux-shape-divider--bottom svg {\n  height: 150px;\n  --divider-width: 100%;\n}\n<\/style>\n\t<\/section>\n\t\n\t<section class=\"section\" id=\"section_1473309086\">\n\t\t<div class=\"bg section-bg fill bg-fill bg-loaded bg-loaded\" >\n\n\t\t\t\n\t\t\t\n\t\t\t\n\n\t\t<\/div>\n\n\t\t\n\n\t\t<div class=\"section-content relative\">\n\t\t\t\n\n<span class=\"scroll-to\" data-label=\"Scroll to: #ozellik\" data-bullet=\"false\" data-link=\"#ozellik\" data-title=\"Change this\"><a name=\"ozellik\"><\/a><\/span>\n\n<div class=\"row\"  id=\"row-1964822679\">\n\n\n\t<div id=\"col-1374814998\" class=\"col medium-6 small-12 large-6\"  >\n\t\t\t\t<div class=\"col-inner\"  >\n\t\t\t\n\t\t\t\n\n<h3>Usage Advice<\/h3>\n<p>Unless recommended otherwise by the veterinarian, 1 pack\/day for every 10 kg body weight in cats and dogs should be used directly orally or mixed with food regularly to support the treatment.<\/p>\n<h4><strong>Active Ingredients \/ 1 Pack, 5 g<\/strong><\/h4>\n<p><strong data-start=\"92\" data-end=\"105\">(13.12.2)<\/strong> Kondroitin S\u00fclfat: <strong data-start=\"125\" data-end=\"134\">40 mg<br \/><\/strong><strong data-start=\"139\" data-end=\"151\">(13.9.1)<\/strong> MSM (Metils\u00fclfonilmetan): <strong data-start=\"178\" data-end=\"187\">20 mg<br \/><\/strong><strong data-start=\"192\" data-end=\"203\">(3b201)<\/strong> Magnezyum Sitrat: <strong data-start=\"222\" data-end=\"230\">1 mg<br \/><\/strong><strong data-start=\"235\" data-end=\"247\">(13.2.8)<\/strong> Glukozamin S\u00fclfat: <strong data-start=\"267\" data-end=\"277\">550 mg<br \/><\/strong><strong data-start=\"282\" data-end=\"293\">(3a671)<\/strong> D\u2083 Vitamini: <strong data-start=\"307\" data-end=\"317\">400 IU<\/strong><\/p>\n<h3>Inactive Content<\/h3>\n<p><strong data-start=\"353\" data-end=\"365\">(1.1.18)<\/strong> S\u0131v\u0131 malt ekstresi (arpa)<br \/><strong data-start=\"396\" data-end=\"408\">(13.3.6)<\/strong> Maltodekstrin<br \/><strong data-start=\"427\" data-end=\"437\">(E414)<\/strong> Arabik gum<br \/><strong data-start=\"453\" data-end=\"463\">(E466)<\/strong> Karboksilmetil sel\u00fcloz<br \/><strong data-start=\"491\" data-end=\"501\">(E422)<\/strong> Gliserin<br \/><strong data-start=\"515\" data-end=\"527\">(2.20.1)<\/strong> Bitkisel s\u0131v\u0131 ve kat\u0131 ya\u011flar<br \/><strong data-start=\"561\" data-end=\"571\">(E202)<\/strong> Potasyum sorbat<br \/><strong data-start=\"592\" data-end=\"603\">(1a700)<\/strong> Sodyum Benzoat<br \/><strong data-start=\"623\" data-end=\"635\">(1c322i)<\/strong> S\u0131v\u0131 lesitin<br \/><strong data-start=\"653\" data-end=\"661\">(2b)<\/strong> Do\u011fayla \u00f6zde\u015f ci\u011fer aromas\u0131<\/p>\n\n\t\t<\/div>\n\t\t\t\t\t<\/div>\n\n\t\n\n\t<div id=\"col-32037691\" class=\"col medium-6 small-12 large-6\"  >\n\t\t\t\t<div class=\"col-inner\"  >\n\t\t\t\n\t\t\t\n\n\t<div class=\"img has-hover x md-x lg-x y md-y lg-y\" id=\"image_1737508050\">\n\t\t\t\t\t\t\t\t<div class=\"img-inner dark\" >\n\t\t\t<img loading=\"lazy\" decoding=\"async\" width=\"4000\" height=\"4000\" src=\"https:\/\/vetnacare.com\/wp-content\/uploads\/2024\/04\/Vetnavit_HipJoint-stick.png\" class=\"attachment-original size-original\" alt=\"\" srcset=\"https:\/\/vetnacare.com\/wp-content\/uploads\/2024\/04\/Vetnavit_HipJoint-stick.png 4000w, https:\/\/vetnacare.com\/wp-content\/uploads\/2024\/04\/Vetnavit_HipJoint-stick-300x300.png 300w, https:\/\/vetnacare.com\/wp-content\/uploads\/2024\/04\/Vetnavit_HipJoint-stick-1024x1024.png 1024w, https:\/\/vetnacare.com\/wp-content\/uploads\/2024\/04\/Vetnavit_HipJoint-stick-150x150.png 150w, https:\/\/vetnacare.com\/wp-content\/uploads\/2024\/04\/Vetnavit_HipJoint-stick-768x768.png 768w, https:\/\/vetnacare.com\/wp-content\/uploads\/2024\/04\/Vetnavit_HipJoint-stick-1536x1536.png 1536w, https:\/\/vetnacare.com\/wp-content\/uploads\/2024\/04\/Vetnavit_HipJoint-stick-2048x2048.png 2048w, https:\/\/vetnacare.com\/wp-content\/uploads\/2024\/04\/Vetnavit_HipJoint-stick-12x12.png 12w\" sizes=\"auto, (max-width: 4000px) 100vw, 4000px\" \/>\t\t\t\t\t\t\n\t\t\t\t\t<\/div>\n\t\t\t\t\t\t\t\t\n<style>\n#image_1737508050 {\n  width: 100%;\n}\n<\/style>\n\t<\/div>\n\t\n\n\n\t\t<\/div>\n\t\t\t\t\t<\/div>\n\n\t\n\n<\/div>\n\n\t\t<\/div>\n\n\t\t\n<style>\n#section_1473309086 {\n  padding-top: 0px;\n  padding-bottom: 0px;\n}\n#section_1473309086 .ux-shape-divider--top svg {\n  height: 150px;\n  --divider-top-width: 100%;\n}\n#section_1473309086 .ux-shape-divider--bottom svg {\n  height: 150px;\n  --divider-width: 100%;\n}\n<\/style>\n\t<\/section>","protected":false},"excerpt":{"rendered":"","protected":false},"author":2,"featured_media":0,"parent":0,"menu_order":0,"comment_status":"closed","ping_status":"closed","template":"page-blank.php","meta":{"footnotes":""},"class_list":["post-376","page","type-page","status-publish","hentry"],"_links":{"self":[{"href":"https:\/\/vetnacare.com\/en\/wp-json\/wp\/v2\/pages\/376","targetHints":{"allow":["GET"]}}],"collection":[{"href":"https:\/\/vetnacare.com\/en\/wp-json\/wp\/v2\/pages"}],"about":[{"href":"https:\/\/vetnacare.com\/en\/wp-json\/wp\/v2\/types\/page"}],"author":[{"embeddable":true,"href":"https:\/\/vetnacare.com\/en\/wp-json\/wp\/v2\/users\/2"}],"replies":[{"embeddable":true,"href":"https:\/\/vetnacare.com\/en\/wp-json\/wp\/v2\/comments?post=376"}],"version-history":[{"count":12,"href":"https:\/\/vetnacare.com\/en\/wp-json\/wp\/v2\/pages\/376\/revisions"}],"predecessor-version":[{"id":1195,"href":"https:\/\/vetnacare.com\/en\/wp-json\/wp\/v2\/pages\/376\/revisions\/1195"}],"wp:attachment":[{"href":"https:\/\/vetnacare.com\/en\/wp-json\/wp\/v2\/media?parent=376"}],"curies":[{"name":"wp","href":"https:\/\/api.w.org\/{rel}","templated":true}]}}