{"id":379,"date":"2023-02-20T12:29:15","date_gmt":"2023-02-20T12:29:15","guid":{"rendered":"https:\/\/vetnacare.com\/?page_id=379"},"modified":"2025-02-19T08:20:23","modified_gmt":"2025-02-19T08:20:23","slug":"vetnavit-hip-joint-plus","status":"publish","type":"page","link":"https:\/\/vetnacare.com\/en\/vetnavit-hip-joint-plus\/","title":{"rendered":"VetNaVit Hip &#038; Joint Plus"},"content":{"rendered":"<section class=\"section\" id=\"section_504490790\">\n\t\t<div class=\"bg section-bg fill bg-fill bg-loaded bg-loaded\" >\n\n\t\t\t\n\t\t\t\n\t\t\t\n\n\t\t<\/div>\n\n\t\t\n\t<div class=\"ux-shape-divider ux-shape-divider--bottom ux-shape-divider--style-waves-opacity\">\n\t\t<svg viewbox=\"0 0 1000 300\" xmlns=\"http:\/\/www.w3.org\/2000\/svg\" preserveaspectratio=\"none\">\n    <path class=\"ux-shape-fill\" d=\"M0 300L-1 69.71C216 57 299.47 198.86 403 226C506 253 577 196 660 197C740 198 790.09 234.07 874 267C935.23 291 982 282.61 1000 277.61V300H0Z\"\/>\n    <path class=\"ux-shape-fill\" opacity=\"0.5\" d=\"M1 265.094L0 50.5C217 37.79 300.47 186.36 404 213.5C507 240.5 578 196.5 661 197.5C741 198.5 787.59 239.57 871.5 272.5C932.73 296.5 980.5 284.5 998.5 279.5V298.5L1 265.094Z\"\/>\n    <path class=\"ux-shape-fill\" opacity=\"0.15\" d=\"M0.999878 244.094L-0.00012207 27C217 14.29 300.47 173.86 404 201C507 228 578 196 661 197C741 198 787.59 243.07 871.5 276C932.73 300 980.5 284.5 998.5 279.5V299L0.999878 244.094Z\"\/>\n<\/svg>\n\n\t<\/div>\n\n\t\t<div class=\"section-content relative\">\n\t\t\t\n\n\t<div id=\"gap-853850593\" class=\"gap-element clearfix\" style=\"display:block; height:auto;\">\n\t\t\n<style>\n#gap-853850593 {\n  padding-top: 75px;\n}\n<\/style>\n\t<\/div>\n\t\n\n<div class=\"row row-collapse row-full-width align-middle\"  id=\"row-951574725\">\n\n\n\t<div id=\"col-1555781583\" class=\"col medium-6 small-12 large-6\"  >\n\t\t\t\t<div class=\"col-inner text-center\"  >\n\t\t\t\n\t<div class=\"is-border\"\n\t\tstyle=\"border-width:0px 0px 0px 0px;\">\n\t<\/div>\n\t\t\t\n\n\t<div class=\"img has-hover x md-x lg-x y md-y lg-y\" id=\"image_471589791\">\n\t\t\t\t\t\t\t\t<div class=\"img-inner dark\" >\n\t\t\t<img loading=\"lazy\" decoding=\"async\" width=\"1667\" height=\"1667\" src=\"https:\/\/vetnacare.com\/wp-content\/uploads\/2024\/04\/hipjointplus.png\" class=\"attachment-original size-original\" alt=\"\" srcset=\"https:\/\/vetnacare.com\/wp-content\/uploads\/2024\/04\/hipjointplus.png 1667w, https:\/\/vetnacare.com\/wp-content\/uploads\/2024\/04\/hipjointplus-300x300.png 300w, https:\/\/vetnacare.com\/wp-content\/uploads\/2024\/04\/hipjointplus-1024x1024.png 1024w, https:\/\/vetnacare.com\/wp-content\/uploads\/2024\/04\/hipjointplus-150x150.png 150w, https:\/\/vetnacare.com\/wp-content\/uploads\/2024\/04\/hipjointplus-768x768.png 768w, https:\/\/vetnacare.com\/wp-content\/uploads\/2024\/04\/hipjointplus-1536x1536.png 1536w, https:\/\/vetnacare.com\/wp-content\/uploads\/2024\/04\/hipjointplus-12x12.png 12w\" sizes=\"auto, (max-width: 1667px) 100vw, 1667px\" \/>\t\t\t\t\t\t\n\t\t\t\t\t<\/div>\n\t\t\t\t\t\t\t\t\n<style>\n#image_471589791 {\n  width: 72%;\n}\n<\/style>\n\t<\/div>\n\t\n\n\n\t\t<\/div>\n\t\t\t\t\t<\/div>\n\n\t\n\n\t<div id=\"col-512467018\" class=\"col medium-4 small-12 large-4\"  >\n\t\t\t\t<div class=\"col-inner\"  >\n\t\t\t\n\t<div class=\"is-border\"\n\t\tstyle=\"border-width:0px 0px 0px 0px;\">\n\t<\/div>\n\t\t\t\n\n\t<div id=\"text-1076455294\" class=\"text\">\n\t\t\n\n<p>Joint and Connective Tissue Support<\/p>\n\t\t\n<style>\n#text-1076455294 {\n  font-size: 0.75rem;\n  line-height: 0.75;\n  color: rgb(148, 149, 153);\n}\n#text-1076455294 > * {\n  color: rgb(148, 149, 153);\n}\n<\/style>\n\t<\/div>\n\t\n\t<div id=\"text-2201831156\" class=\"text\">\n\t\t\n\n<h2><strong>VetNaVit Hip &amp; Joint Plus<\/strong><\/h2>\n\t\t\n<style>\n#text-2201831156 {\n  font-size: 1.35rem;\n  color: rgb(166, 120, 76);\n}\n#text-2201831156 > * {\n  color: rgb(166, 120, 76);\n}\n<\/style>\n\t<\/div>\n\t\n\t<div id=\"text-3815903700\" class=\"text\">\n\t\t\n\n<p><strong>VetNaVit Hip &amp; Joint Plus<\/strong>, k\u00f6peklerin ve kedilerin eklem yap\u0131s\u0131n\u0131, ba\u011f doku geli\u015fimini ve eklem s\u0131v\u0131s\u0131n\u0131 desteklemek i\u00e7in \u00f6zel olarak form\u00fcle edilmi\u015f gida destek \u00fcr\u00fcn\u00fcd\u00fcr.<\/p>\n\t\t\n<style>\n#text-3815903700 {\n  font-size: 1.05rem;\n  text-align: left;\n}\n<\/style>\n\t<\/div>\n\t\n<a href=\"#ozellik\" target=\"_self\" class=\"button primary\"  style=\"border-radius:10px;\">\n    <span>See features<\/span>\n  <\/a>\n\n\n\n\t\t<\/div>\n\t\t\t\t\t<\/div>\n\n\t\n\n<\/div>\n\t<div id=\"gap-17188423\" class=\"gap-element clearfix\" style=\"display:block; height:auto;\">\n\t\t\n<style>\n#gap-17188423 {\n  padding-top: 30px;\n}\n<\/style>\n\t<\/div>\n\t\n\n<span class=\"scroll-to\" data-label=\"Scroll to: #ozellik\" data-bullet=\"false\" data-link=\"#ozellik\" data-title=\"Change this\"><a name=\"ozellik\"><\/a><\/span>\n\n\n\t\t<\/div>\n\n\t\t\n<style>\n#section_504490790 {\n  padding-top: 0px;\n  padding-bottom: 0px;\n  background-color: rgb(243, 238, 227);\n}\n#section_504490790 .ux-shape-divider--top svg {\n  height: 150px;\n  --divider-top-width: 100%;\n}\n#section_504490790 .ux-shape-divider--bottom svg {\n  height: 150px;\n  --divider-width: 100%;\n}\n<\/style>\n\t<\/section>\n\t\n\t<section class=\"section\" id=\"section_155009700\">\n\t\t<div class=\"bg section-bg fill bg-fill bg-loaded bg-loaded\" >\n\n\t\t\t\n\t\t\t\n\t\t\t\n\n\t\t<\/div>\n\n\t\t\n\n\t\t<div class=\"section-content relative\">\n\t\t\t\n\n<div class=\"row\"  id=\"row-590985298\">\n\n\n\t<div id=\"col-911237193\" class=\"col medium-6 small-12 large-6\"  >\n\t\t\t\t<div class=\"col-inner\"  >\n\t\t\t\n\t\t\t\n\n<h3>Usage Advice<\/h3>\n<p>Unless recommended otherwise by the veterinarian, 1 pack\/day for every 10 kg body weight in cats and dogs should be used directly orally or mixed with food regularly to support the treatment.<\/p>\n<h4><strong>Active Ingredients \/ 1 Pack, 5 g<\/strong><\/h4>\n<p>(13.2.8) Glucosamine sulfate: 500 mg<br \/>(3a671) Vitamin D3: 500 IU<br \/>(13.12.2) Chondroitin sulfate: 200 mg<br \/>(13.9.1) Methylsulfonylmethane (MSM): 100 mg<br \/>Magnesium (Citrate): 5 mg<\/p>\n<h3>Inactive Content<\/h3>\n<p>Malt extract, (13.3.6) maltodextrin, (E414) arabic gum, (E466) Carboxymethyl cellulose, [E422) glycerin, coconut oil, sunflower oil, (E202) potassium sorbate, [1a700] sodium benzoate, water, (2b) ) nature-identical liver flavor<\/p>\n\n\t\t<\/div>\n\t\t\t\t\t<\/div>\n\n\t\n\n\t<div id=\"col-2086872002\" class=\"col medium-6 small-12 large-6\"  >\n\t\t\t\t<div class=\"col-inner\"  >\n\t\t\t\n\t\t\t\n\n\t<div class=\"img has-hover x md-x lg-x y md-y lg-y\" id=\"image_1019129809\">\n\t\t\t\t\t\t\t\t<div class=\"img-inner dark\" >\n\t\t\t<img loading=\"lazy\" decoding=\"async\" width=\"4000\" height=\"4000\" src=\"https:\/\/vetnacare.com\/wp-content\/uploads\/2024\/04\/Vetnavit_HipJointPlus-stick.png\" class=\"attachment-original size-original\" alt=\"\" srcset=\"https:\/\/vetnacare.com\/wp-content\/uploads\/2024\/04\/Vetnavit_HipJointPlus-stick.png 4000w, https:\/\/vetnacare.com\/wp-content\/uploads\/2024\/04\/Vetnavit_HipJointPlus-stick-300x300.png 300w, https:\/\/vetnacare.com\/wp-content\/uploads\/2024\/04\/Vetnavit_HipJointPlus-stick-1024x1024.png 1024w, https:\/\/vetnacare.com\/wp-content\/uploads\/2024\/04\/Vetnavit_HipJointPlus-stick-150x150.png 150w, https:\/\/vetnacare.com\/wp-content\/uploads\/2024\/04\/Vetnavit_HipJointPlus-stick-768x768.png 768w, https:\/\/vetnacare.com\/wp-content\/uploads\/2024\/04\/Vetnavit_HipJointPlus-stick-1536x1536.png 1536w, https:\/\/vetnacare.com\/wp-content\/uploads\/2024\/04\/Vetnavit_HipJointPlus-stick-2048x2048.png 2048w, https:\/\/vetnacare.com\/wp-content\/uploads\/2024\/04\/Vetnavit_HipJointPlus-stick-12x12.png 12w\" sizes=\"auto, (max-width: 4000px) 100vw, 4000px\" \/>\t\t\t\t\t\t\n\t\t\t\t\t<\/div>\n\t\t\t\t\t\t\t\t\n<style>\n#image_1019129809 {\n  width: 100%;\n}\n<\/style>\n\t<\/div>\n\t\n\n\n\t\t<\/div>\n\t\t\t\t\t<\/div>\n\n\t\n\n<\/div>\n\n\t\t<\/div>\n\n\t\t\n<style>\n#section_155009700 {\n  padding-top: 30px;\n  padding-bottom: 30px;\n}\n#section_155009700 .ux-shape-divider--top svg {\n  height: 150px;\n  --divider-top-width: 100%;\n}\n#section_155009700 .ux-shape-divider--bottom svg {\n  height: 150px;\n  --divider-width: 100%;\n}\n<\/style>\n\t<\/section>","protected":false},"excerpt":{"rendered":"","protected":false},"author":2,"featured_media":0,"parent":0,"menu_order":0,"comment_status":"closed","ping_status":"closed","template":"page-blank.php","meta":{"footnotes":""},"class_list":["post-379","page","type-page","status-publish","hentry"],"_links":{"self":[{"href":"https:\/\/vetnacare.com\/en\/wp-json\/wp\/v2\/pages\/379","targetHints":{"allow":["GET"]}}],"collection":[{"href":"https:\/\/vetnacare.com\/en\/wp-json\/wp\/v2\/pages"}],"about":[{"href":"https:\/\/vetnacare.com\/en\/wp-json\/wp\/v2\/types\/page"}],"author":[{"embeddable":true,"href":"https:\/\/vetnacare.com\/en\/wp-json\/wp\/v2\/users\/2"}],"replies":[{"embeddable":true,"href":"https:\/\/vetnacare.com\/en\/wp-json\/wp\/v2\/comments?post=379"}],"version-history":[{"count":14,"href":"https:\/\/vetnacare.com\/en\/wp-json\/wp\/v2\/pages\/379\/revisions"}],"predecessor-version":[{"id":1196,"href":"https:\/\/vetnacare.com\/en\/wp-json\/wp\/v2\/pages\/379\/revisions\/1196"}],"wp:attachment":[{"href":"https:\/\/vetnacare.com\/en\/wp-json\/wp\/v2\/media?parent=379"}],"curies":[{"name":"wp","href":"https:\/\/api.w.org\/{rel}","templated":true}]}}