{"id":391,"date":"2023-02-20T12:44:30","date_gmt":"2023-02-20T12:44:30","guid":{"rendered":"https:\/\/vetnacare.com\/?page_id=391"},"modified":"2025-02-20T07:13:19","modified_gmt":"2025-02-20T07:13:19","slug":"vetnavit-urinary-care","status":"publish","type":"page","link":"https:\/\/vetnacare.com\/en\/vetnavit-urinary-care\/","title":{"rendered":"VetNaVit Urinary Care"},"content":{"rendered":"<section class=\"section\" id=\"section_1164495337\">\n\t\t<div class=\"bg section-bg fill bg-fill bg-loaded bg-loaded\" >\n\n\t\t\t\n\t\t\t\n\t\t\t\n\n\t\t<\/div>\n\n\t\t\n\t<div class=\"ux-shape-divider ux-shape-divider--bottom ux-shape-divider--style-waves-opacity\">\n\t\t<svg viewbox=\"0 0 1000 300\" xmlns=\"http:\/\/www.w3.org\/2000\/svg\" preserveaspectratio=\"none\">\n    <path class=\"ux-shape-fill\" d=\"M0 300L-1 69.71C216 57 299.47 198.86 403 226C506 253 577 196 660 197C740 198 790.09 234.07 874 267C935.23 291 982 282.61 1000 277.61V300H0Z\"\/>\n    <path class=\"ux-shape-fill\" opacity=\"0.5\" d=\"M1 265.094L0 50.5C217 37.79 300.47 186.36 404 213.5C507 240.5 578 196.5 661 197.5C741 198.5 787.59 239.57 871.5 272.5C932.73 296.5 980.5 284.5 998.5 279.5V298.5L1 265.094Z\"\/>\n    <path class=\"ux-shape-fill\" opacity=\"0.15\" d=\"M0.999878 244.094L-0.00012207 27C217 14.29 300.47 173.86 404 201C507 228 578 196 661 197C741 198 787.59 243.07 871.5 276C932.73 300 980.5 284.5 998.5 279.5V299L0.999878 244.094Z\"\/>\n<\/svg>\n\n\t<\/div>\n\n\t\t<div class=\"section-content relative\">\n\t\t\t\n\n\t<div id=\"gap-984521922\" class=\"gap-element clearfix\" style=\"display:block; height:auto;\">\n\t\t\n<style>\n#gap-984521922 {\n  padding-top: 75px;\n}\n<\/style>\n\t<\/div>\n\t\n\n<div class=\"row row-collapse row-full-width align-middle\"  id=\"row-1046652543\">\n\n\n\t<div id=\"col-2142267626\" class=\"col medium-6 small-12 large-6\"  >\n\t\t\t\t<div class=\"col-inner text-center\"  >\n\t\t\t\n\t<div class=\"is-border\"\n\t\tstyle=\"border-width:0px 0px 0px 0px;\">\n\t<\/div>\n\t\t\t\n\n\t<div class=\"img has-hover x md-x lg-x y md-y lg-y\" id=\"image_1193490220\">\n\t\t\t\t\t\t\t\t<div class=\"img-inner dark\" >\n\t\t\t<img loading=\"lazy\" decoding=\"async\" width=\"1667\" height=\"1667\" src=\"https:\/\/vetnacare.com\/wp-content\/uploads\/2024\/04\/urinary-1.png\" class=\"attachment-original size-original\" alt=\"\" srcset=\"https:\/\/vetnacare.com\/wp-content\/uploads\/2024\/04\/urinary-1.png 1667w, https:\/\/vetnacare.com\/wp-content\/uploads\/2024\/04\/urinary-1-300x300.png 300w, https:\/\/vetnacare.com\/wp-content\/uploads\/2024\/04\/urinary-1-1024x1024.png 1024w, https:\/\/vetnacare.com\/wp-content\/uploads\/2024\/04\/urinary-1-150x150.png 150w, https:\/\/vetnacare.com\/wp-content\/uploads\/2024\/04\/urinary-1-768x768.png 768w, https:\/\/vetnacare.com\/wp-content\/uploads\/2024\/04\/urinary-1-1536x1536.png 1536w, https:\/\/vetnacare.com\/wp-content\/uploads\/2024\/04\/urinary-1-12x12.png 12w\" sizes=\"auto, (max-width: 1667px) 100vw, 1667px\" \/>\t\t\t\t\t\t\n\t\t\t\t\t<\/div>\n\t\t\t\t\t\t\t\t\n<style>\n#image_1193490220 {\n  width: 72%;\n}\n<\/style>\n\t<\/div>\n\t\n\n\n\t\t<\/div>\n\t\t\t\t\t<\/div>\n\n\t\n\n\t<div id=\"col-204228744\" class=\"col medium-4 small-12 large-4\"  >\n\t\t\t\t<div class=\"col-inner\"  >\n\t\t\t\n\t<div class=\"is-border\"\n\t\tstyle=\"border-width:0px 0px 0px 0px;\">\n\t<\/div>\n\t\t\t\n\n\t<div id=\"text-1584649977\" class=\"text\">\n\t\t\n\n<p>Urinary Tract support<\/p>\n\t\t\n<style>\n#text-1584649977 {\n  font-size: 0.75rem;\n  line-height: 0.75;\n  color: rgb(148, 149, 153);\n}\n#text-1584649977 > * {\n  color: rgb(148, 149, 153);\n}\n<\/style>\n\t<\/div>\n\t\n\t<div id=\"text-933856792\" class=\"text\">\n\t\t\n\n<h2><strong>VetNaVit Urinary Care<\/strong><\/h2>\n\t\t\n<style>\n#text-933856792 {\n  font-size: 1.35rem;\n  color: rgb(206, 78, 137);\n}\n#text-933856792 > * {\n  color: rgb(206, 78, 137);\n}\n<\/style>\n\t<\/div>\n\t\n\t<div id=\"text-3234809448\" class=\"text\">\n\t\t\n\n<p><strong>VetNaVit Urinary Care<\/strong>, is a food supplement containing proanthocyanidin-rich cranberry extract and saponin-rich chicory extract developed to support urinary system health in cats and dogs and to ensure the continuity of normal functions.<\/p>\n\t\t\n<style>\n#text-3234809448 {\n  font-size: 1.05rem;\n  text-align: left;\n}\n<\/style>\n\t<\/div>\n\t\n<a href=\"#ozellik\" target=\"_self\" class=\"button primary\"  style=\"border-radius:10px;\">\n    <span>See features<\/span>\n  <\/a>\n\n\n\n\t\t<\/div>\n\t\t\t\t\t<\/div>\n\n\t\n\n<\/div>\n\t<div id=\"gap-574718167\" class=\"gap-element clearfix\" style=\"display:block; height:auto;\">\n\t\t\n<style>\n#gap-574718167 {\n  padding-top: 30px;\n}\n<\/style>\n\t<\/div>\n\t\n\n<span class=\"scroll-to\" data-label=\"Scroll to: #ozellik\" data-bullet=\"false\" data-link=\"#ozellik\" data-title=\"Change this\"><a name=\"ozellik\"><\/a><\/span>\n\n\n\t\t<\/div>\n\n\t\t\n<style>\n#section_1164495337 {\n  padding-top: 0px;\n  padding-bottom: 0px;\n  background-color: rgb(243, 238, 227);\n}\n#section_1164495337 .ux-shape-divider--top svg {\n  height: 150px;\n  --divider-top-width: 100%;\n}\n#section_1164495337 .ux-shape-divider--bottom svg {\n  height: 150px;\n  --divider-width: 100%;\n}\n<\/style>\n\t<\/section>\n\t\n\t<section class=\"section\" id=\"section_2105786073\">\n\t\t<div class=\"bg section-bg fill bg-fill bg-loaded bg-loaded\" >\n\n\t\t\t\n\t\t\t\n\t\t\t\n\n\t\t<\/div>\n\n\t\t\n\n\t\t<div class=\"section-content relative\">\n\t\t\t\n\n<div class=\"row\"  id=\"row-1389706910\">\n\n\n\t<div id=\"col-52198957\" class=\"col medium-6 small-12 large-6\"  >\n\t\t\t\t<div class=\"col-inner\"  >\n\t\t\t\n\t\t\t\n\n<h3>Usage Advice<\/h3>\n<p>Unless recommended otherwise by the veterinarian, 1 pack\/day for every 5 kg body weight in cats and dogs should be used directly orally or mixed with food regularly to support the treatment.<\/p>\n<h4><strong>Active Ingredients \/ 1 Pack, 3 g<\/strong><\/h4>\n<p><strong data-start=\"92\" data-end=\"100\">(2b)<\/strong> Vaccinium Macrocarpon (K\u0131z\u0131lc\u0131k) ekstrakt\u0131: <strong data-start=\"145\" data-end=\"155\">200 mg<br \/><\/strong><strong data-start=\"160\" data-end=\"168\">(2b)<\/strong> Taraxacum officinale (Karahindiba) ekstrakt\u0131: <strong data-start=\"215\" data-end=\"223\">1 mg<br \/><\/strong><strong data-start=\"228\" data-end=\"236\">(2b)<\/strong> D-Mannoz: <strong data-start=\"247\" data-end=\"256\">75 mg<br \/><\/strong><strong data-start=\"261\" data-end=\"269\">(2b)<\/strong> Rutin<br \/><strong data-start=\"280\" data-end=\"288\">(2b)<\/strong> Kuersetin<br \/><strong data-start=\"303\" data-end=\"311\">(2b)<\/strong> Hesperidin<\/p>\n<h3>Inactive Content<\/h3>\n<p><strong data-start=\"358\" data-end=\"370\">(1.1.18)<\/strong> S\u0131v\u0131 malt ekstresi (arpa)<br \/><strong data-start=\"401\" data-end=\"413\">(13.3.6)<\/strong> Maltodekstrin<br \/><strong data-start=\"432\" data-end=\"442\">(E414)<\/strong> Arabik gum<br \/><strong data-start=\"458\" data-end=\"468\">(E466)<\/strong> Karboksilmetil sel\u00fcloz<br \/><strong data-start=\"496\" data-end=\"506\">(E422)<\/strong> Gliserin<br \/><strong data-start=\"520\" data-end=\"532\">(2.20.1)<\/strong> Bitkisel s\u0131v\u0131 ve kat\u0131 ya\u011flar<br \/><strong data-start=\"566\" data-end=\"576\">(E202)<\/strong> Potasyum sorbat<br \/><strong data-start=\"597\" data-end=\"608\">(1a700)<\/strong> Sodyum Benzoat<br \/><strong data-start=\"628\" data-end=\"640\">(1c322i)<\/strong> S\u0131v\u0131 lesitin<br \/><strong data-start=\"658\" data-end=\"666\">(2b)<\/strong> Do\u011fayla \u00f6zde\u015f ci\u011fer aromas\u0131<\/p>\n<p data-start=\"698\" data-end=\"723\"><strong data-start=\"698\" data-end=\"721\">Nem \/ en \u00e7ok : % 35<\/strong><\/p>\n\n\t\t<\/div>\n\t\t\t\t\t<\/div>\n\n\t\n\n\t<div id=\"col-146287524\" class=\"col medium-6 small-12 large-6\"  >\n\t\t\t\t<div class=\"col-inner\"  >\n\t\t\t\n\t\t\t\n\n\t<div class=\"img has-hover x md-x lg-x y md-y lg-y\" id=\"image_967719888\">\n\t\t\t\t\t\t\t\t<div class=\"img-inner dark\" >\n\t\t\t<img loading=\"lazy\" decoding=\"async\" width=\"4000\" height=\"4000\" src=\"https:\/\/vetnacare.com\/wp-content\/uploads\/2024\/04\/Vetnavit_UrinaryCare-stick-1.png\" class=\"attachment-original size-original\" alt=\"\" srcset=\"https:\/\/vetnacare.com\/wp-content\/uploads\/2024\/04\/Vetnavit_UrinaryCare-stick-1.png 4000w, https:\/\/vetnacare.com\/wp-content\/uploads\/2024\/04\/Vetnavit_UrinaryCare-stick-1-300x300.png 300w, https:\/\/vetnacare.com\/wp-content\/uploads\/2024\/04\/Vetnavit_UrinaryCare-stick-1-1024x1024.png 1024w, https:\/\/vetnacare.com\/wp-content\/uploads\/2024\/04\/Vetnavit_UrinaryCare-stick-1-150x150.png 150w, https:\/\/vetnacare.com\/wp-content\/uploads\/2024\/04\/Vetnavit_UrinaryCare-stick-1-768x768.png 768w, https:\/\/vetnacare.com\/wp-content\/uploads\/2024\/04\/Vetnavit_UrinaryCare-stick-1-1536x1536.png 1536w, https:\/\/vetnacare.com\/wp-content\/uploads\/2024\/04\/Vetnavit_UrinaryCare-stick-1-2048x2048.png 2048w, https:\/\/vetnacare.com\/wp-content\/uploads\/2024\/04\/Vetnavit_UrinaryCare-stick-1-12x12.png 12w\" sizes=\"auto, (max-width: 4000px) 100vw, 4000px\" \/>\t\t\t\t\t\t\n\t\t\t\t\t<\/div>\n\t\t\t\t\t\t\t\t\n<style>\n#image_967719888 {\n  width: 100%;\n}\n<\/style>\n\t<\/div>\n\t\n\n\n\t\t<\/div>\n\t\t\t\t\t<\/div>\n\n\t\n\n<\/div>\n\n\t\t<\/div>\n\n\t\t\n<style>\n#section_2105786073 {\n  padding-top: 30px;\n  padding-bottom: 30px;\n}\n#section_2105786073 .ux-shape-divider--top svg {\n  height: 150px;\n  --divider-top-width: 100%;\n}\n#section_2105786073 .ux-shape-divider--bottom svg {\n  height: 150px;\n  --divider-width: 100%;\n}\n<\/style>\n\t<\/section>","protected":false},"excerpt":{"rendered":"","protected":false},"author":2,"featured_media":0,"parent":0,"menu_order":0,"comment_status":"closed","ping_status":"closed","template":"page-blank.php","meta":{"footnotes":""},"class_list":["post-391","page","type-page","status-publish","hentry"],"_links":{"self":[{"href":"https:\/\/vetnacare.com\/en\/wp-json\/wp\/v2\/pages\/391","targetHints":{"allow":["GET"]}}],"collection":[{"href":"https:\/\/vetnacare.com\/en\/wp-json\/wp\/v2\/pages"}],"about":[{"href":"https:\/\/vetnacare.com\/en\/wp-json\/wp\/v2\/types\/page"}],"author":[{"embeddable":true,"href":"https:\/\/vetnacare.com\/en\/wp-json\/wp\/v2\/users\/2"}],"replies":[{"embeddable":true,"href":"https:\/\/vetnacare.com\/en\/wp-json\/wp\/v2\/comments?post=391"}],"version-history":[{"count":11,"href":"https:\/\/vetnacare.com\/en\/wp-json\/wp\/v2\/pages\/391\/revisions"}],"predecessor-version":[{"id":1199,"href":"https:\/\/vetnacare.com\/en\/wp-json\/wp\/v2\/pages\/391\/revisions\/1199"}],"wp:attachment":[{"href":"https:\/\/vetnacare.com\/en\/wp-json\/wp\/v2\/media?parent=391"}],"curies":[{"name":"wp","href":"https:\/\/api.w.org\/{rel}","templated":true}]}}