{"id":480,"date":"2023-02-22T12:06:52","date_gmt":"2023-02-22T12:06:52","guid":{"rendered":"https:\/\/vetnacare.com\/?page_id=480"},"modified":"2025-01-29T05:38:51","modified_gmt":"2025-01-29T05:38:51","slug":"vetnavit-maxi-calcium-phosphorus-vitamin-d","status":"publish","type":"page","link":"https:\/\/vetnacare.com\/en\/vetnavit-maxi-calcium-phosphorus-vitamin-d\/","title":{"rendered":"VetNaVit MAX\u0130 Calcium &#038; Phosphorus Vitamin D"},"content":{"rendered":"<section class=\"section\" id=\"section_1951540630\">\n\t\t<div class=\"bg section-bg fill bg-fill bg-loaded bg-loaded\" >\n\n\t\t\t\n\t\t\t\n\t\t\t\n\n\t\t<\/div>\n\n\t\t\n\t<div class=\"ux-shape-divider ux-shape-divider--bottom ux-shape-divider--style-waves-opacity\">\n\t\t<svg viewbox=\"0 0 1000 300\" xmlns=\"http:\/\/www.w3.org\/2000\/svg\" preserveaspectratio=\"none\">\n    <path class=\"ux-shape-fill\" d=\"M0 300L-1 69.71C216 57 299.47 198.86 403 226C506 253 577 196 660 197C740 198 790.09 234.07 874 267C935.23 291 982 282.61 1000 277.61V300H0Z\"\/>\n    <path class=\"ux-shape-fill\" opacity=\"0.5\" d=\"M1 265.094L0 50.5C217 37.79 300.47 186.36 404 213.5C507 240.5 578 196.5 661 197.5C741 198.5 787.59 239.57 871.5 272.5C932.73 296.5 980.5 284.5 998.5 279.5V298.5L1 265.094Z\"\/>\n    <path class=\"ux-shape-fill\" opacity=\"0.15\" d=\"M0.999878 244.094L-0.00012207 27C217 14.29 300.47 173.86 404 201C507 228 578 196 661 197C741 198 787.59 243.07 871.5 276C932.73 300 980.5 284.5 998.5 279.5V299L0.999878 244.094Z\"\/>\n<\/svg>\n\n\t<\/div>\n\n\t\t<div class=\"section-content relative\">\n\t\t\t\n\n\t<div id=\"gap-1141982310\" class=\"gap-element clearfix\" style=\"display:block; height:auto;\">\n\t\t\n<style>\n#gap-1141982310 {\n  padding-top: 75px;\n}\n<\/style>\n\t<\/div>\n\t\n\n<div class=\"row row-collapse row-full-width align-middle\"  id=\"row-308504660\">\n\n\n\t<div id=\"col-884982758\" class=\"col medium-6 small-12 large-6\"  >\n\t\t\t\t<div class=\"col-inner text-center\"  >\n\t\t\t\n\t<div class=\"is-border\"\n\t\tstyle=\"border-width:0px 0px 0px 0px;\">\n\t<\/div>\n\t\t\t\n\n\t<div class=\"img has-hover x md-x lg-x y md-y lg-y\" id=\"image_1645367967\">\n\t\t\t\t\t\t\t\t<div class=\"img-inner dark\" >\n\t\t\t<img loading=\"lazy\" decoding=\"async\" width=\"1000\" height=\"1000\" src=\"https:\/\/vetnacare.com\/wp-content\/uploads\/2024\/04\/CalciumPhosphorusPlus-Maxi-2024-KUTU.png\" class=\"attachment-original size-original\" alt=\"\" srcset=\"https:\/\/vetnacare.com\/wp-content\/uploads\/2024\/04\/CalciumPhosphorusPlus-Maxi-2024-KUTU.png 1000w, https:\/\/vetnacare.com\/wp-content\/uploads\/2024\/04\/CalciumPhosphorusPlus-Maxi-2024-KUTU-300x300.png 300w, https:\/\/vetnacare.com\/wp-content\/uploads\/2024\/04\/CalciumPhosphorusPlus-Maxi-2024-KUTU-150x150.png 150w, https:\/\/vetnacare.com\/wp-content\/uploads\/2024\/04\/CalciumPhosphorusPlus-Maxi-2024-KUTU-768x768.png 768w, https:\/\/vetnacare.com\/wp-content\/uploads\/2024\/04\/CalciumPhosphorusPlus-Maxi-2024-KUTU-12x12.png 12w\" sizes=\"auto, (max-width: 1000px) 100vw, 1000px\" \/>\t\t\t\t\t\t\n\t\t\t\t\t<\/div>\n\t\t\t\t\t\t\t\t\n<style>\n#image_1645367967 {\n  width: 65%;\n}\n<\/style>\n\t<\/div>\n\t\n\n\n\t\t<\/div>\n\t\t\t\t\t<\/div>\n\n\t\n\n\t<div id=\"col-654646694\" class=\"col medium-5 small-12 large-5\"  >\n\t\t\t\t<div class=\"col-inner\"  >\n\t\t\t\n\t<div class=\"is-border\"\n\t\tstyle=\"border-width:0px 0px 0px 0px;\">\n\t<\/div>\n\t\t\t\n\n\t<div id=\"text-1028800074\" class=\"text\">\n\t\t\n\n<p>Calcium, Phosphorus and Vitamin D Supplements<\/p>\n\t\t\n<style>\n#text-1028800074 {\n  font-size: 0.75rem;\n  line-height: 0.75;\n  color: rgb(148, 149, 153);\n}\n#text-1028800074 > * {\n  color: rgb(148, 149, 153);\n}\n<\/style>\n\t<\/div>\n\t\n\t<div id=\"text-296558283\" class=\"text\">\n\t\t\n\n<h2><strong>VetNaVit Calcium &amp; Phosphorus &amp; Vitamin D\u2083 Maxi<\/strong><\/h2>\n\t\t\n<style>\n#text-296558283 {\n  font-size: 1.35rem;\n  color: rgb(116, 123, 176);\n}\n#text-296558283 > * {\n  color: rgb(116, 123, 176);\n}\n<\/style>\n\t<\/div>\n\t\n\t<div id=\"text-1512810195\" class=\"text\">\n\t\t\n\n<p><strong>VetNaVit Calcium &amp; Phosphorus &amp; Vitamin D3 Maxi<\/strong>, K\u00f6peklerin sa\u011flam iskelet yap\u0131s\u0131n\u0131n olu\u015fumunda etkili, kalsiyum, fosfor ve D\u2083 vitamini i\u00e7eren \u00f6zel bir form\u00fclasyondur. \u0130\u00e7eri\u011findeki fosfor, kalsiyum ve D\u2083 vitamini sayesinde kemik geli\u015fimini destekler, kemik yap\u0131s\u0131n\u0131n sa\u011flam olmas\u0131na katk\u0131da bulunur ve metabolizmay\u0131 g\u00fc\u00e7lendirir.<\/p>\n\t\t\n<style>\n#text-1512810195 {\n  font-size: 1.05rem;\n  text-align: left;\n}\n<\/style>\n\t<\/div>\n\t\n<a href=\"#ozellik\" target=\"_self\" class=\"button primary\"  style=\"border-radius:10px;\">\n    <span>See features<\/span>\n  <\/a>\n\n\n\n\t\t<\/div>\n\t\t\t\t\t<\/div>\n\n\t\n\n<\/div>\n\t<div id=\"gap-524532648\" class=\"gap-element clearfix\" style=\"display:block; height:auto;\">\n\t\t\n<style>\n#gap-524532648 {\n  padding-top: 30px;\n}\n<\/style>\n\t<\/div>\n\t\n\n\n\t\t<\/div>\n\n\t\t\n<style>\n#section_1951540630 {\n  padding-top: 0px;\n  padding-bottom: 0px;\n  background-color: rgb(243, 238, 227);\n}\n#section_1951540630 .ux-shape-divider--top svg {\n  height: 150px;\n  --divider-top-width: 100%;\n}\n#section_1951540630 .ux-shape-divider--bottom svg {\n  height: 150px;\n  --divider-width: 168%;\n}\n<\/style>\n\t<\/section>\n\t\n<span class=\"scroll-to\" data-label=\"Scroll to: #ozellik\" data-bullet=\"false\" data-link=\"#ozellik\" data-title=\"Change this\"><a name=\"ozellik\"><\/a><\/span>\n\n\t<section class=\"section\" id=\"section_2011664730\">\n\t\t<div class=\"bg section-bg fill bg-fill bg-loaded bg-loaded\" >\n\n\t\t\t\n\t\t\t\n\t\t\t\n\n\t\t<\/div>\n\n\t\t\n\n\t\t<div class=\"section-content relative\">\n\t\t\t\n\n<div class=\"row\"  id=\"row-668879148\">\n\n\n\t<div id=\"col-913328136\" class=\"col medium-6 small-12 large-6\"  >\n\t\t\t\t<div class=\"col-inner\"  >\n\t\t\t\n\t\t\t\n\n<h3>Usage Advice<\/h3>\n<p>Unless recommended otherwise by the veterinarian, 1 pack\/day for every 15 kg body weight in dogs should be used directly orally or mixed with food regularly to support the treatment.<\/p>\n<h4><strong>Active Ingredients \/ 1 Pack, 9 g<\/strong><\/h4>\n<p>(3a671) Vitamin D3:\u00a0 \u00a0 \u00a0 \u00a0 \u00a0\u00a0 1500 IU <br \/>(3a841) Phosphorus: 427.5 mg<br \/>(3a841) Calcium:\u00a0 \u00a0 \u00a0 \u00a0 \u00a0 \u00a0 \u00a0 585 mg <br \/>(3b201) Magnesium:\u00a0 \u00a0 \u00a0 \u00a0 30 mg<\/p>\n<h3>Inactive Content<\/h3>\n<p>(1.1.18) Malt ekstrakt\u0131, (13.3.6) maltodekstrin, (E414) arabik gum, (E466) Karboksimetil sel\u00fcloz, (E422) gliserin, hindistan cevizi ya\u011f\u0131, ay\u00e7i\u00e7ek ya\u011f\u0131, (E202) potasyum sorbat, (1a700) sodyum benzoat, su, (2b) do\u011fayla \u00f6zde\u015f ci\u011fer aromas\u0131.<\/p>\n\n\t\t<\/div>\n\t\t\t\t\t<\/div>\n\n\t\n\n\t<div id=\"col-292252206\" class=\"col medium-6 small-12 large-6\"  >\n\t\t\t\t<div class=\"col-inner text-center\"  >\n\t\t\t\n\t\t\t\n\n\t<div class=\"img has-hover x md-x lg-x y md-y lg-y\" id=\"image_820207778\">\n\t\t\t\t\t\t\t\t<div class=\"img-inner dark\" >\n\t\t\t<img loading=\"lazy\" decoding=\"async\" width=\"4000\" height=\"5378\" src=\"https:\/\/vetnacare.com\/wp-content\/uploads\/2024\/04\/CALCIUMPHOSPHORUS-FRONT-BACK.png\" class=\"attachment-original size-original\" alt=\"\" srcset=\"https:\/\/vetnacare.com\/wp-content\/uploads\/2024\/04\/CALCIUMPHOSPHORUS-FRONT-BACK.png 4000w, https:\/\/vetnacare.com\/wp-content\/uploads\/2024\/04\/CALCIUMPHOSPHORUS-FRONT-BACK-223x300.png 223w, https:\/\/vetnacare.com\/wp-content\/uploads\/2024\/04\/CALCIUMPHOSPHORUS-FRONT-BACK-762x1024.png 762w, https:\/\/vetnacare.com\/wp-content\/uploads\/2024\/04\/CALCIUMPHOSPHORUS-FRONT-BACK-768x1033.png 768w, https:\/\/vetnacare.com\/wp-content\/uploads\/2024\/04\/CALCIUMPHOSPHORUS-FRONT-BACK-1142x1536.png 1142w, https:\/\/vetnacare.com\/wp-content\/uploads\/2024\/04\/CALCIUMPHOSPHORUS-FRONT-BACK-1523x2048.png 1523w, https:\/\/vetnacare.com\/wp-content\/uploads\/2024\/04\/CALCIUMPHOSPHORUS-FRONT-BACK-9x12.png 9w\" sizes=\"auto, (max-width: 4000px) 100vw, 4000px\" \/>\t\t\t\t\t\t\n\t\t\t\t\t<\/div>\n\t\t\t\t\t\t\t\t\n<style>\n#image_820207778 {\n  width: 70%;\n}\n<\/style>\n\t<\/div>\n\t\n\n\n\t\t<\/div>\n\t\t\t\t\t<\/div>\n\n\t\n\n<\/div>\n\n\t\t<\/div>\n\n\t\t\n<style>\n#section_2011664730 {\n  padding-top: 30px;\n  padding-bottom: 30px;\n}\n#section_2011664730 .ux-shape-divider--top svg {\n  height: 150px;\n  --divider-top-width: 100%;\n}\n#section_2011664730 .ux-shape-divider--bottom svg {\n  height: 150px;\n  --divider-width: 100%;\n}\n<\/style>\n\t<\/section>","protected":false},"excerpt":{"rendered":"","protected":false},"author":2,"featured_media":0,"parent":0,"menu_order":0,"comment_status":"closed","ping_status":"closed","template":"page-blank.php","meta":{"footnotes":""},"class_list":["post-480","page","type-page","status-publish","hentry"],"_links":{"self":[{"href":"https:\/\/vetnacare.com\/en\/wp-json\/wp\/v2\/pages\/480","targetHints":{"allow":["GET"]}}],"collection":[{"href":"https:\/\/vetnacare.com\/en\/wp-json\/wp\/v2\/pages"}],"about":[{"href":"https:\/\/vetnacare.com\/en\/wp-json\/wp\/v2\/types\/page"}],"author":[{"embeddable":true,"href":"https:\/\/vetnacare.com\/en\/wp-json\/wp\/v2\/users\/2"}],"replies":[{"embeddable":true,"href":"https:\/\/vetnacare.com\/en\/wp-json\/wp\/v2\/comments?post=480"}],"version-history":[{"count":12,"href":"https:\/\/vetnacare.com\/en\/wp-json\/wp\/v2\/pages\/480\/revisions"}],"predecessor-version":[{"id":1182,"href":"https:\/\/vetnacare.com\/en\/wp-json\/wp\/v2\/pages\/480\/revisions\/1182"}],"wp:attachment":[{"href":"https:\/\/vetnacare.com\/en\/wp-json\/wp\/v2\/media?parent=480"}],"curies":[{"name":"wp","href":"https:\/\/api.w.org\/{rel}","templated":true}]}}