{"id":484,"date":"2023-02-22T12:17:00","date_gmt":"2023-02-22T12:17:00","guid":{"rendered":"https:\/\/vetnacare.com\/?page_id=484"},"modified":"2025-01-29T05:45:14","modified_gmt":"2025-01-29T05:45:14","slug":"vetnavit-maxi-hip-joint-plus","status":"publish","type":"page","link":"https:\/\/vetnacare.com\/en\/vetnavit-maxi-hip-joint-plus\/","title":{"rendered":"VetNaVit MAX\u0130 Hip &#038; Joint Plus"},"content":{"rendered":"<section class=\"section\" id=\"section_1272914777\">\n\t\t<div class=\"bg section-bg fill bg-fill bg-loaded bg-loaded\" >\n\n\t\t\t\n\t\t\t\n\t\t\t\n\n\t\t<\/div>\n\n\t\t\n\t<div class=\"ux-shape-divider ux-shape-divider--bottom ux-shape-divider--style-waves-opacity\">\n\t\t<svg viewbox=\"0 0 1000 300\" xmlns=\"http:\/\/www.w3.org\/2000\/svg\" preserveaspectratio=\"none\">\n    <path class=\"ux-shape-fill\" d=\"M0 300L-1 69.71C216 57 299.47 198.86 403 226C506 253 577 196 660 197C740 198 790.09 234.07 874 267C935.23 291 982 282.61 1000 277.61V300H0Z\"\/>\n    <path class=\"ux-shape-fill\" opacity=\"0.5\" d=\"M1 265.094L0 50.5C217 37.79 300.47 186.36 404 213.5C507 240.5 578 196.5 661 197.5C741 198.5 787.59 239.57 871.5 272.5C932.73 296.5 980.5 284.5 998.5 279.5V298.5L1 265.094Z\"\/>\n    <path class=\"ux-shape-fill\" opacity=\"0.15\" d=\"M0.999878 244.094L-0.00012207 27C217 14.29 300.47 173.86 404 201C507 228 578 196 661 197C741 198 787.59 243.07 871.5 276C932.73 300 980.5 284.5 998.5 279.5V299L0.999878 244.094Z\"\/>\n<\/svg>\n\n\t<\/div>\n\n\t\t<div class=\"section-content relative\">\n\t\t\t\n\n\t<div id=\"gap-640317061\" class=\"gap-element clearfix\" style=\"display:block; height:auto;\">\n\t\t\n<style>\n#gap-640317061 {\n  padding-top: 45px;\n}\n<\/style>\n\t<\/div>\n\t\n\n<div class=\"row row-collapse row-full-width align-middle\"  id=\"row-1729717896\">\n\n\n\t<div id=\"col-547087773\" class=\"col medium-6 small-12 large-6\"  >\n\t\t\t\t<div class=\"col-inner text-center\"  >\n\t\t\t\n\t<div class=\"is-border\"\n\t\tstyle=\"border-width:0px 0px 0px 0px;\">\n\t<\/div>\n\t\t\t\n\n\t<div class=\"img has-hover x md-x lg-x y md-y lg-y\" id=\"image_1949540656\">\n\t\t\t\t\t\t\t\t<div class=\"img-inner dark\" >\n\t\t\t<img loading=\"lazy\" decoding=\"async\" width=\"1000\" height=\"1000\" src=\"https:\/\/vetnacare.com\/wp-content\/uploads\/2024\/04\/HipJointPlus-Maxi-2024-KUTU.png\" class=\"attachment-original size-original\" alt=\"\" srcset=\"https:\/\/vetnacare.com\/wp-content\/uploads\/2024\/04\/HipJointPlus-Maxi-2024-KUTU.png 1000w, https:\/\/vetnacare.com\/wp-content\/uploads\/2024\/04\/HipJointPlus-Maxi-2024-KUTU-300x300.png 300w, https:\/\/vetnacare.com\/wp-content\/uploads\/2024\/04\/HipJointPlus-Maxi-2024-KUTU-150x150.png 150w, https:\/\/vetnacare.com\/wp-content\/uploads\/2024\/04\/HipJointPlus-Maxi-2024-KUTU-768x768.png 768w, https:\/\/vetnacare.com\/wp-content\/uploads\/2024\/04\/HipJointPlus-Maxi-2024-KUTU-12x12.png 12w\" sizes=\"auto, (max-width: 1000px) 100vw, 1000px\" \/>\t\t\t\t\t\t\n\t\t\t\t\t<\/div>\n\t\t\t\t\t\t\t\t\n<style>\n#image_1949540656 {\n  width: 65%;\n}\n<\/style>\n\t<\/div>\n\t\n\n\n\t\t<\/div>\n\t\t\t\t\t<\/div>\n\n\t\n\n\t<div id=\"col-2128677723\" class=\"col medium-5 small-12 large-5\"  >\n\t\t\t\t<div class=\"col-inner\"  >\n\t\t\t\n\t<div class=\"is-border\"\n\t\tstyle=\"border-width:0px 0px 0px 0px;\">\n\t<\/div>\n\t\t\t\n\n\t<div id=\"text-2073338562\" class=\"text\">\n\t\t\n\n<p>Joint and Connective Tissue Support<\/p>\n\t\t\n<style>\n#text-2073338562 {\n  font-size: 0.75rem;\n  line-height: 0.75;\n  color: rgb(148, 149, 153);\n}\n#text-2073338562 > * {\n  color: rgb(148, 149, 153);\n}\n<\/style>\n\t<\/div>\n\t\n\t<div id=\"text-2042866036\" class=\"text\">\n\t\t\n\n<h2><strong>VetNaVit MAXI<br \/>Hip &amp; Joint Plus\u00a0<\/strong><\/h2>\n\t\t\n<style>\n#text-2042866036 {\n  font-size: 1.35rem;\n  color: rgb(180, 132, 80);\n}\n#text-2042866036 > * {\n  color: rgb(180, 132, 80);\n}\n<\/style>\n\t<\/div>\n\t\n<a href=\"#ozellik\" target=\"_self\" class=\"button primary\"  style=\"border-radius:10px;\">\n    <span>See features<\/span>\n  <\/a>\n\n\n\t<div id=\"text-1687883056\" class=\"text\">\n\t\t\n\n<p><strong>VetNaVit Hip&amp;Joint Plus Maxi,<\/strong> k\u00f6peklerin eklem yap\u0131s\u0131n\u0131, ba\u011f doku geli\u015fimini ve eklem s\u0131v\u0131s\u0131n\u0131 desteklemek i\u00e7in \u00f6zel olarak form\u00fcle edilmi\u015f destek \u00fcr\u00fcn\u00fcd\u00fcr.<\/p>\n\t\t\n<style>\n#text-1687883056 {\n  font-size: 1.05rem;\n  text-align: left;\n}\n<\/style>\n\t<\/div>\n\t\n\n\t\t<\/div>\n\t\t\t\t\t<\/div>\n\n\t\n\n<\/div>\n\t<div id=\"gap-1355445237\" class=\"gap-element clearfix\" style=\"display:block; height:auto;\">\n\t\t\n<style>\n#gap-1355445237 {\n  padding-top: 30px;\n}\n<\/style>\n\t<\/div>\n\t\n\n\n\t\t<\/div>\n\n\t\t\n<style>\n#section_1272914777 {\n  padding-top: 0px;\n  padding-bottom: 0px;\n  background-color: rgb(243, 238, 227);\n}\n#section_1272914777 .ux-shape-divider--top svg {\n  height: 150px;\n  --divider-top-width: 100%;\n}\n#section_1272914777 .ux-shape-divider--bottom svg {\n  height: 150px;\n  --divider-width: 168%;\n}\n<\/style>\n\t<\/section>\n\t\n\t<section class=\"section\" id=\"section_912744035\">\n\t\t<div class=\"bg section-bg fill bg-fill bg-loaded bg-loaded\" >\n\n\t\t\t\n\t\t\t\n\t\t\t\n\n\t\t<\/div>\n\n\t\t\n\n\t\t<div class=\"section-content relative\">\n\t\t\t\n\n<span class=\"scroll-to\" data-label=\"Scroll to: #ozellik\" data-bullet=\"false\" data-link=\"#ozellik\" data-title=\"Change this\"><a name=\"ozellik\"><\/a><\/span>\n\n<div class=\"row\"  id=\"row-22205368\">\n\n\n\t<div id=\"col-838581330\" class=\"col medium-6 small-12 large-6\"  >\n\t\t\t\t<div class=\"col-inner\"  >\n\t\t\t\n\t\t\t\n\n<h3>Usage Advice<\/h3>\n<p>Veteriner hekim taraf\u0131ndan ba\u015fka bir \u015fekilde \u00f6nerilmediyse, tedaviye destek olmak amac\u0131yla k\u00f6peklerde her 20 kg canl\u0131 a\u011f\u0131rl\u0131k i\u00e7in 1 paket\/g\u00fcn direkt a\u011f\u0131z yolu ile veya mamaya kar\u0131\u015ft\u0131r\u0131larak d\u00fczenli olarak kullan\u0131lmal\u0131d\u0131r.<\/p>\n<h4><strong>Active Ingredients \/ 1 Pack, 10 g<\/strong><\/h4>\n<p>(13.2.8) Glucosamine sulfate: 1000 mg\u00a0<br \/>(3a671) D3 Vitamini:                                        \n  1000 IU <br \/>(3a300) Vitamin C (Ascorbic Acid): 300 mg <br \/>(13.12.2) Chondroitin sulfate: 400 mg <br \/>(13.9.1) Methylsulfonylmethane (MSM): 200 mg <br \/>(3b201) Magnesium (citrate): \u00a0 \u00a0 \u00a0 \u00a0 \u00a0 \u00a0 \u00a0 \u00a0 \u00a0 \u00a0 \u00a0 \u00a0 \u00a0 \u00a0 \u00a0 10 mg<\/p>\n<h3>Inactive Content<\/h3>\n<p>(1.1.18) S\u0131v\u0131 malt ekstresi (arpa), (13.3.6) Maltodekstrin, (E414) Arabik gum, (E466) Karboksilmetil sel\u00fcloz, (E422) Gliserin, (2.20.1) Bitkisel s\u0131v\u0131 ve kat\u0131 ya\u011flar, (E202) Potasyum sorbat, (1a700) Sodyum Benzoat, (1c322i) S\u0131v\u0131 lesitin, (2b) Do\u011fayla \u00f6zde\u015f ci\u011fer aromas\u0131 Nem \/ en \u00e7ok: %35<\/p>\n\n\t\t<\/div>\n\t\t\t\t\t<\/div>\n\n\t\n\n\t<div id=\"col-1037094593\" class=\"col medium-6 small-12 large-6\"  >\n\t\t\t\t<div class=\"col-inner text-center\"  >\n\t\t\t\n\t\t\t\n\n\t<div class=\"img has-hover x md-x lg-x y md-y lg-y\" id=\"image_1136882678\">\n\t\t\t\t\t\t\t\t<div class=\"img-inner dark\" >\n\t\t\t<img loading=\"lazy\" decoding=\"async\" width=\"4000\" height=\"5378\" src=\"https:\/\/vetnacare.com\/wp-content\/uploads\/2024\/04\/HIPJOINT-PLUS-FRONT-BACK.png\" class=\"attachment-original size-original\" alt=\"\" srcset=\"https:\/\/vetnacare.com\/wp-content\/uploads\/2024\/04\/HIPJOINT-PLUS-FRONT-BACK.png 4000w, https:\/\/vetnacare.com\/wp-content\/uploads\/2024\/04\/HIPJOINT-PLUS-FRONT-BACK-223x300.png 223w, https:\/\/vetnacare.com\/wp-content\/uploads\/2024\/04\/HIPJOINT-PLUS-FRONT-BACK-762x1024.png 762w, https:\/\/vetnacare.com\/wp-content\/uploads\/2024\/04\/HIPJOINT-PLUS-FRONT-BACK-768x1033.png 768w, https:\/\/vetnacare.com\/wp-content\/uploads\/2024\/04\/HIPJOINT-PLUS-FRONT-BACK-1142x1536.png 1142w, https:\/\/vetnacare.com\/wp-content\/uploads\/2024\/04\/HIPJOINT-PLUS-FRONT-BACK-1523x2048.png 1523w, https:\/\/vetnacare.com\/wp-content\/uploads\/2024\/04\/HIPJOINT-PLUS-FRONT-BACK-9x12.png 9w\" sizes=\"auto, (max-width: 4000px) 100vw, 4000px\" \/>\t\t\t\t\t\t\n\t\t\t\t\t<\/div>\n\t\t\t\t\t\t\t\t\n<style>\n#image_1136882678 {\n  width: 76%;\n}\n<\/style>\n\t<\/div>\n\t\n\n\n\t\t<\/div>\n\t\t\t\t\t<\/div>\n\n\t\n\n<\/div>\n\n\t\t<\/div>\n\n\t\t\n<style>\n#section_912744035 {\n  padding-top: 30px;\n  padding-bottom: 30px;\n}\n#section_912744035 .ux-shape-divider--top svg {\n  height: 150px;\n  --divider-top-width: 100%;\n}\n#section_912744035 .ux-shape-divider--bottom svg {\n  height: 150px;\n  --divider-width: 100%;\n}\n<\/style>\n\t<\/section>","protected":false},"excerpt":{"rendered":"","protected":false},"author":2,"featured_media":0,"parent":0,"menu_order":0,"comment_status":"closed","ping_status":"closed","template":"page-blank.php","meta":{"footnotes":""},"class_list":["post-484","page","type-page","status-publish","hentry"],"_links":{"self":[{"href":"https:\/\/vetnacare.com\/en\/wp-json\/wp\/v2\/pages\/484","targetHints":{"allow":["GET"]}}],"collection":[{"href":"https:\/\/vetnacare.com\/en\/wp-json\/wp\/v2\/pages"}],"about":[{"href":"https:\/\/vetnacare.com\/en\/wp-json\/wp\/v2\/types\/page"}],"author":[{"embeddable":true,"href":"https:\/\/vetnacare.com\/en\/wp-json\/wp\/v2\/users\/2"}],"replies":[{"embeddable":true,"href":"https:\/\/vetnacare.com\/en\/wp-json\/wp\/v2\/comments?post=484"}],"version-history":[{"count":15,"href":"https:\/\/vetnacare.com\/en\/wp-json\/wp\/v2\/pages\/484\/revisions"}],"predecessor-version":[{"id":1183,"href":"https:\/\/vetnacare.com\/en\/wp-json\/wp\/v2\/pages\/484\/revisions\/1183"}],"wp:attachment":[{"href":"https:\/\/vetnacare.com\/en\/wp-json\/wp\/v2\/media?parent=484"}],"curies":[{"name":"wp","href":"https:\/\/api.w.org\/{rel}","templated":true}]}}