{"id":487,"date":"2023-02-22T12:25:18","date_gmt":"2023-02-22T12:25:18","guid":{"rendered":"https:\/\/vetnacare.com\/?page_id=487"},"modified":"2025-01-29T05:50:31","modified_gmt":"2025-01-29T05:50:31","slug":"vetnavit-maxi-multiplus","status":"publish","type":"page","link":"https:\/\/vetnacare.com\/en\/vetnavit-maxi-multiplus\/","title":{"rendered":"VetNaVit MAX\u0130 MultiPlus"},"content":{"rendered":"<section class=\"section\" id=\"section_1985534736\">\n\t\t<div class=\"bg section-bg fill bg-fill bg-loaded bg-loaded\" >\n\n\t\t\t\n\t\t\t\n\t\t\t\n\n\t\t<\/div>\n\n\t\t\n\t<div class=\"ux-shape-divider ux-shape-divider--bottom ux-shape-divider--style-waves-opacity\">\n\t\t<svg viewbox=\"0 0 1000 300\" xmlns=\"http:\/\/www.w3.org\/2000\/svg\" preserveaspectratio=\"none\">\n    <path class=\"ux-shape-fill\" d=\"M0 300L-1 69.71C216 57 299.47 198.86 403 226C506 253 577 196 660 197C740 198 790.09 234.07 874 267C935.23 291 982 282.61 1000 277.61V300H0Z\"\/>\n    <path class=\"ux-shape-fill\" opacity=\"0.5\" d=\"M1 265.094L0 50.5C217 37.79 300.47 186.36 404 213.5C507 240.5 578 196.5 661 197.5C741 198.5 787.59 239.57 871.5 272.5C932.73 296.5 980.5 284.5 998.5 279.5V298.5L1 265.094Z\"\/>\n    <path class=\"ux-shape-fill\" opacity=\"0.15\" d=\"M0.999878 244.094L-0.00012207 27C217 14.29 300.47 173.86 404 201C507 228 578 196 661 197C741 198 787.59 243.07 871.5 276C932.73 300 980.5 284.5 998.5 279.5V299L0.999878 244.094Z\"\/>\n<\/svg>\n\n\t<\/div>\n\n\t\t<div class=\"section-content relative\">\n\t\t\t\n\n\t<div id=\"gap-1891144790\" class=\"gap-element clearfix\" style=\"display:block; height:auto;\">\n\t\t\n<style>\n#gap-1891144790 {\n  padding-top: 45px;\n}\n<\/style>\n\t<\/div>\n\t\n\n<div class=\"row row-collapse row-full-width align-middle\"  id=\"row-2142463625\">\n\n\n\t<div id=\"col-891145782\" class=\"col medium-6 small-12 large-6\"  >\n\t\t\t\t<div class=\"col-inner text-center\"  >\n\t\t\t\n\t<div class=\"is-border\"\n\t\tstyle=\"border-width:0px 0px 0px 0px;\">\n\t<\/div>\n\t\t\t\n\n\t<div class=\"img has-hover x md-x lg-x y md-y lg-y\" id=\"image_1017336127\">\n\t\t\t\t\t\t\t\t<div class=\"img-inner dark\" >\n\t\t\t<img loading=\"lazy\" decoding=\"async\" width=\"1000\" height=\"1000\" src=\"https:\/\/vetnacare.com\/wp-content\/uploads\/2024\/04\/MultiPlus-Maxi-2024-KUTU.png\" class=\"attachment-original size-original\" alt=\"\" srcset=\"https:\/\/vetnacare.com\/wp-content\/uploads\/2024\/04\/MultiPlus-Maxi-2024-KUTU.png 1000w, https:\/\/vetnacare.com\/wp-content\/uploads\/2024\/04\/MultiPlus-Maxi-2024-KUTU-300x300.png 300w, https:\/\/vetnacare.com\/wp-content\/uploads\/2024\/04\/MultiPlus-Maxi-2024-KUTU-150x150.png 150w, https:\/\/vetnacare.com\/wp-content\/uploads\/2024\/04\/MultiPlus-Maxi-2024-KUTU-768x768.png 768w, https:\/\/vetnacare.com\/wp-content\/uploads\/2024\/04\/MultiPlus-Maxi-2024-KUTU-12x12.png 12w\" sizes=\"auto, (max-width: 1000px) 100vw, 1000px\" \/>\t\t\t\t\t\t\n\t\t\t\t\t<\/div>\n\t\t\t\t\t\t\t\t\n<style>\n#image_1017336127 {\n  width: 65%;\n}\n<\/style>\n\t<\/div>\n\t\n\n\n\t\t<\/div>\n\t\t\t\t\t<\/div>\n\n\t\n\n\t<div id=\"col-1205003045\" class=\"col medium-5 small-12 large-5\"  >\n\t\t\t\t<div class=\"col-inner\"  >\n\t\t\t\n\t<div class=\"is-border\"\n\t\tstyle=\"border-width:0px 0px 0px 0px;\">\n\t<\/div>\n\t\t\t\n\n\t<div id=\"text-1965816022\" class=\"text\">\n\t\t\n\n<p>Vitamin Mineral and Amino Acid Support\u00a0<\/p>\n\t\t\n<style>\n#text-1965816022 {\n  font-size: 0.75rem;\n  line-height: 0.75;\n  color: rgb(148, 149, 153);\n}\n#text-1965816022 > * {\n  color: rgb(148, 149, 153);\n}\n<\/style>\n\t<\/div>\n\t\n\t<div id=\"text-113347347\" class=\"text\">\n\t\t\n\n<h2><strong>VetNaVit MAXI<br \/>MultiPlus<\/strong><\/h2>\n\t\t\n<style>\n#text-113347347 {\n  font-size: 1.35rem;\n  color: rgb(173, 190, 75);\n}\n#text-113347347 > * {\n  color: rgb(173, 190, 75);\n}\n<\/style>\n\t<\/div>\n\t\n\t<div id=\"text-1441133035\" class=\"text\">\n\t\t\n\n<p><strong>VetNaVit MultiPlus Maxi,<\/strong> k\u00f6peklerin geli\u015fimini destekleyen vitamin, mineral ve aminoasit kar\u0131\u015f\u0131m\u0131d\u0131r. VetNaVit MultiPlus t\u00fcm ya\u015f grubundaki kedi ve k\u00f6peklerin t\u00fcy yap\u0131s\u0131n\u0131, sindirim sistemini, ba\u011f\u0131\u015f\u0131kl\u0131k sistemini ve di\u011fer organ fonksiyonlar\u0131n\u0131 destekler.<\/p>\n\t\t\n<style>\n#text-1441133035 {\n  font-size: 1.05rem;\n  text-align: left;\n}\n<\/style>\n\t<\/div>\n\t\n<a href=\"#ozellik\" target=\"_self\" class=\"button primary\"  style=\"border-radius:10px;\">\n    <span>See features<\/span>\n  <\/a>\n\n\n\n\t\t<\/div>\n\t\t\t\t\t<\/div>\n\n\t\n\n<\/div>\n\t<div id=\"gap-510522627\" class=\"gap-element clearfix\" style=\"display:block; height:auto;\">\n\t\t\n<style>\n#gap-510522627 {\n  padding-top: 30px;\n}\n<\/style>\n\t<\/div>\n\t\n\n<span class=\"scroll-to\" data-label=\"Scroll to: #ozellik\" data-bullet=\"false\" data-link=\"#ozellik\" data-title=\"Change this\"><a name=\"ozellik\"><\/a><\/span>\n\n\n\t\t<\/div>\n\n\t\t\n<style>\n#section_1985534736 {\n  padding-top: 0px;\n  padding-bottom: 0px;\n  background-color: rgb(243, 238, 227);\n}\n#section_1985534736 .ux-shape-divider--top svg {\n  height: 150px;\n  --divider-top-width: 100%;\n}\n#section_1985534736 .ux-shape-divider--bottom svg {\n  height: 150px;\n  --divider-width: 168%;\n}\n<\/style>\n\t<\/section>\n\t\n\t<section class=\"section\" id=\"section_1496211467\">\n\t\t<div class=\"bg section-bg fill bg-fill bg-loaded bg-loaded\" >\n\n\t\t\t\n\t\t\t\n\t\t\t\n\n\t\t<\/div>\n\n\t\t\n\n\t\t<div class=\"section-content relative\">\n\t\t\t\n\n<div class=\"row\"  id=\"row-1604599078\">\n\n\n\t<div id=\"col-366271589\" class=\"col medium-6 small-12 large-6\"  >\n\t\t\t\t<div class=\"col-inner\"  >\n\t\t\t\n\t\t\t\n\n<h3>Usage Advice<\/h3>\n<p>Unless recommended otherwise by the veterinarian, 1 pack\/day for every 20 kg body weight in dogs should be used directly orally or mixed with food regularly to support the treatment.<\/p>\n<h4><strong>Aktif \u0130\u00e7erik\/1 paket, 10 g<\/strong><\/h4>\n<p>(3a700) <strong>E Vitamini<\/strong>: 30 mg<\/p>\n<p>(3a841) <strong>Kalsiyum D &#8211; Pantotenat<\/strong>: 30 mg<\/p>\n<p>(3a315) <strong>Nikotinik Asit<\/strong>: 35 mg<\/p>\n<p>(3a820) <strong>Tiamin Hidroklor\u00fcr (B1 Vitamini)<\/strong>: 36 mg<\/p>\n<p>(3a831) <strong>Piridoksin Hidroklor\u00fcr (B6 Vitamini)<\/strong>: 25 mg<\/p>\n<p>(3a672) <strong>A Vitamini<\/strong>: 120 IU<\/p>\n<p>(3a826) <strong>Riboflavin (B2 Vitamini)<\/strong>: 10 mg<\/p>\n<p>(3a316) <strong>Folik Asit<\/strong>: 4 mg<\/p>\n<p>(3a671) <strong>D\u2083 Vitamini<\/strong>: 200 IU<\/p>\n<p>(3a880) <strong>Biotin<\/strong>: 0,5 mg<\/p>\n<p>(3b503) <strong>Mangan S\u00fclfat Monohidrat<\/strong>: 30 mg<\/p>\n<p>(3b201) <strong>Potasyum \u0130yod\u00fcr<\/strong>: 1,3 mg<\/p>\n<p>(E4) <strong>Bak\u0131r S\u00fclfat Pentahidrat<\/strong>: 0,40 mg<\/p>\n<p>(3b801) <strong>Sodyum Selenit<\/strong>: 0,03 mg<\/p>\n<p>(3c3.6.1) <strong>L-Arjinin<\/strong>: 6 mg<\/p>\n<p>(2b620) <strong>L-Glutamin<\/strong>: 4 mg<\/p>\n<h3>Inactive Content<\/h3>\n<p>(1.1.18) <strong>Malt ekstrakt\u0131<\/strong>, (13.3.6) <strong>Maltodekstrin<\/strong>, (E414) <strong>Arabik gum<\/strong>, (E466) <strong>Karboksimetil sel\u00fcloz<\/strong>, (E422) <strong>Gliserin<\/strong>, <strong>Hindistan cevizi ya\u011f\u0131<\/strong>, <strong>Ay\u00e7i\u00e7ek ya\u011f\u0131<\/strong>, (E202) <strong>Potasyum sorbat<\/strong>, (1a700) <strong>Sodyum benzoat<\/strong>, <strong>Su<\/strong>, (2b) <strong>Do\u011fayla \u00f6zde\u015f ci\u011fer aromas\u0131<\/strong><\/p>\n\n\t\t<\/div>\n\t\t\t\t\t<\/div>\n\n\t\n\n\t<div id=\"col-1726823076\" class=\"col medium-6 small-12 large-6\"  >\n\t\t\t\t<div class=\"col-inner text-right\"  >\n\t\t\t\n\t\t\t\n\n\t<div class=\"img has-hover x md-x lg-x y md-y lg-y\" id=\"image_367145458\">\n\t\t\t\t\t\t\t\t<div class=\"img-inner dark\" >\n\t\t\t<img loading=\"lazy\" decoding=\"async\" width=\"4000\" height=\"5378\" src=\"https:\/\/vetnacare.com\/wp-content\/uploads\/2024\/04\/MULTIPLUS-FRONT-BACK.png\" class=\"attachment-original size-original\" alt=\"\" srcset=\"https:\/\/vetnacare.com\/wp-content\/uploads\/2024\/04\/MULTIPLUS-FRONT-BACK.png 4000w, https:\/\/vetnacare.com\/wp-content\/uploads\/2024\/04\/MULTIPLUS-FRONT-BACK-223x300.png 223w, https:\/\/vetnacare.com\/wp-content\/uploads\/2024\/04\/MULTIPLUS-FRONT-BACK-762x1024.png 762w, https:\/\/vetnacare.com\/wp-content\/uploads\/2024\/04\/MULTIPLUS-FRONT-BACK-768x1033.png 768w, https:\/\/vetnacare.com\/wp-content\/uploads\/2024\/04\/MULTIPLUS-FRONT-BACK-1142x1536.png 1142w, https:\/\/vetnacare.com\/wp-content\/uploads\/2024\/04\/MULTIPLUS-FRONT-BACK-1523x2048.png 1523w, https:\/\/vetnacare.com\/wp-content\/uploads\/2024\/04\/MULTIPLUS-FRONT-BACK-9x12.png 9w\" sizes=\"auto, (max-width: 4000px) 100vw, 4000px\" \/>\t\t\t\t\t\t\n\t\t\t\t\t<\/div>\n\t\t\t\t\t\t\t\t\n<style>\n#image_367145458 {\n  width: 90%;\n}\n<\/style>\n\t<\/div>\n\t\n\n\n\t\t<\/div>\n\t\t\t\t\t<\/div>\n\n\t\n\n<\/div>\n\n\t\t<\/div>\n\n\t\t\n<style>\n#section_1496211467 {\n  padding-top: 30px;\n  padding-bottom: 30px;\n}\n#section_1496211467 .ux-shape-divider--top svg {\n  height: 150px;\n  --divider-top-width: 100%;\n}\n#section_1496211467 .ux-shape-divider--bottom svg {\n  height: 150px;\n  --divider-width: 100%;\n}\n<\/style>\n\t<\/section>","protected":false},"excerpt":{"rendered":"","protected":false},"author":2,"featured_media":0,"parent":0,"menu_order":0,"comment_status":"closed","ping_status":"closed","template":"page-blank.php","meta":{"footnotes":""},"class_list":["post-487","page","type-page","status-publish","hentry"],"_links":{"self":[{"href":"https:\/\/vetnacare.com\/en\/wp-json\/wp\/v2\/pages\/487","targetHints":{"allow":["GET"]}}],"collection":[{"href":"https:\/\/vetnacare.com\/en\/wp-json\/wp\/v2\/pages"}],"about":[{"href":"https:\/\/vetnacare.com\/en\/wp-json\/wp\/v2\/types\/page"}],"author":[{"embeddable":true,"href":"https:\/\/vetnacare.com\/en\/wp-json\/wp\/v2\/users\/2"}],"replies":[{"embeddable":true,"href":"https:\/\/vetnacare.com\/en\/wp-json\/wp\/v2\/comments?post=487"}],"version-history":[{"count":12,"href":"https:\/\/vetnacare.com\/en\/wp-json\/wp\/v2\/pages\/487\/revisions"}],"predecessor-version":[{"id":1184,"href":"https:\/\/vetnacare.com\/en\/wp-json\/wp\/v2\/pages\/487\/revisions\/1184"}],"wp:attachment":[{"href":"https:\/\/vetnacare.com\/en\/wp-json\/wp\/v2\/media?parent=487"}],"curies":[{"name":"wp","href":"https:\/\/api.w.org\/{rel}","templated":true}]}}