{"id":526,"date":"2023-02-23T07:11:02","date_gmt":"2023-02-23T07:11:02","guid":{"rendered":"https:\/\/vetnacare.com\/?page_id=526"},"modified":"2025-02-11T11:12:26","modified_gmt":"2025-02-11T11:12:26","slug":"vetnavit-catmalt","status":"publish","type":"page","link":"https:\/\/vetnacare.com\/en\/vetnavit-catmalt\/","title":{"rendered":"VetNaVit CatMalt"},"content":{"rendered":"<section class=\"section\" id=\"section_189257229\">\n\t\t<div class=\"bg section-bg fill bg-fill bg-loaded bg-loaded\" >\n\n\t\t\t\n\t\t\t\n\t\t\t\n\n\t\t<\/div>\n\n\t\t\n\t<div class=\"ux-shape-divider ux-shape-divider--bottom ux-shape-divider--style-waves-opacity\">\n\t\t<svg viewbox=\"0 0 1000 300\" xmlns=\"http:\/\/www.w3.org\/2000\/svg\" preserveaspectratio=\"none\">\n    <path class=\"ux-shape-fill\" d=\"M0 300L-1 69.71C216 57 299.47 198.86 403 226C506 253 577 196 660 197C740 198 790.09 234.07 874 267C935.23 291 982 282.61 1000 277.61V300H0Z\"\/>\n    <path class=\"ux-shape-fill\" opacity=\"0.5\" d=\"M1 265.094L0 50.5C217 37.79 300.47 186.36 404 213.5C507 240.5 578 196.5 661 197.5C741 198.5 787.59 239.57 871.5 272.5C932.73 296.5 980.5 284.5 998.5 279.5V298.5L1 265.094Z\"\/>\n    <path class=\"ux-shape-fill\" opacity=\"0.15\" d=\"M0.999878 244.094L-0.00012207 27C217 14.29 300.47 173.86 404 201C507 228 578 196 661 197C741 198 787.59 243.07 871.5 276C932.73 300 980.5 284.5 998.5 279.5V299L0.999878 244.094Z\"\/>\n<\/svg>\n\n\t<\/div>\n\n\t\t<div class=\"section-content relative\">\n\t\t\t\n\n\t<div id=\"gap-1655318342\" class=\"gap-element clearfix\" style=\"display:block; height:auto;\">\n\t\t\n<style>\n#gap-1655318342 {\n  padding-top: 75px;\n}\n<\/style>\n\t<\/div>\n\t\n\n<div class=\"row row-collapse row-full-width align-middle\"  id=\"row-1470702022\">\n\n\n\t<div id=\"col-2045004495\" class=\"col medium-6 small-12 large-6\"  >\n\t\t\t\t<div class=\"col-inner text-center\"  >\n\t\t\t\n\t<div class=\"is-border\"\n\t\tstyle=\"border-width:0px 0px 0px 0px;\">\n\t<\/div>\n\t\t\t\n\n\t<div class=\"img has-hover x md-x lg-x y md-y lg-y\" id=\"image_1084916768\">\n\t\t\t\t\t\t\t\t<div class=\"img-inner dark\" >\n\t\t\t<img loading=\"lazy\" decoding=\"async\" width=\"1667\" height=\"1667\" src=\"https:\/\/vetnacare.com\/wp-content\/uploads\/2024\/04\/catmalt-vetnavit.png\" class=\"attachment-original size-original\" alt=\"\" srcset=\"https:\/\/vetnacare.com\/wp-content\/uploads\/2024\/04\/catmalt-vetnavit.png 1667w, https:\/\/vetnacare.com\/wp-content\/uploads\/2024\/04\/catmalt-vetnavit-300x300.png 300w, https:\/\/vetnacare.com\/wp-content\/uploads\/2024\/04\/catmalt-vetnavit-1024x1024.png 1024w, https:\/\/vetnacare.com\/wp-content\/uploads\/2024\/04\/catmalt-vetnavit-150x150.png 150w, https:\/\/vetnacare.com\/wp-content\/uploads\/2024\/04\/catmalt-vetnavit-768x768.png 768w, https:\/\/vetnacare.com\/wp-content\/uploads\/2024\/04\/catmalt-vetnavit-1536x1536.png 1536w, https:\/\/vetnacare.com\/wp-content\/uploads\/2024\/04\/catmalt-vetnavit-12x12.png 12w\" sizes=\"auto, (max-width: 1667px) 100vw, 1667px\" \/>\t\t\t\t\t\t\n\t\t\t\t\t<\/div>\n\t\t\t\t\t\t\t\t\n<style>\n#image_1084916768 {\n  width: 72%;\n}\n<\/style>\n\t<\/div>\n\t\n\n\n\t\t<\/div>\n\t\t\t\t\t<\/div>\n\n\t\n\n\t<div id=\"col-1139164809\" class=\"col medium-4 small-12 large-4\"  >\n\t\t\t\t<div class=\"col-inner\"  >\n\t\t\t\n\t<div class=\"is-border\"\n\t\tstyle=\"border-width:0px 0px 0px 0px;\">\n\t<\/div>\n\t\t\t\n\n\t<div id=\"text-117161530\" class=\"text\">\n\t\t\n\n<p>Hairball Preventer<\/p>\n\t\t\n<style>\n#text-117161530 {\n  font-size: 0.75rem;\n  line-height: 0.75;\n  color: rgb(148, 149, 153);\n}\n#text-117161530 > * {\n  color: rgb(148, 149, 153);\n}\n<\/style>\n\t<\/div>\n\t\n\t<div id=\"text-3394495596\" class=\"text\">\n\t\t\n\n<h2><strong>VetNaVit CatMalt<\/strong><\/h2>\n\t\t\n<style>\n#text-3394495596 {\n  font-size: 1.35rem;\n  color: rgb(121, 169, 144);\n}\n#text-3394495596 > * {\n  color: rgb(121, 169, 144);\n}\n<\/style>\n\t<\/div>\n\t\n\t<div id=\"text-3309634683\" class=\"text\">\n\t\t\n\n<p><strong>VetNaVit CatMalt<\/strong>It is specially formulated to prevent the formation of hairballs in cats and to help their excretion. Thanks to the natural mixture in the VetnaVit CatMalt formula, it provides maximum effect for swallowed hair and other foreign objects to completely pass through the gastrointestinal tract. In addition, thanks to its natural content, it supports the digestive system and helps to reduce the possible formation of hairballs.<\/p>\n\t\t\n<style>\n#text-3309634683 {\n  font-size: 1.05rem;\n  text-align: left;\n}\n<\/style>\n\t<\/div>\n\t\n<a href=\"#ozellik\" target=\"_self\" class=\"button primary\"  style=\"border-radius:10px;\">\n    <span>See features<\/span>\n  <\/a>\n\n\n\n\t\t<\/div>\n\t\t\t\t\t<\/div>\n\n\t\n\n<\/div>\n\t<div id=\"gap-427051350\" class=\"gap-element clearfix\" style=\"display:block; height:auto;\">\n\t\t\n<style>\n#gap-427051350 {\n  padding-top: 30px;\n}\n<\/style>\n\t<\/div>\n\t\n\n<span class=\"scroll-to\" data-label=\"Scroll to: #ozellik\" data-bullet=\"false\" data-link=\"#ozellik\" data-title=\"Change this\"><a name=\"ozellik\"><\/a><\/span>\n\n\n\t\t<\/div>\n\n\t\t\n<style>\n#section_189257229 {\n  padding-top: 0px;\n  padding-bottom: 0px;\n  background-color: rgb(243, 238, 227);\n}\n#section_189257229 .ux-shape-divider--top svg {\n  height: 150px;\n  --divider-top-width: 100%;\n}\n#section_189257229 .ux-shape-divider--bottom svg {\n  height: 150px;\n  --divider-width: 100%;\n}\n<\/style>\n\t<\/section>\n\t\n\t<section class=\"section\" id=\"section_28003473\">\n\t\t<div class=\"bg section-bg fill bg-fill bg-loaded bg-loaded\" >\n\n\t\t\t\n\t\t\t\n\t\t\t\n\n\t\t<\/div>\n\n\t\t\n\n\t\t<div class=\"section-content relative\">\n\t\t\t\n\n<div class=\"row\"  id=\"row-2062118957\">\n\n\n\t<div id=\"col-611653261\" class=\"col medium-6 small-12 large-6\"  >\n\t\t\t\t<div class=\"col-inner\"  >\n\t\t\t\n\t\t\t\n\n<h3>Usage Advice<\/h3>\n<p>Unless recommended otherwise by the veterinarian, 1 pack\/day should be used directly orally or mixed with food regularly to support the treatment.<\/p>\n<h4><strong>Active Ingredients \/ 1 Pack, 3 g<\/strong><\/h4>\n<p>(3a820) Tiyamin (Vit B1)<br \/>(2.20.1) S\u0131v\u0131 ve Kat\u0131 Ya\u011flar<\/p>\n<h3>Inactive Content<\/h3>\n<p>(1.1.18) S\u0131v\u0131 Malt Ekstrakt\u0131 (Arpa), (1c322i) S\u0131v\u0131 Lesitin, (E414) Arabik Gum; (E422) Gliserin, (2b) Do\u011fayla \u00d6zde\u015f Ci\u011fer Aromas\u0131, (E202) Potasyum Sorbat, (1a700) Sodyum Benzoat Nem \/ En \u00c7ok : % 35<\/p>\n\n\t\t<\/div>\n\t\t\t\t\t<\/div>\n\n\t\n\n\t<div id=\"col-703497477\" class=\"col medium-6 small-12 large-6\"  >\n\t\t\t\t<div class=\"col-inner\"  >\n\t\t\t\n\t\t\t\n\n\t<div class=\"img has-hover x md-x lg-x y md-y lg-y\" id=\"image_181208219\">\n\t\t\t\t\t\t\t\t<div class=\"img-inner dark\" >\n\t\t\t<img loading=\"lazy\" decoding=\"async\" width=\"4000\" height=\"4000\" src=\"https:\/\/vetnacare.com\/wp-content\/uploads\/2024\/04\/catMalt-stick.png\" class=\"attachment-original size-original\" alt=\"\" srcset=\"https:\/\/vetnacare.com\/wp-content\/uploads\/2024\/04\/catMalt-stick.png 4000w, https:\/\/vetnacare.com\/wp-content\/uploads\/2024\/04\/catMalt-stick-300x300.png 300w, https:\/\/vetnacare.com\/wp-content\/uploads\/2024\/04\/catMalt-stick-1024x1024.png 1024w, https:\/\/vetnacare.com\/wp-content\/uploads\/2024\/04\/catMalt-stick-150x150.png 150w, https:\/\/vetnacare.com\/wp-content\/uploads\/2024\/04\/catMalt-stick-768x768.png 768w, https:\/\/vetnacare.com\/wp-content\/uploads\/2024\/04\/catMalt-stick-1536x1536.png 1536w, https:\/\/vetnacare.com\/wp-content\/uploads\/2024\/04\/catMalt-stick-2048x2048.png 2048w, https:\/\/vetnacare.com\/wp-content\/uploads\/2024\/04\/catMalt-stick-12x12.png 12w\" sizes=\"auto, (max-width: 4000px) 100vw, 4000px\" \/>\t\t\t\t\t\t\n\t\t\t\t\t<\/div>\n\t\t\t\t\t\t\t\t\n<style>\n#image_181208219 {\n  width: 100%;\n}\n<\/style>\n\t<\/div>\n\t\n\n\n\t\t<\/div>\n\t\t\t\t\t<\/div>\n\n\t\n\n<\/div>\n\n\t\t<\/div>\n\n\t\t\n<style>\n#section_28003473 {\n  padding-top: 30px;\n  padding-bottom: 30px;\n}\n#section_28003473 .ux-shape-divider--top svg {\n  height: 150px;\n  --divider-top-width: 100%;\n}\n#section_28003473 .ux-shape-divider--bottom svg {\n  height: 150px;\n  --divider-width: 100%;\n}\n<\/style>\n\t<\/section>","protected":false},"excerpt":{"rendered":"","protected":false},"author":1,"featured_media":0,"parent":0,"menu_order":0,"comment_status":"closed","ping_status":"closed","template":"page-blank.php","meta":{"footnotes":""},"class_list":["post-526","page","type-page","status-publish","hentry"],"_links":{"self":[{"href":"https:\/\/vetnacare.com\/en\/wp-json\/wp\/v2\/pages\/526","targetHints":{"allow":["GET"]}}],"collection":[{"href":"https:\/\/vetnacare.com\/en\/wp-json\/wp\/v2\/pages"}],"about":[{"href":"https:\/\/vetnacare.com\/en\/wp-json\/wp\/v2\/types\/page"}],"author":[{"embeddable":true,"href":"https:\/\/vetnacare.com\/en\/wp-json\/wp\/v2\/users\/1"}],"replies":[{"embeddable":true,"href":"https:\/\/vetnacare.com\/en\/wp-json\/wp\/v2\/comments?post=526"}],"version-history":[{"count":13,"href":"https:\/\/vetnacare.com\/en\/wp-json\/wp\/v2\/pages\/526\/revisions"}],"predecessor-version":[{"id":1187,"href":"https:\/\/vetnacare.com\/en\/wp-json\/wp\/v2\/pages\/526\/revisions\/1187"}],"wp:attachment":[{"href":"https:\/\/vetnacare.com\/en\/wp-json\/wp\/v2\/media?parent=526"}],"curies":[{"name":"wp","href":"https:\/\/api.w.org\/{rel}","templated":true}]}}