{"id":530,"date":"2023-02-23T07:24:50","date_gmt":"2023-02-23T07:24:50","guid":{"rendered":"https:\/\/vetnacare.com\/?page_id=530"},"modified":"2025-02-19T10:06:47","modified_gmt":"2025-02-19T10:06:47","slug":"vetnavit-biozinc-plus","status":"publish","type":"page","link":"https:\/\/vetnacare.com\/en\/vetnavit-biozinc-plus\/","title":{"rendered":"VetNaVit BioZinc Plus"},"content":{"rendered":"<section class=\"section\" id=\"section_2005908803\">\n\t\t<div class=\"bg section-bg fill bg-fill bg-loaded bg-loaded\" >\n\n\t\t\t\n\t\t\t\n\t\t\t\n\n\t\t<\/div>\n\n\t\t\n\t<div class=\"ux-shape-divider ux-shape-divider--bottom ux-shape-divider--style-waves-opacity\">\n\t\t<svg viewbox=\"0 0 1000 300\" xmlns=\"http:\/\/www.w3.org\/2000\/svg\" preserveaspectratio=\"none\">\n    <path class=\"ux-shape-fill\" d=\"M0 300L-1 69.71C216 57 299.47 198.86 403 226C506 253 577 196 660 197C740 198 790.09 234.07 874 267C935.23 291 982 282.61 1000 277.61V300H0Z\"\/>\n    <path class=\"ux-shape-fill\" opacity=\"0.5\" d=\"M1 265.094L0 50.5C217 37.79 300.47 186.36 404 213.5C507 240.5 578 196.5 661 197.5C741 198.5 787.59 239.57 871.5 272.5C932.73 296.5 980.5 284.5 998.5 279.5V298.5L1 265.094Z\"\/>\n    <path class=\"ux-shape-fill\" opacity=\"0.15\" d=\"M0.999878 244.094L-0.00012207 27C217 14.29 300.47 173.86 404 201C507 228 578 196 661 197C741 198 787.59 243.07 871.5 276C932.73 300 980.5 284.5 998.5 279.5V299L0.999878 244.094Z\"\/>\n<\/svg>\n\n\t<\/div>\n\n\t\t<div class=\"section-content relative\">\n\t\t\t\n\n\t<div id=\"gap-1077321136\" class=\"gap-element clearfix\" style=\"display:block; height:auto;\">\n\t\t\n<style>\n#gap-1077321136 {\n  padding-top: 75px;\n}\n<\/style>\n\t<\/div>\n\t\n\n<div class=\"row row-collapse row-full-width align-middle\"  id=\"row-412975498\">\n\n\n\t<div id=\"col-217063434\" class=\"col medium-6 small-12 large-6\"  >\n\t\t\t\t<div class=\"col-inner text-center\"  >\n\t\t\t\n\t<div class=\"is-border\"\n\t\tstyle=\"border-width:0px 0px 0px 0px;\">\n\t<\/div>\n\t\t\t\n\n\t<div class=\"img has-hover x md-x lg-x y md-y lg-y\" id=\"image_1209181963\">\n\t\t\t\t\t\t\t\t<div class=\"img-inner dark\" >\n\t\t\t<img loading=\"lazy\" decoding=\"async\" width=\"1667\" height=\"1667\" src=\"https:\/\/vetnacare.com\/wp-content\/uploads\/2024\/04\/biozincplus.png\" class=\"attachment-original size-original\" alt=\"\" srcset=\"https:\/\/vetnacare.com\/wp-content\/uploads\/2024\/04\/biozincplus.png 1667w, https:\/\/vetnacare.com\/wp-content\/uploads\/2024\/04\/biozincplus-300x300.png 300w, https:\/\/vetnacare.com\/wp-content\/uploads\/2024\/04\/biozincplus-1024x1024.png 1024w, https:\/\/vetnacare.com\/wp-content\/uploads\/2024\/04\/biozincplus-150x150.png 150w, https:\/\/vetnacare.com\/wp-content\/uploads\/2024\/04\/biozincplus-768x768.png 768w, https:\/\/vetnacare.com\/wp-content\/uploads\/2024\/04\/biozincplus-1536x1536.png 1536w, https:\/\/vetnacare.com\/wp-content\/uploads\/2024\/04\/biozincplus-12x12.png 12w\" sizes=\"auto, (max-width: 1667px) 100vw, 1667px\" \/>\t\t\t\t\t\t\n\t\t\t\t\t<\/div>\n\t\t\t\t\t\t\t\t\n<style>\n#image_1209181963 {\n  width: 72%;\n}\n<\/style>\n\t<\/div>\n\t\n\n\n\t\t<\/div>\n\t\t\t\t\t<\/div>\n\n\t\n\n\t<div id=\"col-1006050898\" class=\"col medium-4 small-12 large-4\"  >\n\t\t\t\t<div class=\"col-inner\"  >\n\t\t\t\n\t<div class=\"is-border\"\n\t\tstyle=\"border-width:0px 0px 0px 0px;\">\n\t<\/div>\n\t\t\t\n\n\t<div id=\"text-993521899\" class=\"text\">\n\t\t\n\n<p>Skin and Hair Care Support Containing Biotin, Zinc and DL-Methionine<\/p>\n\t\t\n<style>\n#text-993521899 {\n  font-size: 0.75rem;\n  line-height: 0.75;\n  color: rgb(148, 149, 153);\n}\n#text-993521899 > * {\n  color: rgb(148, 149, 153);\n}\n<\/style>\n\t<\/div>\n\t\n\t<div id=\"text-2488079572\" class=\"text\">\n\t\t\n\n<h2><strong>VetNaVit BioZinc Plus<\/strong><\/h2>\n\t\t\n<style>\n#text-2488079572 {\n  font-size: 1.35rem;\n  color: rgb(60, 147, 188);\n}\n#text-2488079572 > * {\n  color: rgb(60, 147, 188);\n}\n<\/style>\n\t<\/div>\n\t\n\t<div id=\"text-1608695352\" class=\"text\">\n\t\t\n\n<p><strong>VetNaVit BioZinc Plus<\/strong>Contains biotin, zinc Iglycine hydrate chelative DL-Methionine, which supports the skin and coat structure of cats and dogs. It has been specially formulated to help meet the biotin, zinc and DL-methionine needs of dogs. It supports the development of shiny hair and healthy skin.<\/p>\n\t\t\n<style>\n#text-1608695352 {\n  font-size: 1.05rem;\n  text-align: left;\n}\n<\/style>\n\t<\/div>\n\t\n<a href=\"#ozellik\" target=\"_self\" class=\"button primary\"  style=\"border-radius:10px;\">\n    <span>See features<\/span>\n  <\/a>\n\n\n\n\t\t<\/div>\n\t\t\t\t\t<\/div>\n\n\t\n\n<\/div>\n\t<div id=\"gap-820444081\" class=\"gap-element clearfix\" style=\"display:block; height:auto;\">\n\t\t\n<style>\n#gap-820444081 {\n  padding-top: 30px;\n}\n<\/style>\n\t<\/div>\n\t\n\n<span class=\"scroll-to\" data-label=\"Scroll to: #ozellik\" data-bullet=\"false\" data-link=\"#ozellik\" data-title=\"Change this\"><a name=\"ozellik\"><\/a><\/span>\n\n\n\t\t<\/div>\n\n\t\t\n<style>\n#section_2005908803 {\n  padding-top: 0px;\n  padding-bottom: 0px;\n  background-color: rgb(243, 238, 227);\n}\n#section_2005908803 .ux-shape-divider--top svg {\n  height: 150px;\n  --divider-top-width: 100%;\n}\n#section_2005908803 .ux-shape-divider--bottom svg {\n  height: 150px;\n  --divider-width: 100%;\n}\n<\/style>\n\t<\/section>\n\t\n\t<section class=\"section\" id=\"section_1759319755\">\n\t\t<div class=\"bg section-bg fill bg-fill bg-loaded bg-loaded\" >\n\n\t\t\t\n\t\t\t\n\t\t\t\n\n\t\t<\/div>\n\n\t\t\n\n\t\t<div class=\"section-content relative\">\n\t\t\t\n\n<div class=\"row\"  id=\"row-591390815\">\n\n\n\t<div id=\"col-1795497977\" class=\"col medium-6 small-12 large-6\"  >\n\t\t\t\t<div class=\"col-inner\"  >\n\t\t\t\n\t\t\t\n\n<h3>Usage Advice<\/h3>\n<p>Unless recommended otherwise by the veterinarian, 1 pack\/day for every 10 kg body weight in cats and dogs should be used directly orally or mixed with food regularly to support the treatment.<\/p>\n<h4><strong>Active Ingredients \/ 1 Pack, 5 g<\/strong><\/h4>\n<p><strong data-start=\"90\" data-end=\"101\">(3a880)<\/strong> Biyotin: <strong data-start=\"111\" data-end=\"119\">5 mg<br \/><\/strong><strong data-start=\"124\" data-end=\"135\">(3b607)<\/strong> \u00c7inko (E6 Glisin hidrat \u015felat\u0131): <strong data-start=\"169\" data-end=\"177\">8 mg<br \/><\/strong><strong data-start=\"182\" data-end=\"193\">(3c301)<\/strong> DL-Metiyonin: <strong data-start=\"208\" data-end=\"217\">20 mg<\/strong><\/p>\n<h3>Inactive Content<\/h3>\n<p><strong data-start=\"253\" data-end=\"265\">(1.1.18)<\/strong> S\u0131v\u0131 malt ekstresi (arpa)<br \/><strong data-start=\"296\" data-end=\"308\">(13.3.6)<\/strong> Maltodekstrin<br \/><strong data-start=\"327\" data-end=\"337\">(E414)<\/strong> Arabik gum<br \/><strong data-start=\"353\" data-end=\"363\">(E466)<\/strong> Karboksilmetil sel\u00fcloz<br \/><strong data-start=\"391\" data-end=\"401\">(E422)<\/strong> Gliserin<br \/><strong data-start=\"415\" data-end=\"427\">(2.20.1)<\/strong> Bitkisel s\u0131v\u0131 ve kat\u0131 ya\u011flar<br \/><strong data-start=\"461\" data-end=\"471\">(E202)<\/strong> Potasyum sorbat<br \/><strong data-start=\"492\" data-end=\"503\">(1a700)<\/strong> Sodyum Benzoat<br \/><strong data-start=\"523\" data-end=\"535\">(1c322i)<\/strong> S\u0131v\u0131 lesitin<br \/><strong data-start=\"553\" data-end=\"561\">(2b)<\/strong> Do\u011fayla \u00f6zde\u015f ci\u011fer aromas\u0131<\/p>\n\n\t\t<\/div>\n\t\t\t\t\t<\/div>\n\n\t\n\n\t<div id=\"col-824734960\" class=\"col medium-6 small-12 large-6\"  >\n\t\t\t\t<div class=\"col-inner\"  >\n\t\t\t\n\t\t\t\n\n\t<div class=\"img has-hover x md-x lg-x y md-y lg-y\" id=\"image_1486511422\">\n\t\t\t\t\t\t\t\t<div class=\"img-inner dark\" >\n\t\t\t<img loading=\"lazy\" decoding=\"async\" width=\"4000\" height=\"4000\" src=\"https:\/\/vetnacare.com\/wp-content\/uploads\/2024\/04\/biozincplus-stick.png\" class=\"attachment-original size-original\" alt=\"\" srcset=\"https:\/\/vetnacare.com\/wp-content\/uploads\/2024\/04\/biozincplus-stick.png 4000w, https:\/\/vetnacare.com\/wp-content\/uploads\/2024\/04\/biozincplus-stick-300x300.png 300w, https:\/\/vetnacare.com\/wp-content\/uploads\/2024\/04\/biozincplus-stick-1024x1024.png 1024w, https:\/\/vetnacare.com\/wp-content\/uploads\/2024\/04\/biozincplus-stick-150x150.png 150w, https:\/\/vetnacare.com\/wp-content\/uploads\/2024\/04\/biozincplus-stick-768x768.png 768w, https:\/\/vetnacare.com\/wp-content\/uploads\/2024\/04\/biozincplus-stick-1536x1536.png 1536w, https:\/\/vetnacare.com\/wp-content\/uploads\/2024\/04\/biozincplus-stick-2048x2048.png 2048w, https:\/\/vetnacare.com\/wp-content\/uploads\/2024\/04\/biozincplus-stick-12x12.png 12w\" sizes=\"auto, (max-width: 4000px) 100vw, 4000px\" \/>\t\t\t\t\t\t\n\t\t\t\t\t<\/div>\n\t\t\t\t\t\t\t\t\n<style>\n#image_1486511422 {\n  width: 100%;\n}\n<\/style>\n\t<\/div>\n\t\n\n\n\t\t<\/div>\n\t\t\t\t\t<\/div>\n\n\t\n\n<\/div>\n\n\t\t<\/div>\n\n\t\t\n<style>\n#section_1759319755 {\n  padding-top: 30px;\n  padding-bottom: 30px;\n}\n#section_1759319755 .ux-shape-divider--top svg {\n  height: 150px;\n  --divider-top-width: 100%;\n}\n#section_1759319755 .ux-shape-divider--bottom svg {\n  height: 150px;\n  --divider-width: 100%;\n}\n<\/style>\n\t<\/section>","protected":false},"excerpt":{"rendered":"","protected":false},"author":1,"featured_media":0,"parent":0,"menu_order":0,"comment_status":"closed","ping_status":"closed","template":"page-blank.php","meta":{"footnotes":""},"class_list":["post-530","page","type-page","status-publish","hentry"],"_links":{"self":[{"href":"https:\/\/vetnacare.com\/en\/wp-json\/wp\/v2\/pages\/530","targetHints":{"allow":["GET"]}}],"collection":[{"href":"https:\/\/vetnacare.com\/en\/wp-json\/wp\/v2\/pages"}],"about":[{"href":"https:\/\/vetnacare.com\/en\/wp-json\/wp\/v2\/types\/page"}],"author":[{"embeddable":true,"href":"https:\/\/vetnacare.com\/en\/wp-json\/wp\/v2\/users\/1"}],"replies":[{"embeddable":true,"href":"https:\/\/vetnacare.com\/en\/wp-json\/wp\/v2\/comments?post=530"}],"version-history":[{"count":13,"href":"https:\/\/vetnacare.com\/en\/wp-json\/wp\/v2\/pages\/530\/revisions"}],"predecessor-version":[{"id":1197,"href":"https:\/\/vetnacare.com\/en\/wp-json\/wp\/v2\/pages\/530\/revisions\/1197"}],"wp:attachment":[{"href":"https:\/\/vetnacare.com\/en\/wp-json\/wp\/v2\/media?parent=530"}],"curies":[{"name":"wp","href":"https:\/\/api.w.org\/{rel}","templated":true}]}}